{"id":9827,"date":"2024-07-26T13:05:15","date_gmt":"2024-07-26T13:05:15","guid":{"rendered":"https:\/\/c487eefeea.nxcli.io\/brazil\/?page_id=9827"},"modified":"2025-10-07T06:55:23","modified_gmt":"2025-10-07T06:55:23","slug":"promotions","status":"publish","type":"page","link":"https:\/\/energizer.com\/lat\/brasil\/promotions\/","title":{"rendered":"Promotions"},"content":{"rendered":"\t\t<div data-elementor-type=\"wp-page\" data-elementor-id=\"9827\" class=\"elementor elementor-9827\" data-elementor-post-type=\"page\">\n\t\t\t\t<div class=\"elementor-element elementor-element-687f029a e-flex e-con-boxed e-con e-parent\" data-id=\"687f029a\" data-element_type=\"container\" data-e-type=\"container\">\n\t\t\t\t\t<div class=\"e-con-inner\">\n\t\t\t\t<div class=\"elementor-element elementor-element-7a5c6b50 elementor-widget elementor-widget-heading\" data-id=\"7a5c6b50\" data-element_type=\"widget\" data-e-type=\"widget\" data-widget_type=\"heading.default\">\n\t\t\t\t<div class=\"elementor-widget-container\">\n\t\t\t\t\t<h1 class=\"elementor-heading-title elementor-size-default\">PROMO\u00c7\u00d5ES, CUPONS E OFERTAS<\/h1>\t\t\t\t<\/div>\n\t\t\t\t<\/div>\n\t\t\t\t<div class=\"elementor-element elementor-element-2053d64c elementor-widget-divider--view-line elementor-widget elementor-widget-divider\" data-id=\"2053d64c\" data-element_type=\"widget\" data-e-type=\"widget\" data-widget_type=\"divider.default\">\n\t\t\t\t<div class=\"elementor-widget-container\">\n\t\t\t\t\t\t\t<div class=\"elementor-divider\">\n\t\t\t<span class=\"elementor-divider-separator\">\n\t\t\t\t\t\t<\/span>\n\t\t<\/div>\n\t\t\t\t\t\t<\/div>\n\t\t\t\t<\/div>\n\t\t\t\t\t<\/div>\n\t\t\t\t<\/div>\n\t\t<div class=\"elementor-element elementor-element-5c4f1acf e-flex e-con-boxed e-con e-parent\" data-id=\"5c4f1acf\" data-element_type=\"container\" data-e-type=\"container\">\n\t\t\t\t\t<div class=\"e-con-inner\">\n\t\t\t\t<div class=\"elementor-element elementor-element-4f99746d elementor-widget elementor-widget-heading\" data-id=\"4f99746d\" data-element_type=\"widget\" data-e-type=\"widget\" data-widget_type=\"heading.default\">\n\t\t\t\t<div class=\"elementor-widget-container\">\n\t\t\t\t\t<h2 class=\"elementor-heading-title elementor-size-default\">Mais promo\u00e7\u00f5es em breve!<\/h2>\t\t\t\t<\/div>\n\t\t\t\t<\/div>\n\t\t\t\t<div class=\"elementor-element elementor-element-215f43b9 elementor-widget elementor-widget-image\" data-id=\"215f43b9\" data-element_type=\"widget\" data-e-type=\"widget\" data-widget_type=\"image.default\">\n\t\t\t\t<div class=\"elementor-widget-container\">\n\t\t\t\t\t\t\t\t\t\t\t\t\t\t\t<img decoding=\"async\" src=\"https:\/\/energizer.com\/lat\/brasil\/wp-content\/uploads\/sites\/16\/elementor\/thumbs\/Mr_energizer-rcsws8uqzomsie2bepg3txk4mhf6p4v4apz4uwo4a8.jpg\" title=\"Mr_energizer\" alt=\"Mr_energizer\" loading=\"lazy\" \/>\t\t\t\t\t\t\t\t\t\t\t\t\t\t\t<\/div>\n\t\t\t\t<\/div>\n\t\t\t\t\t<\/div>\n\t\t\t\t<\/div>\n\t\t\t\t<\/div>\n\t\t","protected":false},"excerpt":{"rendered":"<p>PROMO\u00c7\u00d5ES, CUPONS E OFERTAS Mais promo\u00e7\u00f5es em breve!<\/p>\n","protected":false},"author":1,"featured_media":0,"parent":0,"menu_order":0,"comment_status":"closed","ping_status":"closed","template":"elementor_header_footer","meta":{"_acf_changed":false,"footnotes":""},"class_list":["post-9827","page","type-page","status-publish","hentry"],"acf":[],"_links":{"self":[{"href":"https:\/\/energizer.com\/lat\/brasil\/wp-json\/wp\/v2\/pages\/9827","targetHints":{"allow":["GET"]}}],"collection":[{"href":"https:\/\/energizer.com\/lat\/brasil\/wp-json\/wp\/v2\/pages"}],"about":[{"href":"https:\/\/energizer.com\/lat\/brasil\/wp-json\/wp\/v2\/types\/page"}],"author":[{"embeddable":true,"href":"https:\/\/energizer.com\/lat\/brasil\/wp-json\/wp\/v2\/users\/1"}],"replies":[{"embeddable":true,"href":"https:\/\/energizer.com\/lat\/brasil\/wp-json\/wp\/v2\/comments?post=9827"}],"version-history":[{"count":11,"href":"https:\/\/energizer.com\/lat\/brasil\/wp-json\/wp\/v2\/pages\/9827\/revisions"}],"predecessor-version":[{"id":10614,"href":"https:\/\/energizer.com\/lat\/brasil\/wp-json\/wp\/v2\/pages\/9827\/revisions\/10614"}],"wp:attachment":[{"href":"https:\/\/energizer.com\/lat\/brasil\/wp-json\/wp\/v2\/media?parent=9827"}],"curies":[{"name":"wp","href":"https:\/\/api.w.org\/{rel}","templated":true}]}}