{"id":3311,"date":"2024-05-13T07:44:53","date_gmt":"2024-05-13T07:44:53","guid":{"rendered":"http:\/\/64.91.246.76\/~energizer\/?post_type=product&#038;p=3311"},"modified":"2025-10-06T13:38:11","modified_gmt":"2025-10-06T13:38:11","slug":"energizer-max-c","status":"publish","type":"product","link":"https:\/\/energizer.com\/lat\/brasil\/product\/energizer-max-c\/","title":{"rendered":"ENERGIZER\u00ae MAX &#8211; C"},"content":{"rendered":"<ul>\n<li><span data-sheets-root=\"1\">Embalagem com 2 pilhas Energizer Max C alcalinas<br \/>\n<\/span><\/li>\n<li><span data-sheets-root=\"1\">Maior durabilidade: energia de confian\u00e7a para manter seus dispositivos em funcionamento<br \/>\n<\/span><\/li>\n<li><span data-sheets-root=\"1\">Prote\u00e7\u00e3o contra vazamentos: use pilhas alcalinas Energizer C para seus dispositivos do dia a dia, como brinquedos, r\u00e1dios port\u00e1teis, lanternas, etc.<br \/>\n<\/span><\/li>\n<li><span data-sheets-root=\"1\">Validade: as pilhas C Energizer t\u00eam uma vida \u00fatil de at\u00e9 10 anos, por isso est\u00e3o sempre prontas quando voc\u00ea precisar delas<br \/>\n<\/span><\/li>\n<li><span data-sheets-root=\"1\">Inova\u00e7\u00e3o Energizer: dos fabricantes das pilhas AA mais duradouras do mundo, as Energizer Ultimate Lithium<\/span><\/li>\n<\/ul>\n","protected":false},"excerpt":{"rendered":"<p><span data-sheets-root=\"1\">Tire o m\u00e1ximo proveito de seus dispositivos com a energia de confian\u00e7a e duradoura das pilhas Energizer. Abaste\u00e7a-se de pilhas C para c\u00e2meras, lanternas, r\u00e1dios port\u00e1teis e brinquedos. As pilhas alcalinas Energizer mant\u00eam a energia por at\u00e9 10 anos em armazenamento. Com a Energizer, a energia est\u00e1 pronta quando voc\u00ea precisar. A linha de pilhas Energizer Max tamb\u00e9m inclui pilhas AA, AAA, D e 9V, por isso \u00e9 f\u00e1cil encontrar energia de confian\u00e7a no tamanho que voc\u00ea precisa.<\/span><\/p>\n","protected":false},"featured_media":0,"template":"","meta":{"_acf_changed":false},"product_brand":[],"product_cat":[26],"product_tag":[],"class_list":{"0":"post-3311","1":"product","2":"type-product","3":"status-publish","5":"product_cat-energizer-max","7":"first","8":"instock","9":"shipping-taxable","10":"product-type-simple"},"acf":[],"_links":{"self":[{"href":"https:\/\/energizer.com\/lat\/brasil\/wp-json\/wp\/v2\/product\/3311","targetHints":{"allow":["GET"]}}],"collection":[{"href":"https:\/\/energizer.com\/lat\/brasil\/wp-json\/wp\/v2\/product"}],"about":[{"href":"https:\/\/energizer.com\/lat\/brasil\/wp-json\/wp\/v2\/types\/product"}],"version-history":[{"count":20,"href":"https:\/\/energizer.com\/lat\/brasil\/wp-json\/wp\/v2\/product\/3311\/revisions"}],"predecessor-version":[{"id":10564,"href":"https:\/\/energizer.com\/lat\/brasil\/wp-json\/wp\/v2\/product\/3311\/revisions\/10564"}],"wp:attachment":[{"href":"https:\/\/energizer.com\/lat\/brasil\/wp-json\/wp\/v2\/media?parent=3311"}],"wp:term":[{"taxonomy":"product_brand","embeddable":true,"href":"https:\/\/energizer.com\/lat\/brasil\/wp-json\/wp\/v2\/product_brand?post=3311"},{"taxonomy":"product_cat","embeddable":true,"href":"https:\/\/energizer.com\/lat\/brasil\/wp-json\/wp\/v2\/product_cat?post=3311"},{"taxonomy":"product_tag","embeddable":true,"href":"https:\/\/energizer.com\/lat\/brasil\/wp-json\/wp\/v2\/product_tag?post=3311"}],"curies":[{"name":"wp","href":"https:\/\/api.w.org\/{rel}","templated":true}]}}