{"id":3327,"date":"2024-05-13T07:46:58","date_gmt":"2024-05-13T07:46:58","guid":{"rendered":"http:\/\/64.91.246.76\/~energizer\/?post_type=product&#038;p=3327"},"modified":"2025-10-06T13:32:47","modified_gmt":"2025-10-06T13:32:47","slug":"energizer-max-aa","status":"publish","type":"product","link":"https:\/\/energizer.com\/lat\/brasil\/product\/energizer-max-aa\/","title":{"rendered":"ENERGIZER\u00ae MAX &#8211; AA"},"content":{"rendered":"<ul>\n<li><span data-sheets-root=\"1\">Embalagem com 2\/4\/6\/8 pilhas Energizer Max AA alcalinas<br \/>\n<\/span><\/li>\n<li><span data-sheets-root=\"1\">Maior durabilidade: at\u00e9 300% mais duradouras em compara\u00e7\u00e3o com as pilhas de zinco carv\u00e3o usadas em brinquedos<br \/>\n<\/span><\/li>\n<li><span data-sheets-root=\"1\">Energia de confian\u00e7a: use pilhas AA para c\u00e2meras, campainhas, controles, rel\u00f3gios e outros dispositivos do dia a dia<br \/>\n<\/span><\/li>\n<li><span data-sheets-root=\"1\">Prote\u00e7\u00e3o contra vazamentos: pilhas AA com constru\u00e7\u00e3o resistente a vazamentos para proteger seus dispositivos, cobertas pela Garantia Energizer No Leak<br \/>\n<\/span><\/li>\n<li><span data-sheets-root=\"1\">Validade: as pilhas alcalinas AA Energizer t\u00eam uma vida \u00fatil de at\u00e9 10 anos, por isso est\u00e3o sempre prontas quando voc\u00ea precisa delas.<br \/>\n<\/span><\/li>\n<li><span data-sheets-root=\"1\">Inova\u00e7\u00e3o Energizer: dos fabricantes das pilhas AA mais duradouras do mundo, Energizer Ultimate Lithium<\/span><\/li>\n<\/ul>\n","protected":false},"excerpt":{"rendered":"<p>Tire o m\u00e1ximo proveito de seus dispositivos com a energia de confian\u00e7a e duradoura das pilhas Energizer. Abaste\u00e7a-se de pilhas AA para controles de videogames, c\u00e2meras, lanternas, controles remotos, brinquedos, campainhas ou rel\u00f3gios. As embalagens de pilhas AA Energizer Max conservam a energia por at\u00e9 10 anos em armazenamento, e sua constru\u00e7\u00e3o resistente a vazamentos protege seus dispositivos. Com a Energizer, a energia est\u00e1 pronta quando voc\u00ea mais precisar. A linha Energizer Max tamb\u00e9m inclui pilhas AAA, C, D e 9V, por isso \u00e9 f\u00e1cil encontrar energia de confian\u00e7a no tamanho que voc\u00ea precisa.<\/p>\n","protected":false},"featured_media":0,"template":"","meta":{"_acf_changed":false},"product_brand":[],"product_cat":[26],"product_tag":[],"class_list":{"0":"post-3327","1":"product","2":"type-product","3":"status-publish","5":"product_cat-energizer-max","7":"first","8":"instock","9":"shipping-taxable","10":"product-type-simple"},"acf":[],"_links":{"self":[{"href":"https:\/\/energizer.com\/lat\/brasil\/wp-json\/wp\/v2\/product\/3327","targetHints":{"allow":["GET"]}}],"collection":[{"href":"https:\/\/energizer.com\/lat\/brasil\/wp-json\/wp\/v2\/product"}],"about":[{"href":"https:\/\/energizer.com\/lat\/brasil\/wp-json\/wp\/v2\/types\/product"}],"version-history":[{"count":18,"href":"https:\/\/energizer.com\/lat\/brasil\/wp-json\/wp\/v2\/product\/3327\/revisions"}],"predecessor-version":[{"id":10560,"href":"https:\/\/energizer.com\/lat\/brasil\/wp-json\/wp\/v2\/product\/3327\/revisions\/10560"}],"wp:attachment":[{"href":"https:\/\/energizer.com\/lat\/brasil\/wp-json\/wp\/v2\/media?parent=3327"}],"wp:term":[{"taxonomy":"product_brand","embeddable":true,"href":"https:\/\/energizer.com\/lat\/brasil\/wp-json\/wp\/v2\/product_brand?post=3327"},{"taxonomy":"product_cat","embeddable":true,"href":"https:\/\/energizer.com\/lat\/brasil\/wp-json\/wp\/v2\/product_cat?post=3327"},{"taxonomy":"product_tag","embeddable":true,"href":"https:\/\/energizer.com\/lat\/brasil\/wp-json\/wp\/v2\/product_tag?post=3327"}],"curies":[{"name":"wp","href":"https:\/\/api.w.org\/{rel}","templated":true}]}}