{"id":3365,"date":"2024-05-13T06:39:35","date_gmt":"2024-05-13T06:39:35","guid":{"rendered":"http:\/\/64.91.246.76\/~energizer\/?post_type=product&#038;p=3365"},"modified":"2025-10-06T12:42:45","modified_gmt":"2025-10-06T12:42:45","slug":"energizer-ultimate-lithium-aaa","status":"publish","type":"product","link":"https:\/\/energizer.com\/lat\/brasil\/product\/energizer-ultimate-lithium-aaa\/","title":{"rendered":"ENERGIZER\u00ae ULTIMATE LITHIUM &#8211; AAA"},"content":{"rendered":"<ul>\n<li>Embalagem com 2 pilhas Energizer Ultimate Lithium AAA<\/li>\n<li>As mais duradouras do mundo: nada supera as pilhas AAA de l\u00edtio Energizer em dispositivos de alta tecnologia<\/li>\n<li>Energia de confian\u00e7a: use pilhas de l\u00edtio para dispositivos dom\u00e9stico inteligentes, sistemas de vigil\u00e2ncia externa, c\u00e2meras digitais, rel\u00f3gios, lanternas e outros artigos essenciais do cotidiano<\/li>\n<li>\u00a0Prote\u00e7\u00e3o contra vazamentos: as pilhas s\u00e3o garantidamente \u00e0 prova de vazamentos, com base no uso padr\u00e3o<\/li>\n<li>Validade: as pilhas AAA de l\u00edtio t\u00eam uma vida \u00fatil de at\u00e9 25 anos em armazenamento e tolera temperaturas extremas, de -40 \u00b0C a 60 \u00b0C, para uso durante todo o ano em ambientes internos e externos<\/li>\n<li>Inova\u00e7\u00e3o Energizer: dos fabricantes da primeira pilha AA de l\u00edtio do mundo, em 1992<\/li>\n<\/ul>\n","protected":false},"excerpt":{"rendered":"<p>Tire o m\u00e1ximo proveito de seus dispositivos de alta tecnologia com a energia de confian\u00e7a da pilha AAA mais duradoura do mundo, a Energizer Ultimate Lithium AAA. Abaste\u00e7a-se de pilhas AAA de l\u00edtio para lanternas, dispositivos dom\u00e9sticos inteligentes e sistemas de vigil\u00e2ncia, bem como pilhas para c\u00e2meras. As pilhas AAA de l\u00edtio Energizer mant\u00eam a energia por at\u00e9 25 anos em armazenamento, para que estejam sempre prontas quando voc\u00ea precisar delas. Cada pilha tem garantia contra vazamentos, com base no uso padr\u00e3o.<\/p>\n","protected":false},"featured_media":0,"template":"","meta":{"_acf_changed":false},"product_brand":[],"product_cat":[30],"product_tag":[],"class_list":{"0":"post-3365","1":"product","2":"type-product","3":"status-publish","5":"product_cat-energizer-ultimate-lithium","7":"first","8":"instock","9":"shipping-taxable","10":"product-type-simple"},"acf":[],"_links":{"self":[{"href":"https:\/\/energizer.com\/lat\/brasil\/wp-json\/wp\/v2\/product\/3365","targetHints":{"allow":["GET"]}}],"collection":[{"href":"https:\/\/energizer.com\/lat\/brasil\/wp-json\/wp\/v2\/product"}],"about":[{"href":"https:\/\/energizer.com\/lat\/brasil\/wp-json\/wp\/v2\/types\/product"}],"version-history":[{"count":20,"href":"https:\/\/energizer.com\/lat\/brasil\/wp-json\/wp\/v2\/product\/3365\/revisions"}],"predecessor-version":[{"id":10535,"href":"https:\/\/energizer.com\/lat\/brasil\/wp-json\/wp\/v2\/product\/3365\/revisions\/10535"}],"wp:attachment":[{"href":"https:\/\/energizer.com\/lat\/brasil\/wp-json\/wp\/v2\/media?parent=3365"}],"wp:term":[{"taxonomy":"product_brand","embeddable":true,"href":"https:\/\/energizer.com\/lat\/brasil\/wp-json\/wp\/v2\/product_brand?post=3365"},{"taxonomy":"product_cat","embeddable":true,"href":"https:\/\/energizer.com\/lat\/brasil\/wp-json\/wp\/v2\/product_cat?post=3365"},{"taxonomy":"product_tag","embeddable":true,"href":"https:\/\/energizer.com\/lat\/brasil\/wp-json\/wp\/v2\/product_tag?post=3365"}],"curies":[{"name":"wp","href":"https:\/\/api.w.org\/{rel}","templated":true}]}}