{"id":3371,"date":"2024-05-13T07:33:39","date_gmt":"2024-05-13T07:33:39","guid":{"rendered":"http:\/\/64.91.246.76\/~energizer\/?post_type=product&#038;p=3371"},"modified":"2025-10-06T13:16:00","modified_gmt":"2025-10-06T13:16:00","slug":"energizer-max-plus-aaa","status":"publish","type":"product","link":"https:\/\/energizer.com\/lat\/brasil\/product\/energizer-max-plus-aaa\/","title":{"rendered":"ENERGIZER\u00ae MAX PLUS \u2122 &#8211; AAA"},"content":{"rendered":"<ul>\n<li>Embalagem com 4 pilhas Energizer Max Plus AAA alcalinas<\/li>\n<li>Maior durabilidade: a nossa pilha alcalina mais duradoura<\/li>\n<li>Energia de confian\u00e7a: para seus dispositivos mais usados, como controles remotos, rel\u00f3gios, c\u00e2meras e brinquedos<\/li>\n<li>Prote\u00e7\u00e3o contra vazamentos: pilhas AAA com constru\u00e7\u00e3o resistente a vazamentos para proteger seus dispositivos,cobertas pela Garantia Energizer No Leak<\/li>\n<li>Validade: as pilhas alcalinas Energizer t\u00eam uma vida \u00fatil de at\u00e9 12 anos, por isso est\u00e3o sempre prontas quando voc\u00ea precisar delas<\/li>\n<li>Inova\u00e7\u00e3o Energizer: dos fabricantes das pilhas AA mais duradouras do mundo, Energizer Ultimate Lithium<\/li>\n<\/ul>\n","protected":false},"excerpt":{"rendered":"<p>Tire o m\u00e1ximo proveito de seus dispositivos com a energia de confian\u00e7a das pilhas alcalinas AAA mais duradouras da Energizer. Abaste\u00e7a-se de pilhas para lanternas, controles remotos, c\u00e2meras, rel\u00f3gios e muito mais. As pilhas Energizer mant\u00eam a energia por at\u00e9 12 anos em armazenamento, e cada pilha alcalina AAA Energizer Max Plus possui uma constru\u00e7\u00e3o resistente a vazamentos que protege seus dispositivos. Com a Energizer, a energia est\u00e1 pronta quando voc\u00ea precisar. A linha Energizer Max Plus inclui pilhas AA e AAA, por isso \u00e9 f\u00e1cil encontrar energia de confian\u00e7a no tamanho que voc\u00ea precisa.<\/p>\n","protected":false},"featured_media":10393,"template":"","meta":{"_acf_changed":false},"product_brand":[],"product_cat":[87],"product_tag":[],"class_list":{"0":"post-3371","1":"product","2":"type-product","3":"status-publish","4":"has-post-thumbnail","6":"product_cat-energizer-max-plus","8":"first","9":"instock","10":"shipping-taxable","11":"product-type-simple"},"acf":[],"_links":{"self":[{"href":"https:\/\/energizer.com\/lat\/brasil\/wp-json\/wp\/v2\/product\/3371","targetHints":{"allow":["GET"]}}],"collection":[{"href":"https:\/\/energizer.com\/lat\/brasil\/wp-json\/wp\/v2\/product"}],"about":[{"href":"https:\/\/energizer.com\/lat\/brasil\/wp-json\/wp\/v2\/types\/product"}],"version-history":[{"count":13,"href":"https:\/\/energizer.com\/lat\/brasil\/wp-json\/wp\/v2\/product\/3371\/revisions"}],"predecessor-version":[{"id":10547,"href":"https:\/\/energizer.com\/lat\/brasil\/wp-json\/wp\/v2\/product\/3371\/revisions\/10547"}],"wp:featuredmedia":[{"embeddable":true,"href":"https:\/\/energizer.com\/lat\/brasil\/wp-json\/wp\/v2\/media\/10393"}],"wp:attachment":[{"href":"https:\/\/energizer.com\/lat\/brasil\/wp-json\/wp\/v2\/media?parent=3371"}],"wp:term":[{"taxonomy":"product_brand","embeddable":true,"href":"https:\/\/energizer.com\/lat\/brasil\/wp-json\/wp\/v2\/product_brand?post=3371"},{"taxonomy":"product_cat","embeddable":true,"href":"https:\/\/energizer.com\/lat\/brasil\/wp-json\/wp\/v2\/product_cat?post=3371"},{"taxonomy":"product_tag","embeddable":true,"href":"https:\/\/energizer.com\/lat\/brasil\/wp-json\/wp\/v2\/product_tag?post=3371"}],"curies":[{"name":"wp","href":"https:\/\/api.w.org\/{rel}","templated":true}]}}