{"id":3420,"date":"2024-05-13T07:42:15","date_gmt":"2024-05-13T07:42:15","guid":{"rendered":"http:\/\/64.91.246.76\/~energizer\/?post_type=product&#038;p=3420"},"modified":"2025-10-06T13:41:06","modified_gmt":"2025-10-06T13:41:06","slug":"energizer-max-9v","status":"publish","type":"product","link":"https:\/\/energizer.com\/lat\/brasil\/product\/energizer-max-9v\/","title":{"rendered":"ENERGIZER\u00ae MAX &#8211; 9V"},"content":{"rendered":"<ul>\n<li><span data-sheets-root=\"1\">Embalagem com 1 pilha Energizer Max 9V alcalinas<br \/>\n<\/span><\/li>\n<li><span data-sheets-root=\"1\">Maior durabilidade: energia de confian\u00e7a para manter seus dispositivos em funcionamento<br \/>\n<\/span><\/li>\n<li><span data-sheets-root=\"1\">Prote\u00e7\u00e3o contra vazamentos: use pilhas Energizer para seus dispositivos do dia a dia, como detectores de inc\u00eandio, brinquedos e campainhas<br \/>\n<\/span><\/li>\n<li><span data-sheets-root=\"1\">Inclui materiais reciclados<br \/>\n<\/span><\/li>\n<li><span data-sheets-root=\"1\">Validade: as pilhas alcalinas de 9V t\u00eam uma vida \u00fatil de at\u00e9 10 anos, por isso est\u00e3o sempre prontas quando voc\u00ea precisar delas<br \/>\n<\/span><\/li>\n<li><span data-sheets-root=\"1\">Inova\u00e7\u00e3o Energizer: dos fabricantes das pilhas AA mais duradouras do mundo, Energizer Ultimate Lithium<\/span><\/li>\n<\/ul>\n","protected":false},"excerpt":{"rendered":"<p><span data-sheets-root=\"1\">Tire o m\u00e1ximo proveito de seus dispositivos com a energia de confian\u00e7a e duraodura das pilhas alcalinas Energizer. Abaste\u00e7a-se de pilhas para alarmes de inc\u00eandio, m\u00e1quinas de barbear, campainhas e lanternas. As pilhas Energizer 9V mant\u00eam a energia durante at\u00e9 5 anos enquanto estiverem armazenadas. Com a Energizer, a energia est\u00e1 pronta quando voc\u00ea precisar. A linha Energizer Max tamb\u00e9m inclui pilhas AA, AAA, C e D, por isso \u00e9 f\u00e1cil encontrar energia confi\u00e1vel no tamanho que voc\u00ea precisa.<\/span><\/p>\n","protected":false},"featured_media":0,"template":"","meta":{"_acf_changed":false},"product_brand":[],"product_cat":[26],"product_tag":[],"class_list":{"0":"post-3420","1":"product","2":"type-product","3":"status-publish","5":"product_cat-energizer-max","7":"first","8":"instock","9":"shipping-taxable","10":"product-type-simple"},"acf":[],"_links":{"self":[{"href":"https:\/\/energizer.com\/lat\/brasil\/wp-json\/wp\/v2\/product\/3420","targetHints":{"allow":["GET"]}}],"collection":[{"href":"https:\/\/energizer.com\/lat\/brasil\/wp-json\/wp\/v2\/product"}],"about":[{"href":"https:\/\/energizer.com\/lat\/brasil\/wp-json\/wp\/v2\/types\/product"}],"version-history":[{"count":18,"href":"https:\/\/energizer.com\/lat\/brasil\/wp-json\/wp\/v2\/product\/3420\/revisions"}],"predecessor-version":[{"id":10568,"href":"https:\/\/energizer.com\/lat\/brasil\/wp-json\/wp\/v2\/product\/3420\/revisions\/10568"}],"wp:attachment":[{"href":"https:\/\/energizer.com\/lat\/brasil\/wp-json\/wp\/v2\/media?parent=3420"}],"wp:term":[{"taxonomy":"product_brand","embeddable":true,"href":"https:\/\/energizer.com\/lat\/brasil\/wp-json\/wp\/v2\/product_brand?post=3420"},{"taxonomy":"product_cat","embeddable":true,"href":"https:\/\/energizer.com\/lat\/brasil\/wp-json\/wp\/v2\/product_cat?post=3420"},{"taxonomy":"product_tag","embeddable":true,"href":"https:\/\/energizer.com\/lat\/brasil\/wp-json\/wp\/v2\/product_tag?post=3420"}],"curies":[{"name":"wp","href":"https:\/\/api.w.org\/{rel}","templated":true}]}}