{"id":3428,"date":"2024-05-13T07:51:51","date_gmt":"2024-05-13T07:51:51","guid":{"rendered":"http:\/\/64.91.246.76\/~energizer\/?post_type=product&#038;p=3428"},"modified":"2025-10-06T12:44:05","modified_gmt":"2025-10-06T12:44:05","slug":"energizer-ultimate-lithium-aa","status":"publish","type":"product","link":"https:\/\/energizer.com\/lat\/brasil\/product\/energizer-ultimate-lithium-aa\/","title":{"rendered":"ENERGIZER\u00ae ULTIMATE LITHIUM &#8211; AA"},"content":{"rendered":"<ul>\n<li><span data-sheets-root=\"1\">Embalagem com 2 pilhas Energizer Ultimate Lithium AA<br \/>\n<\/span><\/li>\n<li><span data-sheets-root=\"1\">As mais duradouras do mundo: nada supera as pilhas AA de l\u00edtio Energizer<br \/>\n<\/span><\/li>\n<li><span data-sheets-root=\"1\">Energia de confian\u00e7a: use pilhas AA de l\u00edtio para dispositivos dom\u00e9sticos inteligentes, rel\u00f3gios, controles remotos, lanternas, c\u00e2meras digitais e outros artigos essenciais do cotidiano<br \/>\n<\/span><\/li>\n<li><span data-sheets-root=\"1\">Prote\u00e7\u00e3o contra vazamentos: as pilhas s\u00e3o garantidamente \u00e0 prova de vazamentos, com base no uso padr\u00e3o<br \/>\n<\/span><\/li>\n<li><span data-sheets-root=\"1\">Validade: as pilhas AA de l\u00edtio t\u00eam uma vida \u00fatil de at\u00e9 25 anos em armazenamento e toleram temperaturas extremas, de -40 \u00b0C a 60 \u00b0C, para uso durante todo o ano em ambientes internos e externos<br \/>\n<\/span><\/li>\n<li><span data-sheets-root=\"1\">Inova\u00e7\u00e3o Energizer: dos fabricantes da primeira pilha AA de l\u00edtio do mundo, em 1992<\/span><\/li>\n<\/ul>\n","protected":false},"excerpt":{"rendered":"<p><span data-sheets-root=\"1\">Tire o m\u00e1ximo proveito de seus dispositivos de alta tecnologia com a energia de confian\u00e7a da pilha AA mais duradoura do mundo, a Energizer Ultimate Lithium AA. Abaste\u00e7a-se de pilhas AA de l\u00edtio para lanternas, dispositivos dom\u00e9sticos inteligentes e sistemas de vigil\u00e2ncia, bem como pilhas para c\u00e2meras, rel\u00f3gios e controles remotos. A embalagem de pilhas AA tamb\u00e9m \u00e9 uma \u00f3tima op\u00e7\u00e3o se voc\u00ea precisar de pilhas de longa dura\u00e7\u00e3o para campainhas. As pilhas Energizer Ultimate Lithium AA mant\u00eam a energia por at\u00e9 25 anos em armazenamento, para que estejam prontas quando voc\u00ea precisar delas. Cada pilha tem garantia contra vazamentos, com base no uso padr\u00e3o.<\/span><\/p>\n","protected":false},"featured_media":0,"template":"","meta":{"_acf_changed":false},"product_brand":[],"product_cat":[30],"product_tag":[],"class_list":{"0":"post-3428","1":"product","2":"type-product","3":"status-publish","5":"product_cat-energizer-ultimate-lithium","7":"first","8":"instock","9":"shipping-taxable","10":"product-type-simple"},"acf":[],"_links":{"self":[{"href":"https:\/\/energizer.com\/lat\/brasil\/wp-json\/wp\/v2\/product\/3428","targetHints":{"allow":["GET"]}}],"collection":[{"href":"https:\/\/energizer.com\/lat\/brasil\/wp-json\/wp\/v2\/product"}],"about":[{"href":"https:\/\/energizer.com\/lat\/brasil\/wp-json\/wp\/v2\/types\/product"}],"version-history":[{"count":21,"href":"https:\/\/energizer.com\/lat\/brasil\/wp-json\/wp\/v2\/product\/3428\/revisions"}],"predecessor-version":[{"id":10536,"href":"https:\/\/energizer.com\/lat\/brasil\/wp-json\/wp\/v2\/product\/3428\/revisions\/10536"}],"wp:attachment":[{"href":"https:\/\/energizer.com\/lat\/brasil\/wp-json\/wp\/v2\/media?parent=3428"}],"wp:term":[{"taxonomy":"product_brand","embeddable":true,"href":"https:\/\/energizer.com\/lat\/brasil\/wp-json\/wp\/v2\/product_brand?post=3428"},{"taxonomy":"product_cat","embeddable":true,"href":"https:\/\/energizer.com\/lat\/brasil\/wp-json\/wp\/v2\/product_cat?post=3428"},{"taxonomy":"product_tag","embeddable":true,"href":"https:\/\/energizer.com\/lat\/brasil\/wp-json\/wp\/v2\/product_tag?post=3428"}],"curies":[{"name":"wp","href":"https:\/\/api.w.org\/{rel}","templated":true}]}}