{"id":4180,"date":"2024-05-16T06:47:11","date_gmt":"2024-05-16T06:47:11","guid":{"rendered":"https:\/\/c487eefeea.nxcli.io\/brazil\/?post_type=product&#038;p=4180"},"modified":"2025-10-07T05:59:15","modified_gmt":"2025-10-07T05:59:15","slug":"energizer-electronic-batteries-lr44-a76","status":"publish","type":"product","link":"https:\/\/energizer.com\/lat\/brasil\/product\/energizer-electronic-batteries-lr44-a76\/","title":{"rendered":"PILHAS PARA PRODUTOS ELETR\u00d4NICOS ENERGIZER\u00ae \u2013 LR44\/A76"},"content":{"rendered":"<ul>\n<li>Para dispositivos dom\u00e9sticos como fechadura eletr\u00f4nica sem chave, leitores de e-books e monitores de glicose, a Energizer vai al\u00e9m do tamanho b\u00e1sico da pilha e fornece tudo o que voc\u00ea precisa.<\/li>\n<li>Especifica\u00e7\u00f5es t\u00e9cnicas<\/li>\n<li>Energia ideal para controles remotos e controle remoto de port\u00e3o autom\u00e1tico<\/li>\n<li>Tamanho da pilha: A76<\/li>\n<li>Voltagem: 1.5V<\/li>\n<li>Equivalente \u00e0s pilhas: 157, 303, 357, AG13, EPX76, LR44, S76, SG13, SR44<\/li>\n<li>Uso recomendado: para aparelhos dom\u00e9sticos como controles remotos, leitores de e-book e monitores de glicose.<\/li>\n<\/ul>\n","protected":false},"excerpt":{"rendered":"<p>Para dispositivos dom\u00e9sticos como fechadura eletr\u00f4nica sem chave, leitores de e-books e monitores de glicose, a Energizer vai al\u00e9m do tamanho b\u00e1sico da pilha e fornece tudo o que voc\u00ea precisa. Especifica\u00e7\u00f5es t\u00e9cnicas Energia ideal para controles remotos e controle remoto de port\u00e3o autom\u00e1tico Tamanho da pilha: A76 Voltagem: 1.5V Equivalente \u00e0s pilhas: 157, 303, [&hellip;]<\/p>\n","protected":false},"featured_media":0,"template":"","meta":{"_acf_changed":false},"product_brand":[],"product_cat":[58],"product_tag":[],"class_list":{"0":"post-4180","1":"product","2":"type-product","3":"status-publish","5":"product_cat-speciality","7":"first","8":"instock","9":"shipping-taxable","10":"product-type-simple"},"acf":[],"_links":{"self":[{"href":"https:\/\/energizer.com\/lat\/brasil\/wp-json\/wp\/v2\/product\/4180","targetHints":{"allow":["GET"]}}],"collection":[{"href":"https:\/\/energizer.com\/lat\/brasil\/wp-json\/wp\/v2\/product"}],"about":[{"href":"https:\/\/energizer.com\/lat\/brasil\/wp-json\/wp\/v2\/types\/product"}],"version-history":[{"count":14,"href":"https:\/\/energizer.com\/lat\/brasil\/wp-json\/wp\/v2\/product\/4180\/revisions"}],"predecessor-version":[{"id":10594,"href":"https:\/\/energizer.com\/lat\/brasil\/wp-json\/wp\/v2\/product\/4180\/revisions\/10594"}],"wp:attachment":[{"href":"https:\/\/energizer.com\/lat\/brasil\/wp-json\/wp\/v2\/media?parent=4180"}],"wp:term":[{"taxonomy":"product_brand","embeddable":true,"href":"https:\/\/energizer.com\/lat\/brasil\/wp-json\/wp\/v2\/product_brand?post=4180"},{"taxonomy":"product_cat","embeddable":true,"href":"https:\/\/energizer.com\/lat\/brasil\/wp-json\/wp\/v2\/product_cat?post=4180"},{"taxonomy":"product_tag","embeddable":true,"href":"https:\/\/energizer.com\/lat\/brasil\/wp-json\/wp\/v2\/product_tag?post=4180"}],"curies":[{"name":"wp","href":"https:\/\/api.w.org\/{rel}","templated":true}]}}