{"id":4215,"date":"2024-05-16T07:23:31","date_gmt":"2024-05-16T07:23:31","guid":{"rendered":"https:\/\/c487eefeea.nxcli.io\/brazil\/?post_type=product&#038;p=4215"},"modified":"2025-10-07T05:53:24","modified_gmt":"2025-10-07T05:53:24","slug":"energizer-electronic-batteries-a27","status":"publish","type":"product","link":"https:\/\/energizer.com\/lat\/brasil\/product\/energizer-electronic-batteries-a27\/","title":{"rendered":"PILHAS PARA PRODUTOS ELETR\u00d4NICOS ENERGIZER\u00ae \u2013 A27"},"content":{"rendered":"<ul>\n<li>Para dispositivos dom\u00e9sticos como fechadura eletr\u00f4nica sem chave, leitores de e-books e monitores de glicose, a Energizer vai al\u00e9m do tamanho b\u00e1sico da pilha e fornece tudo o que voc\u00ea precisa.<\/li>\n<li>Especifica\u00e7\u00f5es t\u00e9cnicas<\/li>\n<li>Energia ideal para controles remotos e controle remoto de port\u00e3o autom\u00e1tico<\/li>\n<li>Tamanho da pilha: A27<\/li>\n<li>Voltagem: 12V<\/li>\n<li>Equivalente \u00e0s pilhas: 27A, A27BP, G27A, GP27A, L828, MN27<\/li>\n<li>Uso recomendado: para aparelhos dom\u00e9sticos como controles remotos, leitores de e-book e monitores de glicose.<\/li>\n<\/ul>\n","protected":false},"excerpt":{"rendered":"<p>Para dispositivos dom\u00e9sticos como fechadura eletr\u00f4nica sem chave, leitores de e-books e monitores de glicose, a Energizer vai al\u00e9m do tamanho b\u00e1sico da pilha e fornece tudo o que voc\u00ea precisa. Especifica\u00e7\u00f5es t\u00e9cnicas Energia ideal para controles remotos e controle remoto de port\u00e3o autom\u00e1tico Tamanho da pilha: A27 Voltagem: 12V Equivalente \u00e0s pilhas: 27A, A27BP, [&hellip;]<\/p>\n","protected":false},"featured_media":0,"template":"","meta":{"_acf_changed":false},"product_brand":[],"product_cat":[58],"product_tag":[],"class_list":{"0":"post-4215","1":"product","2":"type-product","3":"status-publish","5":"product_cat-speciality","7":"first","8":"instock","9":"shipping-taxable","10":"product-type-simple"},"acf":[],"_links":{"self":[{"href":"https:\/\/energizer.com\/lat\/brasil\/wp-json\/wp\/v2\/product\/4215","targetHints":{"allow":["GET"]}}],"collection":[{"href":"https:\/\/energizer.com\/lat\/brasil\/wp-json\/wp\/v2\/product"}],"about":[{"href":"https:\/\/energizer.com\/lat\/brasil\/wp-json\/wp\/v2\/types\/product"}],"version-history":[{"count":11,"href":"https:\/\/energizer.com\/lat\/brasil\/wp-json\/wp\/v2\/product\/4215\/revisions"}],"predecessor-version":[{"id":10593,"href":"https:\/\/energizer.com\/lat\/brasil\/wp-json\/wp\/v2\/product\/4215\/revisions\/10593"}],"wp:attachment":[{"href":"https:\/\/energizer.com\/lat\/brasil\/wp-json\/wp\/v2\/media?parent=4215"}],"wp:term":[{"taxonomy":"product_brand","embeddable":true,"href":"https:\/\/energizer.com\/lat\/brasil\/wp-json\/wp\/v2\/product_brand?post=4215"},{"taxonomy":"product_cat","embeddable":true,"href":"https:\/\/energizer.com\/lat\/brasil\/wp-json\/wp\/v2\/product_cat?post=4215"},{"taxonomy":"product_tag","embeddable":true,"href":"https:\/\/energizer.com\/lat\/brasil\/wp-json\/wp\/v2\/product_tag?post=4215"}],"curies":[{"name":"wp","href":"https:\/\/api.w.org\/{rel}","templated":true}]}}