{"id":4229,"date":"2024-05-16T07:35:14","date_gmt":"2024-05-16T07:35:14","guid":{"rendered":"https:\/\/c487eefeea.nxcli.io\/brazil\/?post_type=product&#038;p=4229"},"modified":"2025-10-07T05:50:21","modified_gmt":"2025-10-07T05:50:21","slug":"energizer-electronic-batteries-a23-e23a","status":"publish","type":"product","link":"https:\/\/energizer.com\/lat\/brasil\/product\/energizer-electronic-batteries-a23-e23a\/","title":{"rendered":"PILHAS PARA PRODUTOS ELETR\u00d4NICOS ENERGIZER\u00ae \u2013 A23\/E23A"},"content":{"rendered":"<ul>\n<li>Embalagem com 2 pilhas Energizer A23<\/li>\n<li>Fornece energia duradoura e confi\u00e1vel para seus dispositivos mais importantes<\/li>\n<li>Use para fornecer energia aos seus aparelhos eletr\u00f4nicos, incluindo dispositivos bluetooth, c\u00e2meras e sistemas de seguran\u00e7a<\/li>\n<li>Ideal para controle de port\u00f5es autom\u00e1ticos e sistemas de fechaduras eletr\u00f4nicas sem chave<\/li>\n<li>N\u00e3o cont\u00e9m merc\u00fario, reduzindo o impacto ambiental<\/li>\n<li>Equivale a uma variedade de pilhas especiais, incluindo 1181A, A23BP, DL21, DL23, MN-21B, MN21 e V23GA.<\/li>\n<li>A Energizer \u00e9 a marca n.\u00ba 1 em pilhas especiais, garantindo confiabilidade.<\/li>\n<\/ul>\n","protected":false},"excerpt":{"rendered":"<p>As pilhas Energizer A23 fornecem energia de confian\u00e7a para seus aparelhos mais importantes. Estas minipilhas s\u00e3o compat\u00edveis com v\u00e1rios dispositivos, incluindo o seu sistema de fechadura eletr\u00f4nica sem chave, fones de ouvido bluetooth e sistemas de seguran\u00e7a residencial. Escolha estas pilhas especiais quando precisar substituir as pilhas de sua c\u00e2mera ou comprar uma nova pilha para o controle remoto de port\u00e3o autom\u00e1tico. As pilhas alcalinas miniatura Energizer n\u00e3o cont\u00eam merc\u00fario, reduzindo assim o impacto ambiental. Conte com a Energizer, a marca n.\u00ba 1 em pilhas especiais, para fornecer energia de confian\u00e7a e duradoura aos seus dispositivos.<\/p>\n","protected":false},"featured_media":0,"template":"","meta":{"_acf_changed":false},"product_brand":[],"product_cat":[58],"product_tag":[],"class_list":{"0":"post-4229","1":"product","2":"type-product","3":"status-publish","5":"product_cat-speciality","7":"first","8":"instock","9":"shipping-taxable","10":"product-type-simple"},"acf":[],"_links":{"self":[{"href":"https:\/\/energizer.com\/lat\/brasil\/wp-json\/wp\/v2\/product\/4229","targetHints":{"allow":["GET"]}}],"collection":[{"href":"https:\/\/energizer.com\/lat\/brasil\/wp-json\/wp\/v2\/product"}],"about":[{"href":"https:\/\/energizer.com\/lat\/brasil\/wp-json\/wp\/v2\/types\/product"}],"version-history":[{"count":8,"href":"https:\/\/energizer.com\/lat\/brasil\/wp-json\/wp\/v2\/product\/4229\/revisions"}],"predecessor-version":[{"id":10592,"href":"https:\/\/energizer.com\/lat\/brasil\/wp-json\/wp\/v2\/product\/4229\/revisions\/10592"}],"wp:attachment":[{"href":"https:\/\/energizer.com\/lat\/brasil\/wp-json\/wp\/v2\/media?parent=4229"}],"wp:term":[{"taxonomy":"product_brand","embeddable":true,"href":"https:\/\/energizer.com\/lat\/brasil\/wp-json\/wp\/v2\/product_brand?post=4229"},{"taxonomy":"product_cat","embeddable":true,"href":"https:\/\/energizer.com\/lat\/brasil\/wp-json\/wp\/v2\/product_cat?post=4229"},{"taxonomy":"product_tag","embeddable":true,"href":"https:\/\/energizer.com\/lat\/brasil\/wp-json\/wp\/v2\/product_tag?post=4229"}],"curies":[{"name":"wp","href":"https:\/\/api.w.org\/{rel}","templated":true}]}}