{"id":4815,"date":"2024-05-13T07:35:22","date_gmt":"2024-05-13T07:35:22","guid":{"rendered":"https:\/\/c487eefeea.nxcli.io\/brazil\/?post_type=product&#038;p=4815"},"modified":"2025-10-06T13:16:04","modified_gmt":"2025-10-06T13:16:04","slug":"energizer-max-plus-aa","status":"publish","type":"product","link":"https:\/\/energizer.com\/lat\/brasil\/product\/energizer-max-plus-aa\/","title":{"rendered":"ENERGIZER\u00ae MAX PLUS \u2122 &#8211; AA"},"content":{"rendered":"<ul>\n<li><span data-sheets-root=\"1\">Embalagem com 2 pilhas Energizer Max Plus AA alcalinas<br \/>\n<\/span><\/li>\n<li><span data-sheets-root=\"1\">Maior durabilidade: esta \u00e9 a pilha alcalina com maior durabilidade da Energizer<br \/>\n<\/span><\/li>\n<li><span data-sheets-root=\"1\">Prote\u00e7\u00e3o contra vazamentos: pilhas AA com constru\u00e7\u00e3o resistente a vazamentos para proteger seus dispositivos,cobertas pela Garantia Energizer No Leak<br \/>\n<\/span><\/li>\n<li><span data-sheets-root=\"1\">Validade: as pilhas alcalinas AA Energizer t\u00eam uma vida \u00fatil de at\u00e9 12 anos, por isso est\u00e3o sempre prontas quando voc\u00ea precisar delas<br \/>\n<\/span><\/li>\n<li><span data-sheets-root=\"1\">Inova\u00e7\u00e3o Energizer: dos fabricantes das pilhas AA mais duradouras do mundo, Energizer Ultimate Lithium<\/span><\/li>\n<\/ul>\n","protected":false},"excerpt":{"rendered":"<p>Tire o m\u00e1ximo proveito de seus dispositivos com a energia duradoura e de confian\u00e7a que voc\u00ea espera das pilhas Energizer. Compre pilhas AA para controles de videogame, lanternas, controles remotos, rel\u00f3gios e brinquedos. A embalagem de pilhas AA tamb\u00e9m \u00e9 uma \u00f3tima op\u00e7\u00e3o se voc\u00ea precisar de pilhas de confian\u00e7a para lanternas de LED. As pilhas Energizer Max Plus AA mant\u00eam a energia por at\u00e9 12 anos em armazenamento, e sua constru\u00e7\u00e3o resistente a vazamentos protege seus dispositivos contra vazamentos. Com a Energizer, a energia est\u00e1 pronta quando voc\u00ea precisar. A linha Energizer Max Plus inclui pilhas AA e AAA.<\/p>\n","protected":false},"featured_media":10389,"template":"","meta":{"_acf_changed":false},"product_brand":[],"product_cat":[87],"product_tag":[],"class_list":{"0":"post-4815","1":"product","2":"type-product","3":"status-publish","4":"has-post-thumbnail","6":"product_cat-energizer-max-plus","8":"first","9":"instock","10":"shipping-taxable","11":"product-type-simple"},"acf":[],"_links":{"self":[{"href":"https:\/\/energizer.com\/lat\/brasil\/wp-json\/wp\/v2\/product\/4815","targetHints":{"allow":["GET"]}}],"collection":[{"href":"https:\/\/energizer.com\/lat\/brasil\/wp-json\/wp\/v2\/product"}],"about":[{"href":"https:\/\/energizer.com\/lat\/brasil\/wp-json\/wp\/v2\/types\/product"}],"version-history":[{"count":15,"href":"https:\/\/energizer.com\/lat\/brasil\/wp-json\/wp\/v2\/product\/4815\/revisions"}],"predecessor-version":[{"id":10546,"href":"https:\/\/energizer.com\/lat\/brasil\/wp-json\/wp\/v2\/product\/4815\/revisions\/10546"}],"wp:featuredmedia":[{"embeddable":true,"href":"https:\/\/energizer.com\/lat\/brasil\/wp-json\/wp\/v2\/media\/10389"}],"wp:attachment":[{"href":"https:\/\/energizer.com\/lat\/brasil\/wp-json\/wp\/v2\/media?parent=4815"}],"wp:term":[{"taxonomy":"product_brand","embeddable":true,"href":"https:\/\/energizer.com\/lat\/brasil\/wp-json\/wp\/v2\/product_brand?post=4815"},{"taxonomy":"product_cat","embeddable":true,"href":"https:\/\/energizer.com\/lat\/brasil\/wp-json\/wp\/v2\/product_cat?post=4815"},{"taxonomy":"product_tag","embeddable":true,"href":"https:\/\/energizer.com\/lat\/brasil\/wp-json\/wp\/v2\/product_tag?post=4815"}],"curies":[{"name":"wp","href":"https:\/\/api.w.org\/{rel}","templated":true}]}}