{"id":5064,"date":"2024-05-21T05:09:08","date_gmt":"2024-05-21T05:09:08","guid":{"rendered":"https:\/\/c487eefeea.nxcli.io\/brazil\/?post_type=product&#038;p=5064"},"modified":"2025-10-31T03:42:16","modified_gmt":"2025-10-31T03:42:16","slug":"energizer-recharge-universal-aa","status":"publish","type":"product","link":"https:\/\/energizer.com\/lat\/brasil\/product\/energizer-recharge-universal-aa\/","title":{"rendered":"ENERGIZER\u00ae RECHARGE UNIVERSAL \u2013 AA"},"content":{"rendered":"<ul>\n<li>Embalagem com 2 pilhas AA Energizer Recharge Universal<\/li>\n<li>Energia de confian\u00e7a: ideais para dispositivos de uso di\u00e1rio e de alta tecnologia, use as pilhas AA recarreg\u00e1veis em lanternas, brinquedos, lumin\u00e1rias, controles remotos e muito mais<\/li>\n<li>Prote\u00e7\u00e3o contra vazamentos: as pilhas AA recarreg\u00e1veis Energizer foram projetadas para proteger seus dispositivos contra vazamentos em condi\u00e7\u00f5es normais de uso<\/li>\n<li>Recarreg\u00e1veis: as pilhas AA podem ser recarregadas centenas de vezes, com uma carga que dura at\u00e9 12 meses em armazenamento<\/li>\n<li>Prefer\u00eancia dos consumidores: a Energizer \u00e9 a marca n.\u00ba 1 no mundo de pilhas recarreg\u00e1veis, com base nas vendas registradas<\/li>\n<li>Inova\u00e7\u00e3o Energizer: a primeira pilha AA recarreg\u00e1vel do mundo fabricada com 15% de pilhas recicladas<\/li>\n<\/ul>\n","protected":false},"excerpt":{"rendered":"<p>Tire o m\u00e1ximo proveito de seus dispositivos de uso di\u00e1rio e de alta tecnologia com a energia de confian\u00e7a das pilhas AAA Energizer Recharge Universal. Abaste\u00e7a-se de pilhas recarreg\u00e1veis para luz solar e lanterna LED, c\u00e2meras, lumin\u00e1rias, rel\u00f3gios e controles remotos. As pilhas Energizer Recharge AAA t\u00eam uma dura\u00e7\u00e3o at\u00e9 duas vezes superior \u00e0 das pilhas alcalinas b\u00e1sicas Energizer em c\u00e2meras digitais. As pilhas Energizer AAA tamb\u00e9m s\u00e3o uma \u00f3tima escolha se voc\u00ea precisar de uma pilha de longa dura\u00e7\u00e3o para o seu controle de videogame. Sempre prontas quando voc\u00ea precisar, as pilhas recarreg\u00e1veis AAA v\u00eam totalmente carregadas e mant\u00eam a energia por at\u00e9 12 meses em armazenamento. As pilhas podem ser recarregadas centenas de vezes.<\/p>\n","protected":false},"featured_media":14014,"template":"","meta":{"_acf_changed":false},"product_brand":[],"product_cat":[31],"product_tag":[],"class_list":{"0":"post-5064","1":"product","2":"type-product","3":"status-publish","4":"has-post-thumbnail","6":"product_cat-energizer-recharge","8":"first","9":"instock","10":"shipping-taxable","11":"product-type-simple"},"acf":[],"_links":{"self":[{"href":"https:\/\/energizer.com\/lat\/brasil\/wp-json\/wp\/v2\/product\/5064","targetHints":{"allow":["GET"]}}],"collection":[{"href":"https:\/\/energizer.com\/lat\/brasil\/wp-json\/wp\/v2\/product"}],"about":[{"href":"https:\/\/energizer.com\/lat\/brasil\/wp-json\/wp\/v2\/types\/product"}],"version-history":[{"count":24,"href":"https:\/\/energizer.com\/lat\/brasil\/wp-json\/wp\/v2\/product\/5064\/revisions"}],"predecessor-version":[{"id":14015,"href":"https:\/\/energizer.com\/lat\/brasil\/wp-json\/wp\/v2\/product\/5064\/revisions\/14015"}],"wp:featuredmedia":[{"embeddable":true,"href":"https:\/\/energizer.com\/lat\/brasil\/wp-json\/wp\/v2\/media\/14014"}],"wp:attachment":[{"href":"https:\/\/energizer.com\/lat\/brasil\/wp-json\/wp\/v2\/media?parent=5064"}],"wp:term":[{"taxonomy":"product_brand","embeddable":true,"href":"https:\/\/energizer.com\/lat\/brasil\/wp-json\/wp\/v2\/product_brand?post=5064"},{"taxonomy":"product_cat","embeddable":true,"href":"https:\/\/energizer.com\/lat\/brasil\/wp-json\/wp\/v2\/product_cat?post=5064"},{"taxonomy":"product_tag","embeddable":true,"href":"https:\/\/energizer.com\/lat\/brasil\/wp-json\/wp\/v2\/product_tag?post=5064"}],"curies":[{"name":"wp","href":"https:\/\/api.w.org\/{rel}","templated":true}]}}