{"id":9914,"date":"2024-08-05T07:45:37","date_gmt":"2024-08-05T07:45:37","guid":{"rendered":"https:\/\/c487eefeea.nxcli.io\/brazil\/?post_type=product&#038;p=9914"},"modified":"2025-01-13T12:43:40","modified_gmt":"2025-01-13T12:43:40","slug":"lanterna-energizer-patrulha-canina","status":"publish","type":"product","link":"https:\/\/energizer.com\/lat\/brasil\/product\/lanterna-energizer-patrulha-canina\/","title":{"rendered":"Lanterna Energizer Patrulha Canina"},"content":{"rendered":"","protected":false},"excerpt":{"rendered":"<p>A Lanterna Energizer Patrulha Canina \u00e9 uma excelente escolha para tornar o tempo de brincadeira das crian\u00e7as no escuro ainda mais divertido. Compacta e leve, esta lanterna \u00e9 perfeita para ajudar as crian\u00e7as a explorar o ar livre ou a serem criativas dentro de casa. Com um tema da Patrulha Canina, ela incentiva a criatividade e a explora\u00e7\u00e3o. Al\u00e9m disso, \u00e9 uma op\u00e7\u00e3o de ilumina\u00e7\u00e3o segura e divertida que acompanhar\u00e1 as crian\u00e7as em todas as suas aventuras.<\/p>\n<p>Torne o escuro mais divertido para as crian\u00e7as com a Lanterna Energizer da Patrulha Canina. Emitindo um brilho suave, esta lanterna ajuda os pequenos a brincar e explorar no escuro, seja dentro de casa ou no quintal \u00e0 noite.<\/p>\n<p>Pequena e leve, esta lanterna infantil oferece uma ilumina\u00e7\u00e3o segura para crian\u00e7as a partir de 3 anos. A luz LED de pl\u00e1stico possui uma lente \u00e0 prova de estilha\u00e7amento e um corpo resistente a impactos de at\u00e9 1 metro. Com um design de bot\u00e3o de press\u00e3o f\u00e1cil de operar e uma pegada confort\u00e1vel, a lanterna \u00e9 simples de usar, mesmo para as m\u00e3os menores. Um la\u00e7o de cord\u00e3o embutido permite pendurar a lanterna, alimentada por pilhas, ao alcance da crian\u00e7a.<\/p>\n<p>O design colorido combina com os outros brinquedos da Patrulha Canina. Com uma dura\u00e7\u00e3o de 72 horas, esta lanterna compacta garante divers\u00e3o cont\u00ednua sem esgotar as pilhas. Dispon\u00edvel em duas op\u00e7\u00f5es de cores: vermelho com azul e amarelo com azul. Para um desempenho confi\u00e1vel em qualquer situa\u00e7\u00e3o, confie na Energizer.<\/p>\n","protected":false},"featured_media":10428,"template":"","meta":{"_acf_changed":false},"product_brand":[],"product_cat":[99],"product_tag":[],"class_list":{"0":"post-9914","1":"product","2":"type-product","3":"status-publish","4":"has-post-thumbnail","6":"product_cat-light","8":"first","9":"instock","10":"shipping-taxable","11":"product-type-simple"},"acf":[],"_links":{"self":[{"href":"https:\/\/energizer.com\/lat\/brasil\/wp-json\/wp\/v2\/product\/9914","targetHints":{"allow":["GET"]}}],"collection":[{"href":"https:\/\/energizer.com\/lat\/brasil\/wp-json\/wp\/v2\/product"}],"about":[{"href":"https:\/\/energizer.com\/lat\/brasil\/wp-json\/wp\/v2\/types\/product"}],"version-history":[{"count":4,"href":"https:\/\/energizer.com\/lat\/brasil\/wp-json\/wp\/v2\/product\/9914\/revisions"}],"predecessor-version":[{"id":10438,"href":"https:\/\/energizer.com\/lat\/brasil\/wp-json\/wp\/v2\/product\/9914\/revisions\/10438"}],"wp:featuredmedia":[{"embeddable":true,"href":"https:\/\/energizer.com\/lat\/brasil\/wp-json\/wp\/v2\/media\/10428"}],"wp:attachment":[{"href":"https:\/\/energizer.com\/lat\/brasil\/wp-json\/wp\/v2\/media?parent=9914"}],"wp:term":[{"taxonomy":"product_brand","embeddable":true,"href":"https:\/\/energizer.com\/lat\/brasil\/wp-json\/wp\/v2\/product_brand?post=9914"},{"taxonomy":"product_cat","embeddable":true,"href":"https:\/\/energizer.com\/lat\/brasil\/wp-json\/wp\/v2\/product_cat?post=9914"},{"taxonomy":"product_tag","embeddable":true,"href":"https:\/\/energizer.com\/lat\/brasil\/wp-json\/wp\/v2\/product_tag?post=9914"}],"curies":[{"name":"wp","href":"https:\/\/api.w.org\/{rel}","templated":true}]}}