{"id":9997,"date":"2024-08-05T12:04:20","date_gmt":"2024-08-05T12:04:20","guid":{"rendered":"https:\/\/c487eefeea.nxcli.io\/brazil\/?post_type=product&#038;p=9997"},"modified":"2025-10-09T06:18:12","modified_gmt":"2025-10-09T06:18:12","slug":"energizer-electronics-batteries-cr2025","status":"publish","type":"product","link":"https:\/\/energizer.com\/lat\/brasil\/product\/energizer-electronics-batteries-cr2025\/","title":{"rendered":"PILHAS PARA PRODUTOS ELETR\u00d4NICOS ENERGIZER\u00ae \u2013 CR2025"},"content":{"rendered":"<ul>\n<li>Para eletrodom\u00e9sticos, controles remotos, leitores de e-books e monitores de glicose, a Energizer vai al\u00e9m do tamanho b\u00e1sico da pilha e fornece tudo o que voc\u00ea precisa.<\/li>\n<li>Especifica\u00e7\u00f5es t\u00e9cnicas<\/li>\n<li>Energia respons\u00e1vel e de confian\u00e7a<\/li>\n<li>Usado em monitores card\u00edacos, controle de port\u00f5es autom\u00e1ticos, monitores de glicose, brinquedos e jogos<\/li>\n<li>Funciona em temperaturas extremas de -30 \u00b0C a 60 \u00b0C<\/li>\n<li>Mant\u00e9m a carga por 8 anos quando n\u00e3o est\u00e1 em uso<\/li>\n<li>Tamanho da pilha: 2025<\/li>\n<li>IEC: CR2025<\/li>\n<li>Voltagem: 3V<\/li>\n<li>Equivalente \u00e0s pilhas: 280-205, 5003LC, BR2025, DL2025, ECR2025, SB-T14<\/li>\n<li>Uso recomendado: ideal para monitores card\u00edacos, controles remotos, monitores de glicose, brinquedos e jogos<\/li>\n<\/ul>\n","protected":false},"excerpt":{"rendered":"<p>Para eletrodom\u00e9sticos, controles remotos, leitores de e-books e monitores de glicose, a Energizer vai al\u00e9m do tamanho b\u00e1sico da pilha e fornece tudo o que voc\u00ea precisa. Especifica\u00e7\u00f5es t\u00e9cnicas Energia respons\u00e1vel e de confian\u00e7a Usado em monitores card\u00edacos, controle de port\u00f5es autom\u00e1ticos, monitores de glicose, brinquedos e jogos Funciona em temperaturas extremas de -30 \u00b0C [&hellip;]<\/p>\n","protected":false},"featured_media":0,"template":"","meta":{"_acf_changed":false},"product_brand":[],"product_cat":[58],"product_tag":[],"class_list":{"0":"post-9997","1":"product","2":"type-product","3":"status-publish","5":"product_cat-speciality","7":"first","8":"instock","9":"shipping-taxable","10":"product-type-simple"},"acf":[],"_links":{"self":[{"href":"https:\/\/energizer.com\/lat\/brasil\/wp-json\/wp\/v2\/product\/9997","targetHints":{"allow":["GET"]}}],"collection":[{"href":"https:\/\/energizer.com\/lat\/brasil\/wp-json\/wp\/v2\/product"}],"about":[{"href":"https:\/\/energizer.com\/lat\/brasil\/wp-json\/wp\/v2\/types\/product"}],"version-history":[{"count":8,"href":"https:\/\/energizer.com\/lat\/brasil\/wp-json\/wp\/v2\/product\/9997\/revisions"}],"predecessor-version":[{"id":11199,"href":"https:\/\/energizer.com\/lat\/brasil\/wp-json\/wp\/v2\/product\/9997\/revisions\/11199"}],"wp:attachment":[{"href":"https:\/\/energizer.com\/lat\/brasil\/wp-json\/wp\/v2\/media?parent=9997"}],"wp:term":[{"taxonomy":"product_brand","embeddable":true,"href":"https:\/\/energizer.com\/lat\/brasil\/wp-json\/wp\/v2\/product_brand?post=9997"},{"taxonomy":"product_cat","embeddable":true,"href":"https:\/\/energizer.com\/lat\/brasil\/wp-json\/wp\/v2\/product_cat?post=9997"},{"taxonomy":"product_tag","embeddable":true,"href":"https:\/\/energizer.com\/lat\/brasil\/wp-json\/wp\/v2\/product_tag?post=9997"}],"curies":[{"name":"wp","href":"https:\/\/api.w.org\/{rel}","templated":true}]}}