{"id":4436,"date":"2024-05-16T12:09:21","date_gmt":"2024-05-16T12:09:21","guid":{"rendered":"https:\/\/c487eefeea.nxcli.io\/chile\/?page_id=4436"},"modified":"2024-11-04T15:40:38","modified_gmt":"2024-11-04T15:40:38","slug":"recharge-battery-chargers","status":"publish","type":"page","link":"https:\/\/energizer.com\/lat\/chile\/power\/recharge-battery-chargers\/","title":{"rendered":"Recharge Battery Chargers"},"content":{"rendered":"\t\t<div data-elementor-type=\"wp-page\" data-elementor-id=\"4436\" class=\"elementor elementor-4436\" data-elementor-post-type=\"page\">\n\t\t\t\t<div class=\"elementor-element elementor-element-c97bf72 e-flex e-con-boxed e-con e-parent\" data-id=\"c97bf72\" data-element_type=\"container\" data-e-type=\"container\">\n\t\t\t\t\t<div class=\"e-con-inner\">\n\t\t\t\t<div class=\"elementor-element elementor-element-808c05d elementor-widget elementor-widget-image\" data-id=\"808c05d\" data-element_type=\"widget\" data-e-type=\"widget\" data-widget_type=\"image.default\">\n\t\t\t\t<div class=\"elementor-widget-container\">\n\t\t\t\t\t\t\t\t\t\t\t\t\t\t\t<img fetchpriority=\"high\" decoding=\"async\" width=\"1500\" height=\"650\" src=\"https:\/\/energizer.com\/lat\/chile\/wp-content\/uploads\/sites\/5\/2024\/08\/RECHARGE-SAVE-_-MRE.png\" class=\"attachment-full size-full wp-image-9827\" alt=\"ENR charger\" srcset=\"https:\/\/energizer.com\/lat\/chile\/wp-content\/uploads\/sites\/5\/2024\/08\/RECHARGE-SAVE-_-MRE.png 1500w, https:\/\/energizer.com\/lat\/chile\/wp-content\/uploads\/sites\/5\/2024\/08\/RECHARGE-SAVE-_-MRE-300x130.png 300w, https:\/\/energizer.com\/lat\/chile\/wp-content\/uploads\/sites\/5\/2024\/08\/RECHARGE-SAVE-_-MRE-1024x444.png 1024w, https:\/\/energizer.com\/lat\/chile\/wp-content\/uploads\/sites\/5\/2024\/08\/RECHARGE-SAVE-_-MRE-768x333.png 768w, https:\/\/energizer.com\/lat\/chile\/wp-content\/uploads\/sites\/5\/2024\/08\/RECHARGE-SAVE-_-MRE-600x260.png 600w\" sizes=\"(max-width: 1500px) 100vw, 1500px\" \/>\t\t\t\t\t\t\t\t\t\t\t\t\t\t\t<\/div>\n\t\t\t\t<\/div>\n\t\t<div class=\"elementor-element elementor-element-b3d6e3f e-flex e-con-boxed e-con e-child\" data-id=\"b3d6e3f\" data-element_type=\"container\" data-e-type=\"container\">\n\t\t\t\t\t<div class=\"e-con-inner\">\n\t\t<div class=\"elementor-element elementor-element-b078430 e-con-full e-flex e-con e-child\" data-id=\"b078430\" data-element_type=\"container\" data-e-type=\"container\">\n\t\t<div class=\"elementor-element elementor-element-23dce24 e-flex e-con-boxed e-con e-child\" data-id=\"23dce24\" data-element_type=\"container\" data-e-type=\"container\">\n\t\t\t\t\t<div class=\"e-con-inner\">\n\t\t\t\t<div class=\"elementor-element elementor-element-8899ec3 elementor-widget elementor-widget-image\" data-id=\"8899ec3\" data-element_type=\"widget\" data-e-type=\"widget\" data-widget_type=\"image.default\">\n\t\t\t\t<div class=\"elementor-widget-container\">\n\t\t\t\t\t\t\t\t\t\t\t\t\t\t\t<img decoding=\"async\" width=\"600\" height=\"400\" src=\"https:\/\/energizer.com\/lat\/chile\/wp-content\/uploads\/sites\/5\/2024\/09\/new-charger-group-images.png\" class=\"attachment-full size-full wp-image-10049\" alt=\"new-charger-group-images\" srcset=\"https:\/\/energizer.com\/lat\/chile\/wp-content\/uploads\/sites\/5\/2024\/09\/new-charger-group-images.png 600w, https:\/\/energizer.com\/lat\/chile\/wp-content\/uploads\/sites\/5\/2024\/09\/new-charger-group-images-300x200.png 300w\" sizes=\"(max-width: 600px) 100vw, 600px\" \/>\t\t\t\t\t\t\t\t\t\t\t\t\t\t\t<\/div>\n\t\t\t\t<\/div>\n\t\t\t\t\t<\/div>\n\t\t\t\t<\/div>\n\t\t<div class=\"elementor-element elementor-element-a0735c1 e-flex e-con-boxed e-con e-child\" data-id=\"a0735c1\" data-element_type=\"container\" data-e-type=\"container\">\n\t\t\t\t\t<div class=\"e-con-inner\">\n\t\t\t\t<div class=\"elementor-element elementor-element-d92d13e bestFor elementor-widget elementor-widget-text-editor\" data-id=\"d92d13e\" data-element_type=\"widget\" data-e-type=\"widget\" data-widget_type=\"text-editor.default\">\n\t\t\t\t<div class=\"elementor-widget-container\">\n\t\t\t\t\t\t\t\t\tCargadores de bater\u00edas Energizer Recharge\u00ae\t\t\t\t\t\t\t\t<\/div>\n\t\t\t\t<\/div>\n\t\t\t\t<div class=\"elementor-element elementor-element-5c4b7a4 elementor-widget elementor-widget-text-editor\" data-id=\"5c4b7a4\" data-element_type=\"widget\" data-e-type=\"widget\" data-widget_type=\"text-editor.default\">\n\t\t\t\t<div class=\"elementor-widget-container\">\n\t\t\t\t\t\t\t\t\t<p>Imagine no tener que comprar pilas constantemente. Con las bater\u00edas Energizer Recharge\u00ae, ahorrar\u00e1 dinero en bater\u00edas para su c\u00e1mara digital, dispositivo GPS, juguetes y sistema de juegos inal\u00e1mbrico, en comparaci\u00f3n con las bater\u00edas de un solo uso. Y con cargadores de pilas como nuestro cargador Energizer Recharge\u00ae Pro de alto rendimiento y el cargador Energizer Recharge\u00ae para cargas de 1 hora, sus pilas estar\u00e1n cargadas en un abrir y cerrar de ojos.<\/p>\t\t\t\t\t\t\t\t<\/div>\n\t\t\t\t<\/div>\n\t\t\t\t\t<\/div>\n\t\t\t\t<\/div>\n\t\t\t\t<\/div>\n\t\t\t\t\t<\/div>\n\t\t\t\t<\/div>\n\t\t<div class=\"elementor-element elementor-element-4f67399 e-flex e-con-boxed e-con e-child\" data-id=\"4f67399\" data-element_type=\"container\" data-e-type=\"container\">\n\t\t\t\t\t<div class=\"e-con-inner\">\n\t\t\t\t<div class=\"elementor-element elementor-element-0f3925e elementor-hidden-mobile_extra elementor-hidden-mobile elementor-widget elementor-widget-image\" data-id=\"0f3925e\" data-element_type=\"widget\" data-e-type=\"widget\" data-widget_type=\"image.default\">\n\t\t\t\t<div class=\"elementor-widget-container\">\n\t\t\t\t\t\t\t\t\t\t\t\t\t\t\t<img decoding=\"async\" width=\"2048\" height=\"625\" src=\"https:\/\/energizer.com\/lat\/chile\/wp-content\/uploads\/sites\/5\/2024\/09\/WEB-CHARGER-banner.png\" class=\"attachment-full size-full wp-image-9885\" alt=\"WEB_CHARGER banner\" srcset=\"https:\/\/energizer.com\/lat\/chile\/wp-content\/uploads\/sites\/5\/2024\/09\/WEB-CHARGER-banner.png 2048w, https:\/\/energizer.com\/lat\/chile\/wp-content\/uploads\/sites\/5\/2024\/09\/WEB-CHARGER-banner-300x92.png 300w, https:\/\/energizer.com\/lat\/chile\/wp-content\/uploads\/sites\/5\/2024\/09\/WEB-CHARGER-banner-1024x313.png 1024w, https:\/\/energizer.com\/lat\/chile\/wp-content\/uploads\/sites\/5\/2024\/09\/WEB-CHARGER-banner-768x234.png 768w, https:\/\/energizer.com\/lat\/chile\/wp-content\/uploads\/sites\/5\/2024\/09\/WEB-CHARGER-banner-1536x469.png 1536w, https:\/\/energizer.com\/lat\/chile\/wp-content\/uploads\/sites\/5\/2024\/09\/WEB-CHARGER-banner-600x183.png 600w\" sizes=\"(max-width: 2048px) 100vw, 2048px\" \/>\t\t\t\t\t\t\t\t\t\t\t\t\t\t\t<\/div>\n\t\t\t\t<\/div>\n\t\t\t\t<div class=\"elementor-element elementor-element-0291602 elementor-hidden-widescreen elementor-hidden-desktop elementor-hidden-laptop elementor-hidden-tablet_extra elementor-hidden-tablet elementor-widget elementor-widget-image\" data-id=\"0291602\" data-element_type=\"widget\" data-e-type=\"widget\" data-widget_type=\"image.default\">\n\t\t\t\t<div class=\"elementor-widget-container\">\n\t\t\t\t\t\t\t\t\t\t\t\t\t\t\t<img loading=\"lazy\" decoding=\"async\" width=\"1563\" height=\"1563\" src=\"https:\/\/energizer.com\/lat\/chile\/wp-content\/uploads\/sites\/5\/2024\/09\/WEB_CONTROL_SPANISH-01.jpg\" class=\"attachment-full size-full wp-image-9884\" alt=\"WEB_CHARGER banner\" srcset=\"https:\/\/energizer.com\/lat\/chile\/wp-content\/uploads\/sites\/5\/2024\/09\/WEB_CONTROL_SPANISH-01.jpg 1563w, https:\/\/energizer.com\/lat\/chile\/wp-content\/uploads\/sites\/5\/2024\/09\/WEB_CONTROL_SPANISH-01-300x300.jpg 300w, https:\/\/energizer.com\/lat\/chile\/wp-content\/uploads\/sites\/5\/2024\/09\/WEB_CONTROL_SPANISH-01-1024x1024.jpg 1024w, https:\/\/energizer.com\/lat\/chile\/wp-content\/uploads\/sites\/5\/2024\/09\/WEB_CONTROL_SPANISH-01-150x150.jpg 150w, https:\/\/energizer.com\/lat\/chile\/wp-content\/uploads\/sites\/5\/2024\/09\/WEB_CONTROL_SPANISH-01-768x768.jpg 768w, https:\/\/energizer.com\/lat\/chile\/wp-content\/uploads\/sites\/5\/2024\/09\/WEB_CONTROL_SPANISH-01-1536x1536.jpg 1536w, https:\/\/energizer.com\/lat\/chile\/wp-content\/uploads\/sites\/5\/2024\/09\/WEB_CONTROL_SPANISH-01-600x600.jpg 600w, https:\/\/energizer.com\/lat\/chile\/wp-content\/uploads\/sites\/5\/2024\/09\/WEB_CONTROL_SPANISH-01-100x100.jpg 100w\" sizes=\"(max-width: 1563px) 100vw, 1563px\" \/>\t\t\t\t\t\t\t\t\t\t\t\t\t\t\t<\/div>\n\t\t\t\t<\/div>\n\t\t\t\t\t<\/div>\n\t\t\t\t<\/div>\n\t\t<div class=\"elementor-element elementor-element-0546b89 e-flex e-con-boxed e-con e-child\" data-id=\"0546b89\" data-element_type=\"container\" data-e-type=\"container\">\n\t\t\t\t\t<div class=\"e-con-inner\">\n\t\t\t\t<div class=\"elementor-element elementor-element-e4ff77c elementor-widget elementor-widget-heading\" data-id=\"e4ff77c\" data-element_type=\"widget\" data-e-type=\"widget\" data-widget_type=\"heading.default\">\n\t\t\t\t<div class=\"elementor-widget-container\">\n\t\t\t\t\t<h2 class=\"elementor-heading-title elementor-size-default\">nuestro portafolio\n<\/h2>\t\t\t\t<\/div>\n\t\t\t\t<\/div>\n\t\t\t\t<div class=\"woocommerce elementor-element elementor-element-bf14d6b elementor-grid-3 elementor-grid-tablet-2 elementor-grid-mobile-1 elementor-widget elementor-widget-loop-grid\" data-id=\"bf14d6b\" data-element_type=\"widget\" data-e-type=\"widget\" data-settings=\"{&quot;_skin&quot;:&quot;product&quot;,&quot;template_id&quot;:&quot;1961&quot;,&quot;columns&quot;:&quot;3&quot;,&quot;columns_tablet&quot;:&quot;2&quot;,&quot;columns_mobile&quot;:&quot;1&quot;,&quot;edit_handle_selector&quot;:&quot;[data-elementor-type=\\&quot;loop-item\\&quot;]&quot;,&quot;row_gap&quot;:{&quot;unit&quot;:&quot;px&quot;,&quot;size&quot;:&quot;&quot;,&quot;sizes&quot;:[]},&quot;row_gap_widescreen&quot;:{&quot;unit&quot;:&quot;px&quot;,&quot;size&quot;:&quot;&quot;,&quot;sizes&quot;:[]},&quot;row_gap_laptop&quot;:{&quot;unit&quot;:&quot;px&quot;,&quot;size&quot;:&quot;&quot;,&quot;sizes&quot;:[]},&quot;row_gap_tablet_extra&quot;:{&quot;unit&quot;:&quot;px&quot;,&quot;size&quot;:&quot;&quot;,&quot;sizes&quot;:[]},&quot;row_gap_tablet&quot;:{&quot;unit&quot;:&quot;px&quot;,&quot;size&quot;:&quot;&quot;,&quot;sizes&quot;:[]},&quot;row_gap_mobile_extra&quot;:{&quot;unit&quot;:&quot;px&quot;,&quot;size&quot;:&quot;&quot;,&quot;sizes&quot;:[]},&quot;row_gap_mobile&quot;:{&quot;unit&quot;:&quot;px&quot;,&quot;size&quot;:&quot;&quot;,&quot;sizes&quot;:[]}}\" data-widget_type=\"loop-grid.product\">\n\t\t\t\t<div class=\"elementor-widget-container\">\n\t\t\t\t\t\t\t<div class=\"elementor-loop-container elementor-grid\" role=\"list\">\n\t\t<style id=\"loop-1961\">.elementor-1961 .elementor-element.elementor-element-d017db0{--display:flex;--flex-direction:column;--container-widget-width:calc( ( 1 - var( --container-widget-flex-grow ) ) * 100% );--container-widget-height:initial;--container-widget-flex-grow:0;--container-widget-align-self:initial;--flex-wrap-mobile:wrap;--align-items:center;--gap:10px 10px;--row-gap:10px;--column-gap:10px;--margin-top:0px;--margin-bottom:0px;--margin-left:0px;--margin-right:0px;--padding-top:20px;--padding-bottom:20px;--padding-left:20px;--padding-right:20px;}.elementor-1961 .elementor-element.elementor-element-6bf2348 > .elementor-widget-container{margin:0px 0px 0px 0px;padding:0px 0px 0px 0px;}.elementor-widget-divider{--divider-color:var( --e-global-color-secondary );}.elementor-widget-divider .elementor-divider__text{color:var( --e-global-color-secondary );font-family:var( --e-global-typography-secondary-font-family ), Sans-serif;font-weight:var( --e-global-typography-secondary-font-weight );}.elementor-widget-divider.elementor-view-stacked .elementor-icon{background-color:var( --e-global-color-secondary );}.elementor-widget-divider.elementor-view-framed .elementor-icon, .elementor-widget-divider.elementor-view-default .elementor-icon{color:var( --e-global-color-secondary );border-color:var( --e-global-color-secondary );}.elementor-widget-divider.elementor-view-framed .elementor-icon, .elementor-widget-divider.elementor-view-default .elementor-icon svg{fill:var( --e-global-color-secondary );}.elementor-1961 .elementor-element.elementor-element-987629d{--divider-border-style:solid;--divider-color:var( --e-global-color-f87a979 );--divider-border-width:2px;}.elementor-1961 .elementor-element.elementor-element-987629d .elementor-divider-separator{width:100%;}.elementor-1961 .elementor-element.elementor-element-987629d .elementor-divider{padding-block-start:10px;padding-block-end:10px;}.elementor-1961 .elementor-element.elementor-element-56e3821 .custom-heading{color:var( --e-global-color-f87a979 );font-family:\"EnergiPro\", Sans-serif;font-size:24px;font-weight:600;text-transform:uppercase;text-decoration:underline;}.elementor-1961 .elementor-element.elementor-element-56e3821{text-align:center;}<\/style>\t\t<div data-elementor-type=\"loop-item\" data-elementor-id=\"1961\" class=\"elementor elementor-1961 e-loop-item e-loop-item-4713 post-4713 product type-product status-publish product_cat-recharge-battery-chargers first instock shipping-taxable product-type-simple\" data-elementor-post-type=\"elementor_library\" data-custom-edit-handle=\"1\">\n\t\t\t<div class=\"elementor-element elementor-element-d017db0 singleProduct e-flex e-con-boxed e-con e-parent\" data-id=\"d017db0\" data-element_type=\"container\" data-e-type=\"container\">\n\t\t\t\t\t<div class=\"e-con-inner\">\n\t\t\t\t<div class=\"elementor-element elementor-element-6bf2348 elementor-widget elementor-widget-shortcode\" data-id=\"6bf2348\" data-element_type=\"widget\" data-e-type=\"widget\" data-widget_type=\"shortcode.default\">\n\t\t\t\t<div class=\"elementor-widget-container\">\n\t\t\t\t\t\n\t\t\t\t<style>\n\t\t\t\t.searchloopItem .global-image-wrap {\n\t\t\t\t\theight: 120px;\n\t\t\t\t}\n\t\t\t\t.column-global_image .global-image-wrap {\n\t\t\t\t\theight: 50px;\n\t\t\t\t}\n \t\t\t\t.global-image-wrap {\n \t\t\t\t\theight: 250px;\n \t\t\t\t\tmax-width: 250px;\n \t\t\t\t\twidth: auto;\n \t\t\t\t}\n\t\t\t\timg.global-featured-image {\n\t\t\t\t\theight: 100%;\n\t\t\t\t\twidth: 100%;\n\t\t\t\t\tobject-fit: contain;\n\t\t\t\t}\n\t\t\t\t<\/style>\n\t\t\t\t<div class=\"global-image-wrap\"><a href=\"https:\/\/energizer.com\/lat\/chile\/product\/energizer-pro-charger\/\" aria-label=\"ENERGIZER\u00ae PRO-CHARGER\"><img decoding=\"async\" class=\"global-featured-image\" src=\"https:\/\/energizer.com\/lat\/chile\/wp-content\/uploads\/sites\/3\/mothermedia\/039800130525.png\" alt=\"ENERGIZER\u00ae PRO-CHARGER\"><\/a><\/div>\t\t<div class=\"elementor-shortcode\"><\/div>\n\t\t\t\t\t\t<\/div>\n\t\t\t\t<\/div>\n\t\t\t\t<div class=\"elementor-element elementor-element-987629d elementor-widget-divider--view-line elementor-widget elementor-widget-divider\" data-id=\"987629d\" data-element_type=\"widget\" data-e-type=\"widget\" data-widget_type=\"divider.default\">\n\t\t\t\t<div class=\"elementor-widget-container\">\n\t\t\t\t\t\t\t<div class=\"elementor-divider\">\n\t\t\t<span class=\"elementor-divider-separator\">\n\t\t\t\t\t\t<\/span>\n\t\t<\/div>\n\t\t\t\t\t\t<\/div>\n\t\t\t\t<\/div>\n\t\t\t\t<div class=\"elementor-element elementor-element-56e3821 elementor-widget elementor-widget-custom_heading\" data-id=\"56e3821\" data-element_type=\"widget\" data-e-type=\"widget\" data-widget_type=\"custom_heading.default\">\n\t\t\t\t<div class=\"elementor-widget-container\">\n\t\t\t\t\t<a href=\"https:\/\/energizer.com\/lat\/chile\/product\/energizer-pro-charger\/\" class=\"custom-heading\" aria-label=\"ENERGIZER\u00ae PRO-CHARGER\">ENERGIZER\u00ae PRO-CHARGER<\/a>\t\t\t\t<\/div>\n\t\t\t\t<\/div>\n\t\t\t\t\t<\/div>\n\t\t\t\t<\/div>\n\t\t\t\t<\/div>\n\t\t\t\t<div data-elementor-type=\"loop-item\" data-elementor-id=\"1961\" class=\"elementor elementor-1961 e-loop-item e-loop-item-4718 post-4718 product type-product status-publish product_cat-recharge-battery-chargers  instock shipping-taxable product-type-simple\" data-elementor-post-type=\"elementor_library\" data-custom-edit-handle=\"1\">\n\t\t\t<div class=\"elementor-element elementor-element-d017db0 singleProduct e-flex e-con-boxed e-con e-parent\" data-id=\"d017db0\" data-element_type=\"container\" data-e-type=\"container\">\n\t\t\t\t\t<div class=\"e-con-inner\">\n\t\t\t\t<div class=\"elementor-element elementor-element-6bf2348 elementor-widget elementor-widget-shortcode\" data-id=\"6bf2348\" data-element_type=\"widget\" data-e-type=\"widget\" data-widget_type=\"shortcode.default\">\n\t\t\t\t<div class=\"elementor-widget-container\">\n\t\t\t\t\t\n\t\t\t\t<style>\n\t\t\t\t.searchloopItem .global-image-wrap {\n\t\t\t\t\theight: 120px;\n\t\t\t\t}\n\t\t\t\t.column-global_image .global-image-wrap {\n\t\t\t\t\theight: 50px;\n\t\t\t\t}\n \t\t\t\t.global-image-wrap {\n \t\t\t\t\theight: 250px;\n \t\t\t\t\tmax-width: 250px;\n \t\t\t\t\twidth: auto;\n \t\t\t\t}\n\t\t\t\timg.global-featured-image {\n\t\t\t\t\theight: 100%;\n\t\t\t\t\twidth: 100%;\n\t\t\t\t\tobject-fit: contain;\n\t\t\t\t}\n\t\t\t\t<\/style>\n\t\t\t\t<div class=\"global-image-wrap\"><a href=\"https:\/\/energizer.com\/lat\/chile\/product\/energizer-maxi-charger\/\" aria-label=\"ENERGIZER\u00ae MAXI CHARGER\"><img decoding=\"async\" class=\"global-featured-image\" src=\"https:\/\/energizer.com\/lat\/chile\/wp-content\/uploads\/sites\/3\/mothermedia\/4891138941138.png\" alt=\"ENERGIZER\u00ae MAXI CHARGER\"><\/a><\/div>\t\t<div class=\"elementor-shortcode\"><\/div>\n\t\t\t\t\t\t<\/div>\n\t\t\t\t<\/div>\n\t\t\t\t<div class=\"elementor-element elementor-element-987629d elementor-widget-divider--view-line elementor-widget elementor-widget-divider\" data-id=\"987629d\" data-element_type=\"widget\" data-e-type=\"widget\" data-widget_type=\"divider.default\">\n\t\t\t\t<div class=\"elementor-widget-container\">\n\t\t\t\t\t\t\t<div class=\"elementor-divider\">\n\t\t\t<span class=\"elementor-divider-separator\">\n\t\t\t\t\t\t<\/span>\n\t\t<\/div>\n\t\t\t\t\t\t<\/div>\n\t\t\t\t<\/div>\n\t\t\t\t<div class=\"elementor-element elementor-element-56e3821 elementor-widget elementor-widget-custom_heading\" data-id=\"56e3821\" data-element_type=\"widget\" data-e-type=\"widget\" data-widget_type=\"custom_heading.default\">\n\t\t\t\t<div class=\"elementor-widget-container\">\n\t\t\t\t\t<a href=\"https:\/\/energizer.com\/lat\/chile\/product\/energizer-maxi-charger\/\" class=\"custom-heading\" aria-label=\"ENERGIZER\u00ae MAXI CHARGER\">ENERGIZER\u00ae MAXI CHARGER<\/a>\t\t\t\t<\/div>\n\t\t\t\t<\/div>\n\t\t\t\t\t<\/div>\n\t\t\t\t<\/div>\n\t\t\t\t<\/div>\n\t\t\t\t<div data-elementor-type=\"loop-item\" data-elementor-id=\"1961\" class=\"elementor elementor-1961 e-loop-item e-loop-item-4723 post-4723 product type-product status-publish product_cat-recharge-battery-chargers  instock shipping-taxable product-type-simple\" data-elementor-post-type=\"elementor_library\" data-custom-edit-handle=\"1\">\n\t\t\t<div class=\"elementor-element elementor-element-d017db0 singleProduct e-flex e-con-boxed e-con e-parent\" data-id=\"d017db0\" data-element_type=\"container\" data-e-type=\"container\">\n\t\t\t\t\t<div class=\"e-con-inner\">\n\t\t\t\t<div class=\"elementor-element elementor-element-6bf2348 elementor-widget elementor-widget-shortcode\" data-id=\"6bf2348\" data-element_type=\"widget\" data-e-type=\"widget\" data-widget_type=\"shortcode.default\">\n\t\t\t\t<div class=\"elementor-widget-container\">\n\t\t\t\t\t\n\t\t\t\t<style>\n\t\t\t\t.searchloopItem .global-image-wrap {\n\t\t\t\t\theight: 120px;\n\t\t\t\t}\n\t\t\t\t.column-global_image .global-image-wrap {\n\t\t\t\t\theight: 50px;\n\t\t\t\t}\n \t\t\t\t.global-image-wrap {\n \t\t\t\t\theight: 250px;\n \t\t\t\t\tmax-width: 250px;\n \t\t\t\t\twidth: auto;\n \t\t\t\t}\n\t\t\t\timg.global-featured-image {\n\t\t\t\t\theight: 100%;\n\t\t\t\t\twidth: 100%;\n\t\t\t\t\tobject-fit: contain;\n\t\t\t\t}\n\t\t\t\t<\/style>\n\t\t\t\t<div class=\"global-image-wrap\"><a href=\"https:\/\/energizer.com\/lat\/chile\/product\/energizer-mini-charger\/\" aria-label=\"ENERGIZER\u00ae MINI CHARGER\"><img decoding=\"async\" class=\"global-featured-image\" src=\"https:\/\/energizer.com\/lat\/chile\/wp-content\/uploads\/sites\/3\/mothermedia\/4891138941039.png\" alt=\"ENERGIZER\u00ae MINI CHARGER\"><\/a><\/div>\t\t<div class=\"elementor-shortcode\"><\/div>\n\t\t\t\t\t\t<\/div>\n\t\t\t\t<\/div>\n\t\t\t\t<div class=\"elementor-element elementor-element-987629d elementor-widget-divider--view-line elementor-widget elementor-widget-divider\" data-id=\"987629d\" data-element_type=\"widget\" data-e-type=\"widget\" data-widget_type=\"divider.default\">\n\t\t\t\t<div class=\"elementor-widget-container\">\n\t\t\t\t\t\t\t<div class=\"elementor-divider\">\n\t\t\t<span class=\"elementor-divider-separator\">\n\t\t\t\t\t\t<\/span>\n\t\t<\/div>\n\t\t\t\t\t\t<\/div>\n\t\t\t\t<\/div>\n\t\t\t\t<div class=\"elementor-element elementor-element-56e3821 elementor-widget elementor-widget-custom_heading\" data-id=\"56e3821\" data-element_type=\"widget\" data-e-type=\"widget\" data-widget_type=\"custom_heading.default\">\n\t\t\t\t<div class=\"elementor-widget-container\">\n\t\t\t\t\t<a href=\"https:\/\/energizer.com\/lat\/chile\/product\/energizer-mini-charger\/\" class=\"custom-heading\" aria-label=\"ENERGIZER\u00ae MINI CHARGER\">ENERGIZER\u00ae MINI CHARGER<\/a>\t\t\t\t<\/div>\n\t\t\t\t<\/div>\n\t\t\t\t\t<\/div>\n\t\t\t\t<\/div>\n\t\t\t\t<\/div>\n\t\t\t\t<div data-elementor-type=\"loop-item\" data-elementor-id=\"1961\" class=\"elementor elementor-1961 e-loop-item e-loop-item-4720 post-4720 product type-product status-publish product_cat-recharge-battery-chargers last instock shipping-taxable product-type-simple\" data-elementor-post-type=\"elementor_library\" data-custom-edit-handle=\"1\">\n\t\t\t<div class=\"elementor-element elementor-element-d017db0 singleProduct e-flex e-con-boxed e-con e-parent\" data-id=\"d017db0\" data-element_type=\"container\" data-e-type=\"container\">\n\t\t\t\t\t<div class=\"e-con-inner\">\n\t\t\t\t<div class=\"elementor-element elementor-element-6bf2348 elementor-widget elementor-widget-shortcode\" data-id=\"6bf2348\" data-element_type=\"widget\" data-e-type=\"widget\" data-widget_type=\"shortcode.default\">\n\t\t\t\t<div class=\"elementor-widget-container\">\n\t\t\t\t\t\n\t\t\t\t<style>\n\t\t\t\t.searchloopItem .global-image-wrap {\n\t\t\t\t\theight: 120px;\n\t\t\t\t}\n\t\t\t\t.column-global_image .global-image-wrap {\n\t\t\t\t\theight: 50px;\n\t\t\t\t}\n \t\t\t\t.global-image-wrap {\n \t\t\t\t\theight: 250px;\n \t\t\t\t\tmax-width: 250px;\n \t\t\t\t\twidth: auto;\n \t\t\t\t}\n\t\t\t\timg.global-featured-image {\n\t\t\t\t\theight: 100%;\n\t\t\t\t\twidth: 100%;\n\t\t\t\t\tobject-fit: contain;\n\t\t\t\t}\n\t\t\t\t<\/style>\n\t\t\t\t<div class=\"global-image-wrap\"><a href=\"https:\/\/energizer.com\/lat\/chile\/product\/energizer-universal-charger\/\" aria-label=\"ENERGIZER\u00ae UNIVERSAL CHARGER\"><img decoding=\"async\" class=\"global-featured-image\" src=\"https:\/\/energizer.com\/lat\/chile\/wp-content\/uploads\/sites\/3\/mothermedia\/7638900423709.png\" alt=\"ENERGIZER\u00ae UNIVERSAL CHARGER\"><\/a><\/div>\t\t<div class=\"elementor-shortcode\"><\/div>\n\t\t\t\t\t\t<\/div>\n\t\t\t\t<\/div>\n\t\t\t\t<div class=\"elementor-element elementor-element-987629d elementor-widget-divider--view-line elementor-widget elementor-widget-divider\" data-id=\"987629d\" data-element_type=\"widget\" data-e-type=\"widget\" data-widget_type=\"divider.default\">\n\t\t\t\t<div class=\"elementor-widget-container\">\n\t\t\t\t\t\t\t<div class=\"elementor-divider\">\n\t\t\t<span class=\"elementor-divider-separator\">\n\t\t\t\t\t\t<\/span>\n\t\t<\/div>\n\t\t\t\t\t\t<\/div>\n\t\t\t\t<\/div>\n\t\t\t\t<div class=\"elementor-element elementor-element-56e3821 elementor-widget elementor-widget-custom_heading\" data-id=\"56e3821\" data-element_type=\"widget\" data-e-type=\"widget\" data-widget_type=\"custom_heading.default\">\n\t\t\t\t<div class=\"elementor-widget-container\">\n\t\t\t\t\t<a href=\"https:\/\/energizer.com\/lat\/chile\/product\/energizer-universal-charger\/\" class=\"custom-heading\" aria-label=\"ENERGIZER\u00ae UNIVERSAL CHARGER\">ENERGIZER\u00ae UNIVERSAL CHARGER<\/a>\t\t\t\t<\/div>\n\t\t\t\t<\/div>\n\t\t\t\t\t<\/div>\n\t\t\t\t<\/div>\n\t\t\t\t<\/div>\n\t\t\t\t<\/div>\n\t\t\n\t\t\t\t\t\t<\/div>\n\t\t\t\t<\/div>\n\t\t\t\t\t<\/div>\n\t\t\t\t<\/div>\n\t\t\t\t\t<\/div>\n\t\t\t\t<\/div>\n\t\t\t\t<\/div>\n\t\t","protected":false},"excerpt":{"rendered":"<p>Cargadores de bater\u00edas Energizer Recharge\u00ae Imagine no tener que comprar pilas constantemente. Con las bater\u00edas Energizer Recharge\u00ae, ahorrar\u00e1 dinero en bater\u00edas para su c\u00e1mara digital, dispositivo GPS, juguetes y sistema de juegos inal\u00e1mbrico, en comparaci\u00f3n con las bater\u00edas de un solo uso. Y con cargadores de pilas como nuestro cargador Energizer Recharge\u00ae Pro de alto [&hellip;]<\/p>\n","protected":false},"author":2,"featured_media":0,"parent":1003,"menu_order":0,"comment_status":"closed","ping_status":"closed","template":"elementor_header_footer","meta":{"_acf_changed":false,"footnotes":""},"class_list":["post-4436","page","type-page","status-publish","hentry"],"acf":[],"_links":{"self":[{"href":"https:\/\/energizer.com\/lat\/chile\/wp-json\/wp\/v2\/pages\/4436","targetHints":{"allow":["GET"]}}],"collection":[{"href":"https:\/\/energizer.com\/lat\/chile\/wp-json\/wp\/v2\/pages"}],"about":[{"href":"https:\/\/energizer.com\/lat\/chile\/wp-json\/wp\/v2\/types\/page"}],"author":[{"embeddable":true,"href":"https:\/\/energizer.com\/lat\/chile\/wp-json\/wp\/v2\/users\/2"}],"replies":[{"embeddable":true,"href":"https:\/\/energizer.com\/lat\/chile\/wp-json\/wp\/v2\/comments?post=4436"}],"version-history":[{"count":46,"href":"https:\/\/energizer.com\/lat\/chile\/wp-json\/wp\/v2\/pages\/4436\/revisions"}],"predecessor-version":[{"id":10229,"href":"https:\/\/energizer.com\/lat\/chile\/wp-json\/wp\/v2\/pages\/4436\/revisions\/10229"}],"up":[{"embeddable":true,"href":"https:\/\/energizer.com\/lat\/chile\/wp-json\/wp\/v2\/pages\/1003"}],"wp:attachment":[{"href":"https:\/\/energizer.com\/lat\/chile\/wp-json\/wp\/v2\/media?parent=4436"}],"curies":[{"name":"wp","href":"https:\/\/api.w.org\/{rel}","templated":true}]}}