{"id":4680,"date":"2024-05-17T08:03:29","date_gmt":"2024-05-17T08:03:29","guid":{"rendered":"https:\/\/c487eefeea.nxcli.io\/chile\/?page_id=4680"},"modified":"2024-09-10T05:48:57","modified_gmt":"2024-09-10T05:48:57","slug":"responsibility","status":"publish","type":"page","link":"https:\/\/energizer.com\/lat\/chile\/responsibility\/","title":{"rendered":"Responsibility"},"content":{"rendered":"\t\t<div data-elementor-type=\"wp-page\" data-elementor-id=\"4680\" class=\"elementor elementor-4680\" data-elementor-post-type=\"page\">\n\t\t\t\t<div class=\"elementor-element elementor-element-2a2ddb6 e-flex e-con-boxed e-con e-parent\" data-id=\"2a2ddb6\" data-element_type=\"container\" data-e-type=\"container\">\n\t\t\t\t\t<div class=\"e-con-inner\">\n\t\t\t\t<div class=\"elementor-element elementor-element-05a0f68 elementor-hidden-mobile_extra elementor-hidden-mobile elementor-widget elementor-widget-image\" data-id=\"05a0f68\" data-element_type=\"widget\" data-e-type=\"widget\" data-widget_type=\"image.default\">\n\t\t\t\t<div class=\"elementor-widget-container\">\n\t\t\t\t\t\t\t\t\t\t\t\t\t\t\t<img fetchpriority=\"high\" decoding=\"async\" width=\"2560\" height=\"1110\" src=\"https:\/\/energizer.com\/lat\/chile\/wp-content\/uploads\/sites\/5\/2024\/09\/RESPONSABILITY_SPANISH_MRE-02-scaled.jpg\" class=\"attachment-full size-full wp-image-9872\" alt=\"RESPONSABILITY\" srcset=\"https:\/\/energizer.com\/lat\/chile\/wp-content\/uploads\/sites\/5\/2024\/09\/RESPONSABILITY_SPANISH_MRE-02-scaled.jpg 2560w, https:\/\/energizer.com\/lat\/chile\/wp-content\/uploads\/sites\/5\/2024\/09\/RESPONSABILITY_SPANISH_MRE-02-300x130.jpg 300w, https:\/\/energizer.com\/lat\/chile\/wp-content\/uploads\/sites\/5\/2024\/09\/RESPONSABILITY_SPANISH_MRE-02-1024x444.jpg 1024w, https:\/\/energizer.com\/lat\/chile\/wp-content\/uploads\/sites\/5\/2024\/09\/RESPONSABILITY_SPANISH_MRE-02-768x333.jpg 768w, https:\/\/energizer.com\/lat\/chile\/wp-content\/uploads\/sites\/5\/2024\/09\/RESPONSABILITY_SPANISH_MRE-02-1536x666.jpg 1536w, https:\/\/energizer.com\/lat\/chile\/wp-content\/uploads\/sites\/5\/2024\/09\/RESPONSABILITY_SPANISH_MRE-02-2048x888.jpg 2048w, https:\/\/energizer.com\/lat\/chile\/wp-content\/uploads\/sites\/5\/2024\/09\/RESPONSABILITY_SPANISH_MRE-02-600x260.jpg 600w\" sizes=\"(max-width: 2560px) 100vw, 2560px\" \/>\t\t\t\t\t\t\t\t\t\t\t\t\t\t\t<\/div>\n\t\t\t\t<\/div>\n\t\t\t\t<div class=\"elementor-element elementor-element-9ef4d62 elementor-hidden-widescreen elementor-hidden-desktop elementor-hidden-laptop elementor-hidden-tablet_extra elementor-hidden-tablet elementor-widget elementor-widget-image\" data-id=\"9ef4d62\" data-element_type=\"widget\" data-e-type=\"widget\" data-widget_type=\"image.default\">\n\t\t\t\t<div class=\"elementor-widget-container\">\n\t\t\t\t\t\t\t\t\t\t\t\t\t\t\t<img decoding=\"async\" width=\"1563\" height=\"1564\" src=\"https:\/\/energizer.com\/lat\/chile\/wp-content\/uploads\/sites\/5\/2024\/09\/RESPONSABILITY_SPANISH_MRE-01.jpg\" class=\"attachment-full size-full wp-image-9871\" alt=\"RESPONSABILITY\" srcset=\"https:\/\/energizer.com\/lat\/chile\/wp-content\/uploads\/sites\/5\/2024\/09\/RESPONSABILITY_SPANISH_MRE-01.jpg 1563w, https:\/\/energizer.com\/lat\/chile\/wp-content\/uploads\/sites\/5\/2024\/09\/RESPONSABILITY_SPANISH_MRE-01-300x300.jpg 300w, https:\/\/energizer.com\/lat\/chile\/wp-content\/uploads\/sites\/5\/2024\/09\/RESPONSABILITY_SPANISH_MRE-01-1024x1024.jpg 1024w, https:\/\/energizer.com\/lat\/chile\/wp-content\/uploads\/sites\/5\/2024\/09\/RESPONSABILITY_SPANISH_MRE-01-150x150.jpg 150w, https:\/\/energizer.com\/lat\/chile\/wp-content\/uploads\/sites\/5\/2024\/09\/RESPONSABILITY_SPANISH_MRE-01-768x768.jpg 768w, https:\/\/energizer.com\/lat\/chile\/wp-content\/uploads\/sites\/5\/2024\/09\/RESPONSABILITY_SPANISH_MRE-01-1536x1536.jpg 1536w, https:\/\/energizer.com\/lat\/chile\/wp-content\/uploads\/sites\/5\/2024\/09\/RESPONSABILITY_SPANISH_MRE-01-600x600.jpg 600w, https:\/\/energizer.com\/lat\/chile\/wp-content\/uploads\/sites\/5\/2024\/09\/RESPONSABILITY_SPANISH_MRE-01-100x100.jpg 100w\" sizes=\"(max-width: 1563px) 100vw, 1563px\" \/>\t\t\t\t\t\t\t\t\t\t\t\t\t\t\t<\/div>\n\t\t\t\t<\/div>\n\t\t\t\t\t<\/div>\n\t\t\t\t<\/div>\n\t\t<div class=\"elementor-element elementor-element-182a25b e-flex e-con-boxed e-con e-parent\" data-id=\"182a25b\" data-element_type=\"container\" data-e-type=\"container\">\n\t\t\t\t\t<div class=\"e-con-inner\">\n\t\t<div class=\"elementor-element elementor-element-135aa24 e-grid e-con-full e-con e-child\" data-id=\"135aa24\" data-element_type=\"container\" data-e-type=\"container\">\n\t\t<div class=\"elementor-element elementor-element-df2eadc e-transform e-flex e-con-boxed e-con e-child\" data-id=\"df2eadc\" data-element_type=\"container\" data-e-type=\"container\" data-settings=\"{&quot;_transform_scale_effect_hover&quot;:{&quot;unit&quot;:&quot;px&quot;,&quot;size&quot;:0.94999999999999996,&quot;sizes&quot;:[]},&quot;_transform_scale_effect_hover_widescreen&quot;:{&quot;unit&quot;:&quot;px&quot;,&quot;size&quot;:&quot;&quot;,&quot;sizes&quot;:[]},&quot;_transform_scale_effect_hover_laptop&quot;:{&quot;unit&quot;:&quot;px&quot;,&quot;size&quot;:&quot;&quot;,&quot;sizes&quot;:[]},&quot;_transform_scale_effect_hover_tablet_extra&quot;:{&quot;unit&quot;:&quot;px&quot;,&quot;size&quot;:&quot;&quot;,&quot;sizes&quot;:[]},&quot;_transform_scale_effect_hover_tablet&quot;:{&quot;unit&quot;:&quot;px&quot;,&quot;size&quot;:&quot;&quot;,&quot;sizes&quot;:[]},&quot;_transform_scale_effect_hover_mobile_extra&quot;:{&quot;unit&quot;:&quot;px&quot;,&quot;size&quot;:&quot;&quot;,&quot;sizes&quot;:[]},&quot;_transform_scale_effect_hover_mobile&quot;:{&quot;unit&quot;:&quot;px&quot;,&quot;size&quot;:&quot;&quot;,&quot;sizes&quot;:[]}}\">\n\t\t\t\t\t<div class=\"e-con-inner\">\n\t\t\t\t<div class=\"elementor-element elementor-element-378ba29 elementor-widget elementor-widget-image\" data-id=\"378ba29\" data-element_type=\"widget\" data-e-type=\"widget\" data-widget_type=\"image.default\">\n\t\t\t\t<div class=\"elementor-widget-container\">\n\t\t\t\t\t\t\t\t\t\t\t\t\t\t\t\t<a href=\"https:\/\/energizerchildsafety.com\/3in1\/chile\/\" target=\"_blank\" aria-label=\"Coin lithium safety\">\n\t\t\t\t\t\t\t<img decoding=\"async\" width=\"1152\" height=\"678\" src=\"https:\/\/energizer.com\/lat\/chile\/wp-content\/uploads\/sites\/5\/2024\/05\/bttry3.webp\" class=\"attachment-full size-full wp-image-4701\" alt=\"Coin lithium safety\" srcset=\"https:\/\/energizer.com\/lat\/chile\/wp-content\/uploads\/sites\/5\/2024\/05\/bttry3.webp 1152w, https:\/\/energizer.com\/lat\/chile\/wp-content\/uploads\/sites\/5\/2024\/05\/bttry3-300x177.webp 300w, https:\/\/energizer.com\/lat\/chile\/wp-content\/uploads\/sites\/5\/2024\/05\/bttry3-1024x603.webp 1024w, https:\/\/energizer.com\/lat\/chile\/wp-content\/uploads\/sites\/5\/2024\/05\/bttry3-768x452.webp 768w, https:\/\/energizer.com\/lat\/chile\/wp-content\/uploads\/sites\/5\/2024\/05\/bttry3-600x353.webp 600w\" sizes=\"(max-width: 1152px) 100vw, 1152px\" \/>\t\t\t\t\t\t\t\t<\/a>\n\t\t\t\t\t\t\t\t\t\t\t\t\t\t\t<\/div>\n\t\t\t\t<\/div>\n\t\t\t\t<div class=\"elementor-element elementor-element-d4d1067 elementor-widget elementor-widget-heading\" data-id=\"d4d1067\" data-element_type=\"widget\" data-e-type=\"widget\" data-widget_type=\"heading.default\">\n\t\t\t\t<div class=\"elementor-widget-container\">\n\t\t\t\t\t<h3 class=\"elementor-heading-title elementor-size-default\"><a href=\"https:\/\/energizerchildsafety.com\/3in1\/chile\/\" target=\"_blank\" aria-label=\"Coin lithium safety\">Seguridad de las pilas <br>de litio<\/a><\/h3>\t\t\t\t<\/div>\n\t\t\t\t<\/div>\n\t\t\t\t<div class=\"elementor-element elementor-element-89e2d6d elementor-widget elementor-widget-heading\" data-id=\"89e2d6d\" data-element_type=\"widget\" data-e-type=\"widget\" data-widget_type=\"heading.default\">\n\t\t\t\t<div class=\"elementor-widget-container\">\n\t\t\t\t\t<h4 class=\"elementor-heading-title elementor-size-default\"><a href=\"https:\/\/energizerchildsafety.com\/3in1\/chile\/\" target=\"_blank\" aria-label=\"Coin lithium safety\">Un peque\u00f1o cambio para un hogar m\u00e1s seguro<\/a><\/h4>\t\t\t\t<\/div>\n\t\t\t\t<\/div>\n\t\t\t\t\t<\/div>\n\t\t\t\t<\/div>\n\t\t<div class=\"elementor-element elementor-element-28d87f9 e-transform e-flex e-con-boxed e-con e-child\" data-id=\"28d87f9\" data-element_type=\"container\" data-e-type=\"container\" data-settings=\"{&quot;_transform_scale_effect_hover&quot;:{&quot;unit&quot;:&quot;px&quot;,&quot;size&quot;:0.94999999999999996,&quot;sizes&quot;:[]},&quot;_transform_scale_effect_hover_widescreen&quot;:{&quot;unit&quot;:&quot;px&quot;,&quot;size&quot;:&quot;&quot;,&quot;sizes&quot;:[]},&quot;_transform_scale_effect_hover_laptop&quot;:{&quot;unit&quot;:&quot;px&quot;,&quot;size&quot;:&quot;&quot;,&quot;sizes&quot;:[]},&quot;_transform_scale_effect_hover_tablet_extra&quot;:{&quot;unit&quot;:&quot;px&quot;,&quot;size&quot;:&quot;&quot;,&quot;sizes&quot;:[]},&quot;_transform_scale_effect_hover_tablet&quot;:{&quot;unit&quot;:&quot;px&quot;,&quot;size&quot;:&quot;&quot;,&quot;sizes&quot;:[]},&quot;_transform_scale_effect_hover_mobile_extra&quot;:{&quot;unit&quot;:&quot;px&quot;,&quot;size&quot;:&quot;&quot;,&quot;sizes&quot;:[]},&quot;_transform_scale_effect_hover_mobile&quot;:{&quot;unit&quot;:&quot;px&quot;,&quot;size&quot;:&quot;&quot;,&quot;sizes&quot;:[]}}\">\n\t\t\t\t\t<div class=\"e-con-inner\">\n\t\t\t\t<div class=\"elementor-element elementor-element-bd81910 elementor-widget elementor-widget-image\" data-id=\"bd81910\" data-element_type=\"widget\" data-e-type=\"widget\" data-widget_type=\"image.default\">\n\t\t\t\t<div class=\"elementor-widget-container\">\n\t\t\t\t\t\t\t\t\t\t\t\t\t\t\t<img loading=\"lazy\" decoding=\"async\" width=\"1152\" height=\"678\" src=\"https:\/\/energizer.com\/lat\/chile\/wp-content\/uploads\/sites\/5\/2024\/05\/btry1.webp\" class=\"attachment-full size-full wp-image-4697\" alt=\"battery recycling\" srcset=\"https:\/\/energizer.com\/lat\/chile\/wp-content\/uploads\/sites\/5\/2024\/05\/btry1.webp 1152w, https:\/\/energizer.com\/lat\/chile\/wp-content\/uploads\/sites\/5\/2024\/05\/btry1-300x177.webp 300w, https:\/\/energizer.com\/lat\/chile\/wp-content\/uploads\/sites\/5\/2024\/05\/btry1-1024x603.webp 1024w, https:\/\/energizer.com\/lat\/chile\/wp-content\/uploads\/sites\/5\/2024\/05\/btry1-768x452.webp 768w, https:\/\/energizer.com\/lat\/chile\/wp-content\/uploads\/sites\/5\/2024\/05\/btry1-600x353.webp 600w\" sizes=\"(max-width: 1152px) 100vw, 1152px\" \/>\t\t\t\t\t\t\t\t\t\t\t\t\t\t\t<\/div>\n\t\t\t\t<\/div>\n\t\t\t\t<div class=\"elementor-element elementor-element-f0f71c0 elementor-widget elementor-widget-heading\" data-id=\"f0f71c0\" data-element_type=\"widget\" data-e-type=\"widget\" data-widget_type=\"heading.default\">\n\t\t\t\t<div class=\"elementor-widget-container\">\n\t\t\t\t\t<h3 class=\"elementor-heading-title elementor-size-default\">Responsabilidad<\/h3>\t\t\t\t<\/div>\n\t\t\t\t<\/div>\n\t\t\t\t<div class=\"elementor-element elementor-element-aaae6f6 elementor-widget elementor-widget-heading\" data-id=\"aaae6f6\" data-element_type=\"widget\" data-e-type=\"widget\" data-widget_type=\"heading.default\">\n\t\t\t\t<div class=\"elementor-widget-container\">\n\t\t\t\t\t<h4 class=\"elementor-heading-title elementor-size-default\">Creemos en el poder del reciclaje.<\/h4>\t\t\t\t<\/div>\n\t\t\t\t<\/div>\n\t\t\t\t\t<\/div>\n\t\t\t\t<\/div>\n\t\t<div class=\"elementor-element elementor-element-59f05e5 e-transform e-flex e-con-boxed e-con e-child\" data-id=\"59f05e5\" data-element_type=\"container\" data-e-type=\"container\" data-settings=\"{&quot;_transform_scale_effect_hover&quot;:{&quot;unit&quot;:&quot;px&quot;,&quot;size&quot;:0.94999999999999996,&quot;sizes&quot;:[]},&quot;_transform_scale_effect_hover_widescreen&quot;:{&quot;unit&quot;:&quot;px&quot;,&quot;size&quot;:&quot;&quot;,&quot;sizes&quot;:[]},&quot;_transform_scale_effect_hover_laptop&quot;:{&quot;unit&quot;:&quot;px&quot;,&quot;size&quot;:&quot;&quot;,&quot;sizes&quot;:[]},&quot;_transform_scale_effect_hover_tablet_extra&quot;:{&quot;unit&quot;:&quot;px&quot;,&quot;size&quot;:&quot;&quot;,&quot;sizes&quot;:[]},&quot;_transform_scale_effect_hover_tablet&quot;:{&quot;unit&quot;:&quot;px&quot;,&quot;size&quot;:&quot;&quot;,&quot;sizes&quot;:[]},&quot;_transform_scale_effect_hover_mobile_extra&quot;:{&quot;unit&quot;:&quot;px&quot;,&quot;size&quot;:&quot;&quot;,&quot;sizes&quot;:[]},&quot;_transform_scale_effect_hover_mobile&quot;:{&quot;unit&quot;:&quot;px&quot;,&quot;size&quot;:&quot;&quot;,&quot;sizes&quot;:[]}}\">\n\t\t\t\t\t<div class=\"e-con-inner\">\n\t\t\t\t<div class=\"elementor-element elementor-element-3b13789 elementor-widget elementor-widget-image\" data-id=\"3b13789\" data-element_type=\"widget\" data-e-type=\"widget\" data-widget_type=\"image.default\">\n\t\t\t\t<div class=\"elementor-widget-container\">\n\t\t\t\t\t\t\t\t\t\t\t\t\t\t\t\t<a href=\"https:\/\/energizer.com\/lat\/chile\/responsibility\/preparedness\/\" aria-label=\"plan prepare\">\n\t\t\t\t\t\t\t<img loading=\"lazy\" decoding=\"async\" width=\"1137\" height=\"678\" src=\"https:\/\/energizer.com\/lat\/chile\/wp-content\/uploads\/sites\/5\/2024\/09\/preparedness-spain.png\" class=\"attachment-full size-full wp-image-9870\" alt=\"preparedness\" srcset=\"https:\/\/energizer.com\/lat\/chile\/wp-content\/uploads\/sites\/5\/2024\/09\/preparedness-spain.png 1137w, https:\/\/energizer.com\/lat\/chile\/wp-content\/uploads\/sites\/5\/2024\/09\/preparedness-spain-300x179.png 300w, https:\/\/energizer.com\/lat\/chile\/wp-content\/uploads\/sites\/5\/2024\/09\/preparedness-spain-1024x611.png 1024w, https:\/\/energizer.com\/lat\/chile\/wp-content\/uploads\/sites\/5\/2024\/09\/preparedness-spain-768x458.png 768w, https:\/\/energizer.com\/lat\/chile\/wp-content\/uploads\/sites\/5\/2024\/09\/preparedness-spain-600x358.png 600w\" sizes=\"(max-width: 1137px) 100vw, 1137px\" \/>\t\t\t\t\t\t\t\t<\/a>\n\t\t\t\t\t\t\t\t\t\t\t\t\t\t\t<\/div>\n\t\t\t\t<\/div>\n\t\t\t\t<div class=\"elementor-element elementor-element-3ed120b elementor-widget elementor-widget-heading\" data-id=\"3ed120b\" data-element_type=\"widget\" data-e-type=\"widget\" data-widget_type=\"heading.default\">\n\t\t\t\t<div class=\"elementor-widget-container\">\n\t\t\t\t\t<h3 class=\"elementor-heading-title elementor-size-default\"><a href=\"https:\/\/energizer.com\/lat\/chile\/responsibility\/preparedness\/\" aria-label=\"plan prepare\">Preparaci\u00f3n<\/a><\/h3>\t\t\t\t<\/div>\n\t\t\t\t<\/div>\n\t\t\t\t<div class=\"elementor-element elementor-element-a0e0e14 elementor-widget elementor-widget-heading\" data-id=\"a0e0e14\" data-element_type=\"widget\" data-e-type=\"widget\" data-widget_type=\"heading.default\">\n\t\t\t\t<div class=\"elementor-widget-container\">\n\t\t\t\t\t<h4 class=\"elementor-heading-title elementor-size-default\"><a href=\"https:\/\/energizer.com\/lat\/chile\/responsibility\/preparedness\/\" aria-label=\"plan prepare\">Prep\u00e1rese para capear cualquier temporal con la ayuda de Energizer<\/a><\/h4>\t\t\t\t<\/div>\n\t\t\t\t<\/div>\n\t\t\t\t\t<\/div>\n\t\t\t\t<\/div>\n\t\t<div class=\"elementor-element elementor-element-4ed3370 e-transform e-flex e-con-boxed e-con e-child\" data-id=\"4ed3370\" data-element_type=\"container\" data-e-type=\"container\" data-settings=\"{&quot;_transform_scale_effect_hover&quot;:{&quot;unit&quot;:&quot;px&quot;,&quot;size&quot;:0.94999999999999996,&quot;sizes&quot;:[]},&quot;_transform_scale_effect_hover_widescreen&quot;:{&quot;unit&quot;:&quot;px&quot;,&quot;size&quot;:&quot;&quot;,&quot;sizes&quot;:[]},&quot;_transform_scale_effect_hover_laptop&quot;:{&quot;unit&quot;:&quot;px&quot;,&quot;size&quot;:&quot;&quot;,&quot;sizes&quot;:[]},&quot;_transform_scale_effect_hover_tablet_extra&quot;:{&quot;unit&quot;:&quot;px&quot;,&quot;size&quot;:&quot;&quot;,&quot;sizes&quot;:[]},&quot;_transform_scale_effect_hover_tablet&quot;:{&quot;unit&quot;:&quot;px&quot;,&quot;size&quot;:&quot;&quot;,&quot;sizes&quot;:[]},&quot;_transform_scale_effect_hover_mobile_extra&quot;:{&quot;unit&quot;:&quot;px&quot;,&quot;size&quot;:&quot;&quot;,&quot;sizes&quot;:[]},&quot;_transform_scale_effect_hover_mobile&quot;:{&quot;unit&quot;:&quot;px&quot;,&quot;size&quot;:&quot;&quot;,&quot;sizes&quot;:[]}}\">\n\t\t\t\t\t<div class=\"e-con-inner\">\n\t\t\t\t<div class=\"elementor-element elementor-element-35186d2 elementor-widget elementor-widget-image\" data-id=\"35186d2\" data-element_type=\"widget\" data-e-type=\"widget\" data-widget_type=\"image.default\">\n\t\t\t\t<div class=\"elementor-widget-container\">\n\t\t\t\t\t\t\t\t\t\t\t\t\t\t\t\t<a href=\"https:\/\/energizer.com\/lat\/chile\/responsibility\/top-5-ways-to-prepare-for-a-power-outage\/\" aria-label=\"preparedness\">\n\t\t\t\t\t\t\t<img loading=\"lazy\" decoding=\"async\" width=\"1137\" height=\"678\" src=\"https:\/\/energizer.com\/lat\/chile\/wp-content\/uploads\/sites\/5\/2024\/05\/bttry8.webp\" class=\"attachment-full size-full wp-image-4703\" alt=\"preparedness\" srcset=\"https:\/\/energizer.com\/lat\/chile\/wp-content\/uploads\/sites\/5\/2024\/05\/bttry8.webp 1137w, https:\/\/energizer.com\/lat\/chile\/wp-content\/uploads\/sites\/5\/2024\/05\/bttry8-300x179.webp 300w, https:\/\/energizer.com\/lat\/chile\/wp-content\/uploads\/sites\/5\/2024\/05\/bttry8-1024x611.webp 1024w, https:\/\/energizer.com\/lat\/chile\/wp-content\/uploads\/sites\/5\/2024\/05\/bttry8-768x458.webp 768w, https:\/\/energizer.com\/lat\/chile\/wp-content\/uploads\/sites\/5\/2024\/05\/bttry8-600x358.webp 600w\" sizes=\"(max-width: 1137px) 100vw, 1137px\" \/>\t\t\t\t\t\t\t\t<\/a>\n\t\t\t\t\t\t\t\t\t\t\t\t\t\t\t<\/div>\n\t\t\t\t<\/div>\n\t\t\t\t<div class=\"elementor-element elementor-element-4c35b66 elementor-widget elementor-widget-heading\" data-id=\"4c35b66\" data-element_type=\"widget\" data-e-type=\"widget\" data-widget_type=\"heading.default\">\n\t\t\t\t<div class=\"elementor-widget-container\">\n\t\t\t\t\t<h3 class=\"elementor-heading-title elementor-size-default\"><a href=\"https:\/\/energizer.com\/lat\/chile\/responsibility\/top-5-ways-to-prepare-for-a-power-outage\/\" aria-label=\"preparedness\">Las 5 mejores formas de prepararse para un apag\u00f3n<\/a><\/h3>\t\t\t\t<\/div>\n\t\t\t\t<\/div>\n\t\t\t\t\t<\/div>\n\t\t\t\t<\/div>\n\t\t<div class=\"elementor-element elementor-element-22d1f61 e-transform e-con-full elementor-hidden-widescreen elementor-hidden-desktop elementor-hidden-laptop elementor-hidden-tablet_extra elementor-hidden-tablet elementor-hidden-mobile_extra elementor-hidden-mobile e-flex e-con e-child\" data-id=\"22d1f61\" data-element_type=\"container\" data-e-type=\"container\" data-settings=\"{&quot;_transform_scale_effect_hover&quot;:{&quot;unit&quot;:&quot;px&quot;,&quot;size&quot;:0.94999999999999996,&quot;sizes&quot;:[]},&quot;_transform_scale_effect_hover_widescreen&quot;:{&quot;unit&quot;:&quot;px&quot;,&quot;size&quot;:&quot;&quot;,&quot;sizes&quot;:[]},&quot;_transform_scale_effect_hover_laptop&quot;:{&quot;unit&quot;:&quot;px&quot;,&quot;size&quot;:&quot;&quot;,&quot;sizes&quot;:[]},&quot;_transform_scale_effect_hover_tablet_extra&quot;:{&quot;unit&quot;:&quot;px&quot;,&quot;size&quot;:&quot;&quot;,&quot;sizes&quot;:[]},&quot;_transform_scale_effect_hover_tablet&quot;:{&quot;unit&quot;:&quot;px&quot;,&quot;size&quot;:&quot;&quot;,&quot;sizes&quot;:[]},&quot;_transform_scale_effect_hover_mobile_extra&quot;:{&quot;unit&quot;:&quot;px&quot;,&quot;size&quot;:&quot;&quot;,&quot;sizes&quot;:[]},&quot;_transform_scale_effect_hover_mobile&quot;:{&quot;unit&quot;:&quot;px&quot;,&quot;size&quot;:&quot;&quot;,&quot;sizes&quot;:[]}}\">\n\t\t\t\t<div class=\"elementor-element elementor-element-0f2f5e8 elementor-widget elementor-widget-image\" data-id=\"0f2f5e8\" data-element_type=\"widget\" data-e-type=\"widget\" data-widget_type=\"image.default\">\n\t\t\t\t<div class=\"elementor-widget-container\">\n\t\t\t\t\t\t\t\t\t\t\t\t\t\t\t\t<a href=\"https:\/\/energizer.com\/lat\/chile\/responsibility\/change-your-clock-change-your-battery\/\">\n\t\t\t\t\t\t\t<img loading=\"lazy\" decoding=\"async\" width=\"1153\" height=\"678\" src=\"https:\/\/energizer.com\/lat\/chile\/wp-content\/uploads\/sites\/5\/2024\/05\/bttry9.webp\" class=\"attachment-full size-full wp-image-4704\" alt=\"change your clock\" srcset=\"https:\/\/energizer.com\/lat\/chile\/wp-content\/uploads\/sites\/5\/2024\/05\/bttry9.webp 1153w, https:\/\/energizer.com\/lat\/chile\/wp-content\/uploads\/sites\/5\/2024\/05\/bttry9-300x176.webp 300w, https:\/\/energizer.com\/lat\/chile\/wp-content\/uploads\/sites\/5\/2024\/05\/bttry9-1024x602.webp 1024w, https:\/\/energizer.com\/lat\/chile\/wp-content\/uploads\/sites\/5\/2024\/05\/bttry9-768x452.webp 768w, https:\/\/energizer.com\/lat\/chile\/wp-content\/uploads\/sites\/5\/2024\/05\/bttry9-600x353.webp 600w\" sizes=\"(max-width: 1153px) 100vw, 1153px\" \/>\t\t\t\t\t\t\t\t<\/a>\n\t\t\t\t\t\t\t\t\t\t\t\t\t\t\t<\/div>\n\t\t\t\t<\/div>\n\t\t\t\t<div class=\"elementor-element elementor-element-4a7260c elementor-widget elementor-widget-heading\" data-id=\"4a7260c\" data-element_type=\"widget\" data-e-type=\"widget\" data-widget_type=\"heading.default\">\n\t\t\t\t<div class=\"elementor-widget-container\">\n\t\t\t\t\t<h3 class=\"elementor-heading-title elementor-size-default\"><a href=\"https:\/\/energizer.com\/lat\/chile\/responsibility\/change-your-clock-change-your-battery\/\">Cambia de reloj, cambia de pila<sup>TM<\/sup><\/a><\/h3>\t\t\t\t<\/div>\n\t\t\t\t<\/div>\n\t\t\t\t<div class=\"elementor-element elementor-element-5e964e3 elementor-widget elementor-widget-heading\" data-id=\"5e964e3\" data-element_type=\"widget\" data-e-type=\"widget\" data-widget_type=\"heading.default\">\n\t\t\t\t<div class=\"elementor-widget-container\">\n\t\t\t\t\t<h4 class=\"elementor-heading-title elementor-size-default\"><a href=\"https:\/\/energizer.com\/lat\/chile\/responsibility\/change-your-clock-change-your-battery\/\">Energizer\u00ae se compromete a informarle sobre la seguridad en el hogar<\/a><\/h4>\t\t\t\t<\/div>\n\t\t\t\t<\/div>\n\t\t\t\t<\/div>\n\t\t\t\t<\/div>\n\t\t\t\t\t<\/div>\n\t\t\t\t<\/div>\n\t\t\t\t<\/div>\n\t\t","protected":false},"excerpt":{"rendered":"<p>Seguridad de las pilas de litio Un peque\u00f1o cambio para un hogar m\u00e1s seguro Responsabilidad Creemos en el poder del reciclaje. Preparaci\u00f3n Prep\u00e1rese para capear cualquier temporal con la ayuda de Energizer Las 5 mejores formas de prepararse para un apag\u00f3n Cambia de reloj, cambia de pilaTM Energizer\u00ae se compromete a informarle sobre la seguridad [&hellip;]<\/p>\n","protected":false},"author":2,"featured_media":0,"parent":0,"menu_order":0,"comment_status":"closed","ping_status":"closed","template":"elementor_header_footer","meta":{"_acf_changed":false,"footnotes":""},"class_list":["post-4680","page","type-page","status-publish","hentry"],"acf":[],"_links":{"self":[{"href":"https:\/\/energizer.com\/lat\/chile\/wp-json\/wp\/v2\/pages\/4680","targetHints":{"allow":["GET"]}}],"collection":[{"href":"https:\/\/energizer.com\/lat\/chile\/wp-json\/wp\/v2\/pages"}],"about":[{"href":"https:\/\/energizer.com\/lat\/chile\/wp-json\/wp\/v2\/types\/page"}],"author":[{"embeddable":true,"href":"https:\/\/energizer.com\/lat\/chile\/wp-json\/wp\/v2\/users\/2"}],"replies":[{"embeddable":true,"href":"https:\/\/energizer.com\/lat\/chile\/wp-json\/wp\/v2\/comments?post=4680"}],"version-history":[{"count":121,"href":"https:\/\/energizer.com\/lat\/chile\/wp-json\/wp\/v2\/pages\/4680\/revisions"}],"predecessor-version":[{"id":10111,"href":"https:\/\/energizer.com\/lat\/chile\/wp-json\/wp\/v2\/pages\/4680\/revisions\/10111"}],"wp:attachment":[{"href":"https:\/\/energizer.com\/lat\/chile\/wp-json\/wp\/v2\/media?parent=4680"}],"curies":[{"name":"wp","href":"https:\/\/api.w.org\/{rel}","templated":true}]}}