{"id":5741,"date":"2024-05-23T12:22:04","date_gmt":"2024-05-23T12:22:04","guid":{"rendered":"https:\/\/c487eefeea.nxcli.io\/chile\/?page_id=5741"},"modified":"2024-11-04T15:56:58","modified_gmt":"2024-11-04T15:56:58","slug":"top-5-ways-to-prepare-for-a-power-outage","status":"publish","type":"page","link":"https:\/\/energizer.com\/lat\/chile\/responsibility\/top-5-ways-to-prepare-for-a-power-outage\/","title":{"rendered":"Top 5 Ways to Prepare for a Power Outage"},"content":{"rendered":"\t\t<div data-elementor-type=\"wp-page\" data-elementor-id=\"5741\" class=\"elementor elementor-5741\" data-elementor-post-type=\"page\">\n\t\t\t\t<div class=\"elementor-element elementor-element-9b5c823 e-flex e-con-boxed e-con e-parent\" data-id=\"9b5c823\" data-element_type=\"container\" data-e-type=\"container\">\n\t\t\t\t\t<div class=\"e-con-inner\">\n\t\t\t\t<div class=\"elementor-element elementor-element-7fe5857 elementor-widget elementor-widget-heading\" data-id=\"7fe5857\" data-element_type=\"widget\" data-e-type=\"widget\" data-widget_type=\"heading.default\">\n\t\t\t\t<div class=\"elementor-widget-container\">\n\t\t\t\t\t<h1 class=\"elementor-heading-title elementor-size-default\">Los cinco errores principales que comete la gente\ndurante un corte de energ\u00eda<\/h1>\t\t\t\t<\/div>\n\t\t\t\t<\/div>\n\t\t\t\t<div class=\"elementor-element elementor-element-7d72013 elementor-widget-divider--view-line elementor-widget elementor-widget-divider\" data-id=\"7d72013\" data-element_type=\"widget\" data-e-type=\"widget\" data-widget_type=\"divider.default\">\n\t\t\t\t<div class=\"elementor-widget-container\">\n\t\t\t\t\t\t\t<div class=\"elementor-divider\">\n\t\t\t<span class=\"elementor-divider-separator\">\n\t\t\t\t\t\t<\/span>\n\t\t<\/div>\n\t\t\t\t\t\t<\/div>\n\t\t\t\t<\/div>\n\t\t\t\t\t<\/div>\n\t\t\t\t<\/div>\n\t\t<div class=\"elementor-element elementor-element-071971a e-flex e-con-boxed e-con e-parent\" data-id=\"071971a\" data-element_type=\"container\" data-e-type=\"container\">\n\t\t\t\t\t<div class=\"e-con-inner\">\n\t\t<div class=\"elementor-element elementor-element-679043e e-con-full e-flex e-con e-child\" data-id=\"679043e\" data-element_type=\"container\" data-e-type=\"container\">\n\t\t\t\t<div class=\"elementor-element elementor-element-a5c88d5 elementor-widget elementor-widget-text-editor\" data-id=\"a5c88d5\" data-element_type=\"widget\" data-e-type=\"widget\" data-widget_type=\"text-editor.default\">\n\t\t\t\t<div class=\"elementor-widget-container\">\n\t\t\t\t\t\t\t\t\t<p>Las tormentas, terremoto, inundaciones y tornados provocan cortes de energ\u00eda. Y parece que hoy est\u00e1 sucediendo m\u00e1s que nunca. Vea algunos de los errores m\u00e1s comunes que comete la gente antes de que comience la temporada, para que pueda evitarlos f\u00e1cilmente y dominar la preparaci\u00f3n ante desastres<\/p>\t\t\t\t\t\t\t\t<\/div>\n\t\t\t\t<\/div>\n\t\t\t\t<div class=\"elementor-element elementor-element-7739ae2 elementor-widget__width-inherit elementor-widget elementor-widget-text-editor\" data-id=\"7739ae2\" data-element_type=\"widget\" data-e-type=\"widget\" data-widget_type=\"text-editor.default\">\n\t\t\t\t<div class=\"elementor-widget-container\">\n\t\t\t\t\t\t\t\t\t<h2>1. No almacenar suficiente agua<\/h2>\nPiense en la cantidad de galones de agua que comprar\u00eda para prepararse para un hurac\u00e1n. \u00a1Ahora multipl\u00edcalo por 4! El agua es vital y es f\u00e1cil subestimarla. Si bien la gravedad de las tormentas var\u00eda y los servicios como el agua y la energ\u00eda a veces pueden reanudarse r\u00e1pidamente, nunca se puede estar demasiado preparado para interrupciones importantes. Desde necesidades simples como beber y cocinar, hasta cosas menos obvias como ba\u00f1arse y limpiar la ropa, necesitas abastecerte de un suministro de agua de emergencia en preparaci\u00f3n para una tormenta.\t\t\t\t\t\t\t\t<\/div>\n\t\t\t\t<\/div>\n\t\t\t\t<div class=\"elementor-element elementor-element-0363891 elementor-widget__width-inherit elementor-widget elementor-widget-text-editor\" data-id=\"0363891\" data-element_type=\"widget\" data-e-type=\"widget\" data-widget_type=\"text-editor.default\">\n\t\t\t\t<div class=\"elementor-widget-container\">\n\t\t\t\t\t\t\t\t\t<h2>2. Olvidar los alimentos de emergencia<\/h2>\nCuando ocurre un apag\u00f3n, es f\u00e1cil olvidar que la pizza para microondas que siempre come requiere eso mismo\u2026 un microondas. Por eso es importante tener siempre un suministro de alimentos no perecederos para mantenerse a usted y a su familia bien alimentados. Y solo porque conservar los productos agr\u00edcolas sea un desaf\u00edo no significa que tenga que renunciar a una alimentaci\u00f3n saludable. Pruebe variedades org\u00e1nicas de sopas envasadas, cecina, frutas, nueces y semillas liofilizadas.\t\t\t\t\t\t\t\t<\/div>\n\t\t\t\t<\/div>\n\t\t\t\t<div class=\"elementor-element elementor-element-b2da0a8 elementor-widget__width-inherit elementor-widget elementor-widget-text-editor\" data-id=\"b2da0a8\" data-element_type=\"widget\" data-e-type=\"widget\" data-widget_type=\"text-editor.default\">\n\t\t\t\t<div class=\"elementor-widget-container\">\n\t\t\t\t\t\t\t\t\t<h2>3. Subestimar la necesidad de luz brillante<\/h2>\nLa\u00a0luz LED compacta recargable\u00a0<em>Energizer<\/em><sub>\u00ae<\/sub>\u00a0Weatheready<sub>\u00ae<\/sub>\u00a0permanece enchufada para cargarse y se cambia a la energ\u00eda de la bater\u00eda cuando hay un apag\u00f3n, por lo que siempre est\u00e1 lista cuando la necesita con una duraci\u00f3n de la pila de 3,5 horas. Sus 25 l\u00famenes la hacen perfecta para iluminar el camino, brind\u00e1ndole mayor seguridad.\nSi necesita iluminaci\u00f3n de \u00e1rea, la linterna plegable de emergencia\u00a0<em>Energizer<\/em><sub>\u00ae<\/sub>\u00a0Weatheready<sub>\u00ae<\/sub>\u00a0de 500 l\u00famense puede girar para proporcionar una iluminaci\u00f3n de 360\u00ba tan potente que puede iluminar una habitaci\u00f3n entera.\nPara iluminaci\u00f3n manos libres, la linterna frontal LED resistente al agua y a prueba de ca\u00eddas\u00a0<em>Energizer<\/em><sub>\u00ae<\/sub>\u00a0es perfecta para transportar suministros, preparar la casa o incluso sostener la mano de su peque\u00f1o cuando hay un apag\u00f3n inesperado. Le brinda una distancia de haz giratorio de 35 metros que es hasta 4 veces m\u00e1s brillante que la tecnolog\u00eda LED est\u00e1ndar.\t\t\t\t\t\t\t\t<\/div>\n\t\t\t\t<\/div>\n\t\t\t\t<div class=\"elementor-element elementor-element-8b9b732 elementor-widget__width-inherit elementor-widget elementor-widget-text-editor\" data-id=\"8b9b732\" data-element_type=\"widget\" data-e-type=\"widget\" data-widget_type=\"text-editor.default\">\n\t\t\t\t<div class=\"elementor-widget-container\">\n\t\t\t\t\t\t\t\t\t<h2>4. No estar bien preparado para los cortes de energ\u00eda<\/h2>\nAlgunos cortes de energ\u00eda duran m\u00e1s de lo esperado, as\u00ed que no escatime en bater\u00edas de respaldo. Busque marcas confiables como las pilas\u00a0<em>Energizer<\/em><sub>\u00ae<\/sub>\u00a0Ultimate Lithium\u2122, con una vida \u00fatil de 20 a\u00f1os*. Son resistentes a fugas** y funcionan en temperaturas extremas, para que puedas estar preparado para cualquier cosa. Toma algunos paquetes de diferentes variedades para asegurarte de tener todos tus dispositivos cubiertos en caso de apagones prolongados.\t\t\t\t\t\t\t\t<\/div>\n\t\t\t\t<\/div>\n\t\t\t\t<div class=\"elementor-element elementor-element-7e75c35 elementor-widget__width-inherit elementor-widget elementor-widget-text-editor\" data-id=\"7e75c35\" data-element_type=\"widget\" data-e-type=\"widget\" data-widget_type=\"text-editor.default\">\n\t\t\t\t<div class=\"elementor-widget-container\">\n\t\t\t\t\t\t\t\t\t<h2>5. No olvide la radio.<\/h2>\nLa preparaci\u00f3n para emergencias incluye mantenerse conectado, pero una bater\u00eda del tel\u00e9fono agotada y una se\u00f1al de wifi pueden dificultar esa tarea. Por eso es aconsejable tener una radio que funcione con bater\u00edas como fuente adicional de informaci\u00f3n. Y, por supuesto, no olvide combinarla con pilas Energizer\u00ae de larga duraci\u00f3n.\nYa sea que se trate de huracanes, inundaciones o incluso un tornado, estas recomendaciones esenciales de qu\u00e9 hacer y qu\u00e9 no hacer, junto con la ayuda de los innovadores, confiables y duraderos productos Energizer\u00ae, le asegurar\u00e1n que no habr\u00e1 pron\u00f3stico del tiempo que no pueda manejar. \u00a1Mant\u00e9ngase seguro, seco y brillante!\t\t\t\t\t\t\t\t<\/div>\n\t\t\t\t<\/div>\n\t\t\t\t<div class=\"elementor-element elementor-element-8273855 elementor-widget__width-inherit elementor-widget elementor-widget-text-editor\" data-id=\"8273855\" data-element_type=\"widget\" data-e-type=\"widget\" data-widget_type=\"text-editor.default\">\n\t\t\t\t<div class=\"elementor-widget-container\">\n\t\t\t\t\t\t\t\t\t<p>*La vida \u00fatil de 20 a\u00f1os se aplica solo a AA y AAA<br \/>**La construcci\u00f3n resistente a fugas se aplica a AA, AAA y 9V<br \/>Fuentes: FEMA, CNN, Cruz Roja<\/p>\t\t\t\t\t\t\t\t<\/div>\n\t\t\t\t<\/div>\n\t\t\t\t<\/div>\n\t\t\t\t\t<\/div>\n\t\t\t\t<\/div>\n\t\t\t\t<\/div>\n\t\t","protected":false},"excerpt":{"rendered":"<p>Los cinco errores principales que comete la gente durante un corte de energ\u00eda Las tormentas, terremoto, inundaciones y tornados provocan cortes de energ\u00eda. Y parece que hoy est\u00e1 sucediendo m\u00e1s que nunca. Vea algunos de los errores m\u00e1s comunes que comete la gente antes de que comience la temporada, para que pueda evitarlos f\u00e1cilmente y [&hellip;]<\/p>\n","protected":false},"author":2,"featured_media":0,"parent":4680,"menu_order":0,"comment_status":"closed","ping_status":"closed","template":"elementor_header_footer","meta":{"_acf_changed":false,"footnotes":""},"class_list":["post-5741","page","type-page","status-publish","hentry"],"acf":[],"_links":{"self":[{"href":"https:\/\/energizer.com\/lat\/chile\/wp-json\/wp\/v2\/pages\/5741","targetHints":{"allow":["GET"]}}],"collection":[{"href":"https:\/\/energizer.com\/lat\/chile\/wp-json\/wp\/v2\/pages"}],"about":[{"href":"https:\/\/energizer.com\/lat\/chile\/wp-json\/wp\/v2\/types\/page"}],"author":[{"embeddable":true,"href":"https:\/\/energizer.com\/lat\/chile\/wp-json\/wp\/v2\/users\/2"}],"replies":[{"embeddable":true,"href":"https:\/\/energizer.com\/lat\/chile\/wp-json\/wp\/v2\/comments?post=5741"}],"version-history":[{"count":61,"href":"https:\/\/energizer.com\/lat\/chile\/wp-json\/wp\/v2\/pages\/5741\/revisions"}],"predecessor-version":[{"id":10235,"href":"https:\/\/energizer.com\/lat\/chile\/wp-json\/wp\/v2\/pages\/5741\/revisions\/10235"}],"up":[{"embeddable":true,"href":"https:\/\/energizer.com\/lat\/chile\/wp-json\/wp\/v2\/pages\/4680"}],"wp:attachment":[{"href":"https:\/\/energizer.com\/lat\/chile\/wp-json\/wp\/v2\/media?parent=5741"}],"curies":[{"name":"wp","href":"https:\/\/api.w.org\/{rel}","templated":true}]}}