{"id":10036,"date":"2024-09-06T12:22:12","date_gmt":"2024-09-06T12:22:12","guid":{"rendered":"https:\/\/energizer.com\/lat\/chile\/?post_type=product&#038;p=10036"},"modified":"2024-09-06T12:22:12","modified_gmt":"2024-09-06T12:22:12","slug":"energizer-electronic-batteries-e96","status":"publish","type":"product","link":"https:\/\/energizer.com\/lat\/chile\/product\/energizer-electronic-batteries-e96\/","title":{"rendered":"ENERGIZER\u00ae ELECTRONIC BATTERIES \u2013 E96"},"content":{"rendered":"<ul>\n<li>Lectores de libros electr\u00f3nicos<\/li>\n<li>Consolas de juegos port\u00e1tiles<\/li>\n<li>Organizadores personales<\/li>\n<li>Juegos y juguetes electr\u00f3nicos<\/li>\n<li>Computadoras<\/li>\n<li>Controles remotos<\/li>\n<li>Cuidado personal<\/li>\n<li>Calculadoras<\/li>\n<li>Cerraduras sin llave y alimentadas<\/li>\n<li>Abridores de garaje<\/li>\n<li>Term\u00f3metros digitales<\/li>\n<li>Tensi\u00f3metros<\/li>\n<li>Salud domiciliaria<\/li>\n<\/ul>\n","protected":false},"excerpt":{"rendered":"<p>Energizer<sup>\u00ae<\/sup>\u00a0ha sido l\u00edder mundial en bater\u00edas para dispositivos electr\u00f3nicos peque\u00f1os durante d\u00e9cadas. Por lo tanto, puede confiar en la ingenier\u00eda de precisi\u00f3n de las bater\u00edas para alimentar todos sus peque\u00f1os dispositivos electr\u00f3nicos, desde monitores de glucosa y rastreadores de actividad f\u00edsica hasta los \u00faltimos juegos y juguetes.<\/p>\n","protected":false},"featured_media":0,"comment_status":"open","ping_status":"closed","template":"","meta":{"_acf_changed":false},"product_brand":[],"product_cat":[58],"product_tag":[],"class_list":{"0":"post-10036","1":"product","2":"type-product","3":"status-publish","5":"product_cat-specialty","7":"first","8":"instock","9":"shipping-taxable","10":"product-type-simple"},"acf":[],"_links":{"self":[{"href":"https:\/\/energizer.com\/lat\/chile\/wp-json\/wp\/v2\/product\/10036","targetHints":{"allow":["GET"]}}],"collection":[{"href":"https:\/\/energizer.com\/lat\/chile\/wp-json\/wp\/v2\/product"}],"about":[{"href":"https:\/\/energizer.com\/lat\/chile\/wp-json\/wp\/v2\/types\/product"}],"replies":[{"embeddable":true,"href":"https:\/\/energizer.com\/lat\/chile\/wp-json\/wp\/v2\/comments?post=10036"}],"version-history":[{"count":1,"href":"https:\/\/energizer.com\/lat\/chile\/wp-json\/wp\/v2\/product\/10036\/revisions"}],"predecessor-version":[{"id":10037,"href":"https:\/\/energizer.com\/lat\/chile\/wp-json\/wp\/v2\/product\/10036\/revisions\/10037"}],"wp:attachment":[{"href":"https:\/\/energizer.com\/lat\/chile\/wp-json\/wp\/v2\/media?parent=10036"}],"wp:term":[{"taxonomy":"product_brand","embeddable":true,"href":"https:\/\/energizer.com\/lat\/chile\/wp-json\/wp\/v2\/product_brand?post=10036"},{"taxonomy":"product_cat","embeddable":true,"href":"https:\/\/energizer.com\/lat\/chile\/wp-json\/wp\/v2\/product_cat?post=10036"},{"taxonomy":"product_tag","embeddable":true,"href":"https:\/\/energizer.com\/lat\/chile\/wp-json\/wp\/v2\/product_tag?post=10036"}],"curies":[{"name":"wp","href":"https:\/\/api.w.org\/{rel}","templated":true}]}}