{"id":3311,"date":"2024-05-13T07:44:53","date_gmt":"2024-05-13T07:44:53","guid":{"rendered":"http:\/\/64.91.246.76\/~energizer\/?post_type=product&#038;p=3311"},"modified":"2024-11-04T11:01:26","modified_gmt":"2024-11-04T11:01:26","slug":"energizer-max-c","status":"publish","type":"product","link":"https:\/\/energizer.com\/lat\/chile\/product\/energizer-max-c\/","title":{"rendered":"ENERGIZER\u00ae MAX &#8211; C"},"content":{"rendered":"<ul>\n<li>Pilas Alcalinas Energizer Max C<\/li>\n<li>Larga Duraci\u00f3n: Energ\u00eda confiable para que tus dispositivos sigan funcionando<\/li>\n<li>Energ\u00eda Confiable: Pilas alcalinas Energizer C para sus art\u00edculos de uso diario m\u00e1s demandados, como juguetes, radios port\u00e1tiles, linternas y mucho m\u00e1s<\/li>\n<li>Confiables: Las pilas C Energizer tienen una vida \u00fatil de hasta 10 a\u00f1os, por lo que estar\u00e1n listas cuando las necesite<\/li>\n<li>Innovaci\u00f3n Energizer: De los creadores de la pila AA m\u00e1s duradera del mundo, Energizer Ultimate Lithium<\/li>\n<\/ul>\n","protected":false},"excerpt":{"rendered":"<p>Saque el m\u00e1ximo partido a sus dispositivos esenciales con la energ\u00eda confiable y duradera que espera de las pilas Energizer. Abast\u00e9zcase de pilas C para c\u00e1maras, as\u00ed como de pilas para linternas, controles remotos, altavoces bluetooth y juguetes. Estas pilas alcalinas Energizer mantienen la energ\u00eda hasta 10 a\u00f1os mientras est\u00e1n guardadas. Con Energizer, la energ\u00eda estar\u00e1 lista cuando usted la necesite. La gama Energizer Max tambi\u00e9n incluye pilas AA, AAA, D y 9V, por lo que es f\u00e1cil encontrar energ\u00eda confiable en el tama\u00f1o que necesita.<\/p>\n","protected":false},"featured_media":0,"comment_status":"open","ping_status":"closed","template":"","meta":{"_acf_changed":false},"product_brand":[],"product_cat":[26],"product_tag":[],"class_list":{"0":"post-3311","1":"product","2":"type-product","3":"status-publish","5":"product_cat-energizer-max","7":"first","8":"instock","9":"shipping-taxable","10":"product-type-simple"},"acf":[],"_links":{"self":[{"href":"https:\/\/energizer.com\/lat\/chile\/wp-json\/wp\/v2\/product\/3311","targetHints":{"allow":["GET"]}}],"collection":[{"href":"https:\/\/energizer.com\/lat\/chile\/wp-json\/wp\/v2\/product"}],"about":[{"href":"https:\/\/energizer.com\/lat\/chile\/wp-json\/wp\/v2\/types\/product"}],"replies":[{"embeddable":true,"href":"https:\/\/energizer.com\/lat\/chile\/wp-json\/wp\/v2\/comments?post=3311"}],"version-history":[{"count":17,"href":"https:\/\/energizer.com\/lat\/chile\/wp-json\/wp\/v2\/product\/3311\/revisions"}],"predecessor-version":[{"id":10204,"href":"https:\/\/energizer.com\/lat\/chile\/wp-json\/wp\/v2\/product\/3311\/revisions\/10204"}],"wp:attachment":[{"href":"https:\/\/energizer.com\/lat\/chile\/wp-json\/wp\/v2\/media?parent=3311"}],"wp:term":[{"taxonomy":"product_brand","embeddable":true,"href":"https:\/\/energizer.com\/lat\/chile\/wp-json\/wp\/v2\/product_brand?post=3311"},{"taxonomy":"product_cat","embeddable":true,"href":"https:\/\/energizer.com\/lat\/chile\/wp-json\/wp\/v2\/product_cat?post=3311"},{"taxonomy":"product_tag","embeddable":true,"href":"https:\/\/energizer.com\/lat\/chile\/wp-json\/wp\/v2\/product_tag?post=3311"}],"curies":[{"name":"wp","href":"https:\/\/api.w.org\/{rel}","templated":true}]}}