{"id":3352,"date":"2024-05-13T07:43:48","date_gmt":"2024-05-13T07:43:48","guid":{"rendered":"http:\/\/64.91.246.76\/~energizer\/?post_type=product&#038;p=3352"},"modified":"2024-11-04T11:09:48","modified_gmt":"2024-11-04T11:09:48","slug":"energizer-max-d","status":"publish","type":"product","link":"https:\/\/energizer.com\/lat\/chile\/product\/energizer-max-d\/","title":{"rendered":"ENERGIZER\u00ae MAX &#8211; D"},"content":{"rendered":"<ul>\n<li>Pilas Alcalinas Energizer Max D<\/li>\n<li>Larga Duraci\u00f3n: Energ\u00eda confiable para que tus dispositivos sigan funcionando<\/li>\n<li>Energ\u00eda Confiable: Pilas Max D para los art\u00edculos cotidianos m\u00e1s demandados, como juguetes, alarmas, linternas y mucho m\u00e1s<\/li>\n<li>Confiables: Estas pilas alcalinas Energizer tienen una vida \u00fatil de hasta 10 a\u00f1os, por lo que estar\u00e1n listas cuando las necesite<\/li>\n<li>Innovaci\u00f3n Energizer: De los creadores de la pila AA m\u00e1s duradera del mundo, Energizer Ultimate Lithium<\/li>\n<\/ul>\n","protected":false},"excerpt":{"rendered":"<p>Saque el m\u00e1ximo partido a sus dispositivos esenciales con la energ\u00eda confiable y duradera que espera de las pilas Energizer. Abast\u00e9zcase de pilas alcalinas D para las luces, as\u00ed como de pilas para linternas y alarmas de seguridad. Este pack tambi\u00e9n es una gran elecci\u00f3n si necesita pilas para juguetes. Las pilas Energizer D mantienen la energ\u00eda hasta 10 a\u00f1os mientras est\u00e1n guardadas. Con Energizer, la energ\u00eda estar\u00e1 lista cuando usted la necesite. La gama Energizer Max tambi\u00e9n incluye pilas AA, AAA, C y 9V, por lo que es f\u00e1cil encontrar energ\u00eda confiable en el tama\u00f1o que necesita.<\/p>\n","protected":false},"featured_media":0,"comment_status":"open","ping_status":"closed","template":"","meta":{"_acf_changed":false},"product_brand":[],"product_cat":[26],"product_tag":[],"class_list":{"0":"post-3352","1":"product","2":"type-product","3":"status-publish","5":"product_cat-energizer-max","7":"first","8":"instock","9":"shipping-taxable","10":"product-type-simple"},"acf":[],"_links":{"self":[{"href":"https:\/\/energizer.com\/lat\/chile\/wp-json\/wp\/v2\/product\/3352","targetHints":{"allow":["GET"]}}],"collection":[{"href":"https:\/\/energizer.com\/lat\/chile\/wp-json\/wp\/v2\/product"}],"about":[{"href":"https:\/\/energizer.com\/lat\/chile\/wp-json\/wp\/v2\/types\/product"}],"replies":[{"embeddable":true,"href":"https:\/\/energizer.com\/lat\/chile\/wp-json\/wp\/v2\/comments?post=3352"}],"version-history":[{"count":17,"href":"https:\/\/energizer.com\/lat\/chile\/wp-json\/wp\/v2\/product\/3352\/revisions"}],"predecessor-version":[{"id":10206,"href":"https:\/\/energizer.com\/lat\/chile\/wp-json\/wp\/v2\/product\/3352\/revisions\/10206"}],"wp:attachment":[{"href":"https:\/\/energizer.com\/lat\/chile\/wp-json\/wp\/v2\/media?parent=3352"}],"wp:term":[{"taxonomy":"product_brand","embeddable":true,"href":"https:\/\/energizer.com\/lat\/chile\/wp-json\/wp\/v2\/product_brand?post=3352"},{"taxonomy":"product_cat","embeddable":true,"href":"https:\/\/energizer.com\/lat\/chile\/wp-json\/wp\/v2\/product_cat?post=3352"},{"taxonomy":"product_tag","embeddable":true,"href":"https:\/\/energizer.com\/lat\/chile\/wp-json\/wp\/v2\/product_tag?post=3352"}],"curies":[{"name":"wp","href":"https:\/\/api.w.org\/{rel}","templated":true}]}}