{"id":3371,"date":"2024-05-13T07:33:39","date_gmt":"2024-05-13T07:33:39","guid":{"rendered":"http:\/\/64.91.246.76\/~energizer\/?post_type=product&#038;p=3371"},"modified":"2025-01-10T11:52:35","modified_gmt":"2025-01-10T11:52:35","slug":"energizer-max-plus-aaa","status":"publish","type":"product","link":"https:\/\/energizer.com\/lat\/chile\/product\/energizer-max-plus-aaa\/","title":{"rendered":"ENERGIZER\u00ae MAX PLUS \u2122 &#8211; AAA"},"content":{"rendered":"<ul>\n<li>2\/4 Pilas Alcalinas Energizer Max Plus AAA<\/li>\n<li>Mayor Duraci\u00f3n: Hasta un 130% m\u00e1s de duraci\u00f3n de las pilas AAA frente a la norma IEC 2015 de duraci\u00f3n media m\u00ednima en juguetes<\/li>\n<li>Potencia Confiable: Para sus dispositivos m\u00e1s demandados, como controles remotos, relojes, c\u00e1maras y juguetes<\/li>\n<li>Protecci\u00f3n Contra Fugas: Cada pila AAA cuenta con una construcci\u00f3n a prueba de fugas para proteger sus dispositivos contra las fugas, y est\u00e1 cubierta por la Garant\u00eda de No Fugas de Energizer<\/li>\n<li>Confiables: Las pilas alcalinas Energizer tienen una vida \u00fatil de hasta 12 a\u00f1os, por lo que estar\u00e1n listas cuando las necesite<\/li>\n<li>Innovaci\u00f3n Energizer: De los creadores de la pila AA m\u00e1s duradera del mundo, Energizer Ultimate Lithium<\/li>\n<li>Embalajes 100% Reciclables: Los Embalajes Energizer son 100% reciclables, apoyan la gesti\u00f3n forestal responsable y no contienen pl\u00e1stico, excepto los precintos de algunos embalajes<\/li>\n<\/ul>\n","protected":false},"excerpt":{"rendered":"<p>Saque el m\u00e1ximo partido a sus dispositivos esenciales con la potencia confiable de las pilas alcalinas #1 de mayor duraci\u00f3n AAA creada por Energizer. Abast\u00e9zcase de pilas para luces, control remoto, c\u00e1maras, relojes y mucho m\u00e1s. Las pilas Energizer conservan la energ\u00eda hasta 12 a\u00f1os almacenadas, y la construcci\u00f3n resistente de cada pila alcalina AAA Energizer Max Plus protege sus dispositivos contra las fugas. Con Energizer, la energ\u00eda estar\u00e1 lista cuando usted la necesite. La gama Energizer Max Plus tambi\u00e9n incluye pilas AA, C, D y 9V, por lo que es f\u00e1cil encontrar energ\u00eda confiable en el tama\u00f1o que necesita.<\/p>\n","protected":false},"featured_media":0,"comment_status":"open","ping_status":"closed","template":"","meta":{"_acf_changed":false},"product_brand":[],"product_cat":[87],"product_tag":[],"class_list":{"0":"post-3371","1":"product","2":"type-product","3":"status-publish","5":"product_cat-energizer-max-plus","7":"first","8":"instock","9":"shipping-taxable","10":"product-type-simple"},"acf":[],"_links":{"self":[{"href":"https:\/\/energizer.com\/lat\/chile\/wp-json\/wp\/v2\/product\/3371","targetHints":{"allow":["GET"]}}],"collection":[{"href":"https:\/\/energizer.com\/lat\/chile\/wp-json\/wp\/v2\/product"}],"about":[{"href":"https:\/\/energizer.com\/lat\/chile\/wp-json\/wp\/v2\/types\/product"}],"replies":[{"embeddable":true,"href":"https:\/\/energizer.com\/lat\/chile\/wp-json\/wp\/v2\/comments?post=3371"}],"version-history":[{"count":16,"href":"https:\/\/energizer.com\/lat\/chile\/wp-json\/wp\/v2\/product\/3371\/revisions"}],"predecessor-version":[{"id":10247,"href":"https:\/\/energizer.com\/lat\/chile\/wp-json\/wp\/v2\/product\/3371\/revisions\/10247"}],"wp:attachment":[{"href":"https:\/\/energizer.com\/lat\/chile\/wp-json\/wp\/v2\/media?parent=3371"}],"wp:term":[{"taxonomy":"product_brand","embeddable":true,"href":"https:\/\/energizer.com\/lat\/chile\/wp-json\/wp\/v2\/product_brand?post=3371"},{"taxonomy":"product_cat","embeddable":true,"href":"https:\/\/energizer.com\/lat\/chile\/wp-json\/wp\/v2\/product_cat?post=3371"},{"taxonomy":"product_tag","embeddable":true,"href":"https:\/\/energizer.com\/lat\/chile\/wp-json\/wp\/v2\/product_tag?post=3371"}],"curies":[{"name":"wp","href":"https:\/\/api.w.org\/{rel}","templated":true}]}}