{"id":4180,"date":"2024-05-16T06:47:11","date_gmt":"2024-05-16T06:47:11","guid":{"rendered":"https:\/\/c487eefeea.nxcli.io\/chile\/?post_type=product&#038;p=4180"},"modified":"2024-09-06T12:18:01","modified_gmt":"2024-09-06T12:18:01","slug":"nergizer-electronic-batteries-lr44-a76","status":"publish","type":"product","link":"https:\/\/energizer.com\/lat\/chile\/product\/nergizer-electronic-batteries-lr44-a76\/","title":{"rendered":"ENERGIZER\u00ae ELECTRONIC BATTERIES \u2013 LR44\/A76"},"content":{"rendered":"<ul>\n<li>Pila alcalina de bot\u00f3n Energizer LR44\/A76<\/li>\n<li>De larga duraci\u00f3n: Energ\u00eda confiable para mantener tus dispositivos funcionando<\/li>\n<li>Energ\u00eda confiable: Ofrece un rendimiento duradero y fiable en dispositivos especializados como punteros l\u00e1ser, mandos a distancia, sistemas de entrada sin llave, relojes y juguetes<\/li>\n<li>Confiable: Cada bater\u00eda LR44\/A76 mantiene la energ\u00eda hasta 3 a\u00f1os en almacenamiento, por lo que siempre est\u00e1n listas cuando las necesita<\/li>\n<li>Especificaci\u00f3n: Bot\u00f3n alcalina de tama\u00f1o LR44\/A76 (o V13GA, 4276, KA76), 1,5 voltios<\/li>\n<li>Innovaci\u00f3n de Energizer: De los fabricantes de las bater\u00edas AA m\u00e1s duraderas del mundo, Energizer Ultimate Lithium<\/li>\n<\/ul>\n","protected":false},"excerpt":{"rendered":"<p>Aprovecha al m\u00e1ximo tus dispositivos esenciales con la energ\u00eda confiable y duradera que esperas de Energizer. Abast\u00e9zcase de bater\u00edas alcalinas Energizer LR44\/A76 para relojes, monitores de frecuencia card\u00edaca, controles remotos, dispositivos de entrada sin llave y juguetes. Las pilas alcalinas de bot\u00f3n Energizer LR44\/A76 mantienen la energ\u00eda hasta por 3 a\u00f1os mientras est\u00e1n almacenadas, por lo que siempre est\u00e1n listas cuando usted lo est\u00e9. La gama de bater\u00edas Energizer tambi\u00e9n incluye bater\u00edas 2032, 2025 y 2016, por lo que es f\u00e1cil encontrar energ\u00eda confiable en el tama\u00f1o que necesita. Para bater\u00edas recargables, busque Energizer Recharge, ideal para dispositivos de alta tecnolog\u00eda.<\/p>\n","protected":false},"featured_media":0,"comment_status":"open","ping_status":"closed","template":"","meta":{"_acf_changed":false},"product_brand":[],"product_cat":[58],"product_tag":[],"class_list":{"0":"post-4180","1":"product","2":"type-product","3":"status-publish","5":"product_cat-specialty","7":"first","8":"instock","9":"shipping-taxable","10":"product-type-simple"},"acf":[],"_links":{"self":[{"href":"https:\/\/energizer.com\/lat\/chile\/wp-json\/wp\/v2\/product\/4180","targetHints":{"allow":["GET"]}}],"collection":[{"href":"https:\/\/energizer.com\/lat\/chile\/wp-json\/wp\/v2\/product"}],"about":[{"href":"https:\/\/energizer.com\/lat\/chile\/wp-json\/wp\/v2\/types\/product"}],"replies":[{"embeddable":true,"href":"https:\/\/energizer.com\/lat\/chile\/wp-json\/wp\/v2\/comments?post=4180"}],"version-history":[{"count":14,"href":"https:\/\/energizer.com\/lat\/chile\/wp-json\/wp\/v2\/product\/4180\/revisions"}],"predecessor-version":[{"id":10034,"href":"https:\/\/energizer.com\/lat\/chile\/wp-json\/wp\/v2\/product\/4180\/revisions\/10034"}],"wp:attachment":[{"href":"https:\/\/energizer.com\/lat\/chile\/wp-json\/wp\/v2\/media?parent=4180"}],"wp:term":[{"taxonomy":"product_brand","embeddable":true,"href":"https:\/\/energizer.com\/lat\/chile\/wp-json\/wp\/v2\/product_brand?post=4180"},{"taxonomy":"product_cat","embeddable":true,"href":"https:\/\/energizer.com\/lat\/chile\/wp-json\/wp\/v2\/product_cat?post=4180"},{"taxonomy":"product_tag","embeddable":true,"href":"https:\/\/energizer.com\/lat\/chile\/wp-json\/wp\/v2\/product_tag?post=4180"}],"curies":[{"name":"wp","href":"https:\/\/api.w.org\/{rel}","templated":true}]}}