{"id":4193,"date":"2024-05-16T07:05:35","date_gmt":"2024-05-16T07:05:35","guid":{"rendered":"https:\/\/c487eefeea.nxcli.io\/chile\/?post_type=product&#038;p=4193"},"modified":"2024-09-06T12:13:03","modified_gmt":"2024-09-06T12:13:03","slug":"energizer-electronic-batteries-cr2450","status":"publish","type":"product","link":"https:\/\/energizer.com\/lat\/chile\/product\/energizer-electronic-batteries-cr2450\/","title":{"rendered":"ENERGIZER\u00ae ELECTRONIC BATTERIES \u2013 CR2450"},"content":{"rendered":"<ul>\n<li>Bater\u00eda de moneda de litio Energizer 2450<\/li>\n<li>Ofrece un rendimiento confiable y duradero en dispositivos especiales como monitores de frecuencia card\u00edaca, controles remotos, sistemas de entrada sin llave, monitores de glucosa, juguetes y juegos<\/li>\n<li>Retiene su potencia hasta por 10 a\u00f1os en almacenamiento, lo que garantiza que tendr\u00e1 bater\u00edas de bot\u00f3n de litio listas cuando las necesite<\/li>\n<li>Tama\u00f1o de celda: 2450; IEC: CR2450; Tipo: Moneda de Litio; Voltio: 3<\/li>\n<li>Reemplazo para: L52, DL2450 y 5029LC<\/li>\n<li>Estas bater\u00edas de litio pueden soportar un amplio rango de temperaturas, desde -30\u00ba hasta 60\u00ba C<\/li>\n<\/ul>\n","protected":false},"excerpt":{"rendered":"<p>No te dejes enga\u00f1ar por su peque\u00f1o tama\u00f1o: Esta bater\u00eda de 3 voltios Energizer 2450 Lithium Coin ofrece una gran cantidad de energ\u00eda confiable y duradera para sus art\u00edculos que funcionan con bater\u00edas de bot\u00f3n. Desde monitores de frecuencia card\u00edaca o glucosa hasta controles remotos, sistemas de entrada sin llave, llaveros, relojes, juguetes y juegos, e incluso dispositivos m\u00e1s especializados, nuestras bater\u00edas de moneda son compatibles con los dispositivos que se adaptan a su vida, para que pueda seguir adelante.<\/p>\n","protected":false},"featured_media":0,"comment_status":"open","ping_status":"closed","template":"","meta":{"_acf_changed":false},"product_brand":[],"product_cat":[58],"product_tag":[],"class_list":{"0":"post-4193","1":"product","2":"type-product","3":"status-publish","5":"product_cat-specialty","7":"first","8":"instock","9":"shipping-taxable","10":"product-type-simple"},"acf":[],"_links":{"self":[{"href":"https:\/\/energizer.com\/lat\/chile\/wp-json\/wp\/v2\/product\/4193","targetHints":{"allow":["GET"]}}],"collection":[{"href":"https:\/\/energizer.com\/lat\/chile\/wp-json\/wp\/v2\/product"}],"about":[{"href":"https:\/\/energizer.com\/lat\/chile\/wp-json\/wp\/v2\/types\/product"}],"replies":[{"embeddable":true,"href":"https:\/\/energizer.com\/lat\/chile\/wp-json\/wp\/v2\/comments?post=4193"}],"version-history":[{"count":9,"href":"https:\/\/energizer.com\/lat\/chile\/wp-json\/wp\/v2\/product\/4193\/revisions"}],"predecessor-version":[{"id":10028,"href":"https:\/\/energizer.com\/lat\/chile\/wp-json\/wp\/v2\/product\/4193\/revisions\/10028"}],"wp:attachment":[{"href":"https:\/\/energizer.com\/lat\/chile\/wp-json\/wp\/v2\/media?parent=4193"}],"wp:term":[{"taxonomy":"product_brand","embeddable":true,"href":"https:\/\/energizer.com\/lat\/chile\/wp-json\/wp\/v2\/product_brand?post=4193"},{"taxonomy":"product_cat","embeddable":true,"href":"https:\/\/energizer.com\/lat\/chile\/wp-json\/wp\/v2\/product_cat?post=4193"},{"taxonomy":"product_tag","embeddable":true,"href":"https:\/\/energizer.com\/lat\/chile\/wp-json\/wp\/v2\/product_tag?post=4193"}],"curies":[{"name":"wp","href":"https:\/\/api.w.org\/{rel}","templated":true}]}}