{"id":4215,"date":"2024-05-16T07:23:31","date_gmt":"2024-05-16T07:23:31","guid":{"rendered":"https:\/\/c487eefeea.nxcli.io\/chile\/?post_type=product&#038;p=4215"},"modified":"2024-09-06T12:17:06","modified_gmt":"2024-09-06T12:17:06","slug":"energizer-electronic-batteries-a27","status":"publish","type":"product","link":"https:\/\/energizer.com\/lat\/chile\/product\/energizer-electronic-batteries-a27\/","title":{"rendered":"ENERGIZER\u00ae ELECTRONIC BATTERIES \u2013 A27"},"content":{"rendered":"<ul>\n<li>Bater\u00edas alcalinas en miniatura Energizer A27 de 12 V, que brindan energ\u00eda confiable y duradera a sus dispositivos<\/li>\n<li>Compatible con una variedad de dispositivos, incluidos c\u00e1mara, controladores de videojuegos, auriculares Bluetooth y monitores de glucosa y sangre<\/li>\n<li>Tama\u00f1o de celda: A27; Tipo: Alcalino miniatura; Voltio: 12<\/li>\n<li>Reemplazo para: 27A, A27BP, G27A, GP27A, L828, MN27<\/li>\n<li>Estas bater\u00edas alcalinas Energizer sin mercurio alimentan dispositivos de manera responsable con menos impacto en el medio ambiente<\/li>\n<li>Potente: Las bater\u00edas especiales Energizer est\u00e1n dise\u00f1adas para cumplir con los requisitos de los dispositivos de alta potencia actuales<\/li>\n<\/ul>\n","protected":false},"excerpt":{"rendered":"<p>Para la electr\u00f3nica de la casa, como entradas sin llave, libros electr\u00f3nicos y monitores de glucosa, Energizer\u00ae va m\u00e1s all\u00e1 de los tama\u00f1os b\u00e1sicos de bater\u00edas para brindarte todo lo que necesitas.<br \/>\nEspecificaciones T\u00e9cnicas<br \/>\nPotencia \u00f3ptima para entradas sin llave y aperturas de puertas de garaje.<br \/>\nTama\u00f1o de las celdas: A27<br \/>\nVolt: 12<br \/>\nReemplazo para: 27A, A27BP, G27A, GP27A, L828, MN27<br \/>\nUso Recomendado<br \/>\nPara la electr\u00f3nica de la casa, como entradas sin llave, libros electr\u00f3nicos y monitores de glucosa<\/p>\n","protected":false},"featured_media":0,"comment_status":"open","ping_status":"closed","template":"","meta":{"_acf_changed":false},"product_brand":[],"product_cat":[58],"product_tag":[],"class_list":{"0":"post-4215","1":"product","2":"type-product","3":"status-publish","5":"product_cat-specialty","7":"first","8":"instock","9":"shipping-taxable","10":"product-type-simple"},"acf":[],"_links":{"self":[{"href":"https:\/\/energizer.com\/lat\/chile\/wp-json\/wp\/v2\/product\/4215","targetHints":{"allow":["GET"]}}],"collection":[{"href":"https:\/\/energizer.com\/lat\/chile\/wp-json\/wp\/v2\/product"}],"about":[{"href":"https:\/\/energizer.com\/lat\/chile\/wp-json\/wp\/v2\/types\/product"}],"replies":[{"embeddable":true,"href":"https:\/\/energizer.com\/lat\/chile\/wp-json\/wp\/v2\/comments?post=4215"}],"version-history":[{"count":10,"href":"https:\/\/energizer.com\/lat\/chile\/wp-json\/wp\/v2\/product\/4215\/revisions"}],"predecessor-version":[{"id":10031,"href":"https:\/\/energizer.com\/lat\/chile\/wp-json\/wp\/v2\/product\/4215\/revisions\/10031"}],"wp:attachment":[{"href":"https:\/\/energizer.com\/lat\/chile\/wp-json\/wp\/v2\/media?parent=4215"}],"wp:term":[{"taxonomy":"product_brand","embeddable":true,"href":"https:\/\/energizer.com\/lat\/chile\/wp-json\/wp\/v2\/product_brand?post=4215"},{"taxonomy":"product_cat","embeddable":true,"href":"https:\/\/energizer.com\/lat\/chile\/wp-json\/wp\/v2\/product_cat?post=4215"},{"taxonomy":"product_tag","embeddable":true,"href":"https:\/\/energizer.com\/lat\/chile\/wp-json\/wp\/v2\/product_tag?post=4215"}],"curies":[{"name":"wp","href":"https:\/\/api.w.org\/{rel}","templated":true}]}}