{"id":4229,"date":"2024-05-16T07:35:14","date_gmt":"2024-05-16T07:35:14","guid":{"rendered":"https:\/\/c487eefeea.nxcli.io\/chile\/?post_type=product&#038;p=4229"},"modified":"2024-09-06T12:16:35","modified_gmt":"2024-09-06T12:16:35","slug":"energizer-electronic-batteries-a23-e23a","status":"publish","type":"product","link":"https:\/\/energizer.com\/lat\/chile\/product\/energizer-electronic-batteries-a23-e23a\/","title":{"rendered":"ENERGIZER\u00ae ELECTRONIC BATTERIES \u2013 A23\/E23A"},"content":{"rendered":"<ul>\n<li>Bater\u00edas alcalinas en miniatura Energizer A23, que brindan energ\u00eda confiable y duradera a sus gadgets<\/li>\n<li>Las bater\u00edas alcalinas especiales en miniatura Energizer est\u00e1n dise\u00f1adas para cumplir con los requisitos de sus dispositivos que funcionan con bater\u00edas<\/li>\n<li>Conserva la energ\u00eda almacenada hasta por tres a\u00f1os, por lo que est\u00e1 lista cuando la necesite<\/li>\n<li>Apropiado para una variedad de dispositivos, incluidas c\u00e1maras, calculadoras, auriculares inal\u00e1mbricos y equipos m\u00e9dicos<\/li>\n<li>Tama\u00f1o de la pila: A23; Tipo: Alcalino miniatura; Voltaje: 12.0<\/li>\n<li>Reemplazo para: 1181A, A23BP, DL21, DL23, MN-21B, MN21, V23GA<\/li>\n<\/ul>\n","protected":false},"excerpt":{"rendered":"<p>Sus dispositivos especiales requieren un nivel especial de energ\u00eda: Es por eso que nuestras bater\u00edas alcalinas especiales en miniatura Energizer A23 brindan energ\u00eda confiable para todos sus dispositivos que funcionan con bater\u00edas. Ya sea para sus auriculares inal\u00e1mbricos, controladores de juegos, c\u00e1maras o dispositivos m\u00e9dicos, tendr\u00e1 la seguridad de que est\u00e1 tomando la decisi\u00f3n correcta con las bater\u00edas alcalinas en miniatura Energizer A23. Pru\u00e9belas y vea c\u00f3mo estas bater\u00edas en miniatura se destacan cuando se trata de rendimiento duradero.<\/p>\n","protected":false},"featured_media":0,"comment_status":"open","ping_status":"closed","template":"","meta":{"_acf_changed":false},"product_brand":[],"product_cat":[58],"product_tag":[],"class_list":{"0":"post-4229","1":"product","2":"type-product","3":"status-publish","5":"product_cat-specialty","7":"first","8":"instock","9":"shipping-taxable","10":"product-type-simple"},"acf":[],"_links":{"self":[{"href":"https:\/\/energizer.com\/lat\/chile\/wp-json\/wp\/v2\/product\/4229","targetHints":{"allow":["GET"]}}],"collection":[{"href":"https:\/\/energizer.com\/lat\/chile\/wp-json\/wp\/v2\/product"}],"about":[{"href":"https:\/\/energizer.com\/lat\/chile\/wp-json\/wp\/v2\/types\/product"}],"replies":[{"embeddable":true,"href":"https:\/\/energizer.com\/lat\/chile\/wp-json\/wp\/v2\/comments?post=4229"}],"version-history":[{"count":9,"href":"https:\/\/energizer.com\/lat\/chile\/wp-json\/wp\/v2\/product\/4229\/revisions"}],"predecessor-version":[{"id":10030,"href":"https:\/\/energizer.com\/lat\/chile\/wp-json\/wp\/v2\/product\/4229\/revisions\/10030"}],"wp:attachment":[{"href":"https:\/\/energizer.com\/lat\/chile\/wp-json\/wp\/v2\/media?parent=4229"}],"wp:term":[{"taxonomy":"product_brand","embeddable":true,"href":"https:\/\/energizer.com\/lat\/chile\/wp-json\/wp\/v2\/product_brand?post=4229"},{"taxonomy":"product_cat","embeddable":true,"href":"https:\/\/energizer.com\/lat\/chile\/wp-json\/wp\/v2\/product_cat?post=4229"},{"taxonomy":"product_tag","embeddable":true,"href":"https:\/\/energizer.com\/lat\/chile\/wp-json\/wp\/v2\/product_tag?post=4229"}],"curies":[{"name":"wp","href":"https:\/\/api.w.org\/{rel}","templated":true}]}}