{"id":4247,"date":"2024-05-16T07:49:10","date_gmt":"2024-05-16T07:49:10","guid":{"rendered":"https:\/\/c487eefeea.nxcli.io\/chile\/?post_type=product&#038;p=4247"},"modified":"2024-09-06T12:10:20","modified_gmt":"2024-09-06T12:10:20","slug":"energizer-ultimate-lithium-coin-cr2016-2","status":"publish","type":"product","link":"https:\/\/energizer.com\/lat\/chile\/product\/energizer-ultimate-lithium-coin-cr2016-2\/","title":{"rendered":"ENERGIZER\u00ae ULTIMATE LITHIUM COIN \u2013 CR2016"},"content":{"rendered":"<ul>\n<li>Pilas de bot\u00f3n de litio Energizer CR2016<\/li>\n<li>Nuestras pilas de bot\u00f3n 2016 de mayor duraci\u00f3n duran hasta 12 a\u00f1os almacenadas para proporcionar energ\u00eda fiable cuando m\u00e1s la necesita<\/li>\n<li>Presentan la primera protecci\u00f3n infantil 3 en 1 del mundo con tres l\u00edneas de defensa: alerta de color, un revestimiento amargo y un embalaje seguro<\/li>\n<li>La tecnolog\u00eda Colour Alert ti\u00f1e la boca de azul segundos despu\u00e9s del contacto con la saliva para indicar una posible ingesti\u00f3n<\/li>\n<li>El revestimiento amargo no t\u00f3xico ayuda a desalentar la ingesti\u00f3n<\/li>\n<li>El embalaje seguro es muy dif\u00edcil de abrir<\/li>\n<li>Funciona a temperaturas extremas de -22 a 140 grados Fahrenheit para ofrecer una potencia fiable, incluso en las condiciones m\u00e1s duras<\/li>\n<li>Ideales como pilas para mandos a distancia y dispositivos m\u00e9dicos; tambi\u00e9n son una fuente de energ\u00eda ideal para su sistema de entrada sin llave, juguetes y juegos<\/li>\n<\/ul>\n","protected":false},"excerpt":{"rendered":"<p>Para la electr\u00f3nica de la casa, como entradas sin llave, libros electr\u00f3nicos y monitores de glucosa, Energizer\u00ae va m\u00e1s all\u00e1 de los tama\u00f1os b\u00e1sicos de bater\u00edas para brindarte todo lo que necesitas.<br \/>\n<strong>Especificaciones T\u00e9cnicas<\/strong><br \/>\nEnerg\u00eda confiable y responsable. Se utilizan en monitores de frecuencia card\u00edaca, entradas sin llave, monitores de glucosa, juguetes y juegos. Funcionan en temperaturas extremas de -30 a 60 \u00baC. Mantienen la carga durante 8 a\u00f1os cuando no est\u00e1n en uso.<br \/>\nTama\u00f1o de las celdas: 2016<br \/>\nIEC: CR2016<br \/>\nVolt: 3<br \/>\nReemplazo para: 280-202, 280-204, 280-206, 5000LC, BR2016, DL2016, SB-T11, ECR2016<br \/>\n<strong>Uso Recomendado<\/strong><br \/>\nIdeal para monitores de frecuencia card\u00edaca, entradas sin llave, monitores de glucosa, juguetes y juegos.<\/p>\n","protected":false},"featured_media":0,"comment_status":"open","ping_status":"closed","template":"","meta":{"_acf_changed":false},"product_brand":[],"product_cat":[58],"product_tag":[],"class_list":{"0":"post-4247","1":"product","2":"type-product","3":"status-publish","5":"product_cat-specialty","7":"first","8":"instock","9":"shipping-taxable","10":"product-type-simple"},"acf":[],"_links":{"self":[{"href":"https:\/\/energizer.com\/lat\/chile\/wp-json\/wp\/v2\/product\/4247","targetHints":{"allow":["GET"]}}],"collection":[{"href":"https:\/\/energizer.com\/lat\/chile\/wp-json\/wp\/v2\/product"}],"about":[{"href":"https:\/\/energizer.com\/lat\/chile\/wp-json\/wp\/v2\/types\/product"}],"replies":[{"embeddable":true,"href":"https:\/\/energizer.com\/lat\/chile\/wp-json\/wp\/v2\/comments?post=4247"}],"version-history":[{"count":12,"href":"https:\/\/energizer.com\/lat\/chile\/wp-json\/wp\/v2\/product\/4247\/revisions"}],"predecessor-version":[{"id":10022,"href":"https:\/\/energizer.com\/lat\/chile\/wp-json\/wp\/v2\/product\/4247\/revisions\/10022"}],"wp:attachment":[{"href":"https:\/\/energizer.com\/lat\/chile\/wp-json\/wp\/v2\/media?parent=4247"}],"wp:term":[{"taxonomy":"product_brand","embeddable":true,"href":"https:\/\/energizer.com\/lat\/chile\/wp-json\/wp\/v2\/product_brand?post=4247"},{"taxonomy":"product_cat","embeddable":true,"href":"https:\/\/energizer.com\/lat\/chile\/wp-json\/wp\/v2\/product_cat?post=4247"},{"taxonomy":"product_tag","embeddable":true,"href":"https:\/\/energizer.com\/lat\/chile\/wp-json\/wp\/v2\/product_tag?post=4247"}],"curies":[{"name":"wp","href":"https:\/\/api.w.org\/{rel}","templated":true}]}}