{"id":4449,"date":"2024-05-29T10:45:54","date_gmt":"2024-05-29T10:45:54","guid":{"rendered":"https:\/\/c487eefeea.nxcli.io\/chile\/?post_type=product&#038;p=4449"},"modified":"2024-09-06T12:04:57","modified_gmt":"2024-09-06T12:04:57","slug":"energizer-photo-lithium-batteries-123","status":"publish","type":"product","link":"https:\/\/energizer.com\/lat\/chile\/product\/energizer-photo-lithium-batteries-123\/","title":{"rendered":"ENERGIZER\u00ae PHOTO LITHIUM BATTERIES \u2013 123"},"content":{"rendered":"<ul>\n<li>Bater\u00eda de litio para fotograf\u00eda Energizer 123 que ofrece un rendimiento duradero para su c\u00e1mara, toma tras toma<\/li>\n<li>Compatible con los dispositivos de alta tecnolog\u00eda actuales: Las bater\u00edas para fotograf\u00eda Energizer proporcionan un rendimiento confiable en linternas, c\u00e1maras digitales, videoc\u00e1maras digitales, dispositivos de hogar inteligente, unidades de flash, l\u00e1seres y m\u00e1s<\/li>\n<li>Listas y confiables cuando las necesite: Nuestras 123 bater\u00edas fotogr\u00e1ficas conservan energ\u00eda hasta por 10 a\u00f1os almacenadas, por lo que siempre podr\u00e1s tener energ\u00eda de la bater\u00eda a mano<\/li>\n<li>Tipo: Litio; Voltio: 3<\/li>\n<li>Reemplazo para: DL123A, CR17345, CR123A, K123LA<\/li>\n<li>Potentes: Las bater\u00edas Energizer Photo est\u00e1n dise\u00f1adas para cumplir con los requisitos de los dispositivos de alta potencia actuales<\/li>\n<\/ul>\n","protected":false},"excerpt":{"rendered":"<p>No deje de capturar ning\u00fan momento: Las bater\u00edas para fotograf\u00eda Energizer 123 ofrecen un rendimiento preciso y duradero para su c\u00e1mara y equipo fotogr\u00e1fico. Pero no se limita a las fotos: Estas bater\u00edas de litio tambi\u00e9n pueden alimentar linternas de alta tecnolog\u00eda, c\u00e1maras digitales, videoc\u00e1maras digitales, dispositivos dom\u00e9sticos inteligentes, unidades de flash, l\u00e1seres y m\u00e1s. Con una vida \u00fatil de almacenamiento de hasta 10 a\u00f1os, puede estar seguro de que se mantendr\u00e1n perfectas hasta que las necesite.<\/p>\n","protected":false},"featured_media":0,"comment_status":"open","ping_status":"closed","template":"","meta":{"_acf_changed":false},"product_brand":[],"product_cat":[58],"product_tag":[],"class_list":{"0":"post-4449","1":"product","2":"type-product","3":"status-publish","5":"product_cat-specialty","7":"first","8":"instock","9":"shipping-taxable","10":"product-type-simple"},"acf":[],"_links":{"self":[{"href":"https:\/\/energizer.com\/lat\/chile\/wp-json\/wp\/v2\/product\/4449","targetHints":{"allow":["GET"]}}],"collection":[{"href":"https:\/\/energizer.com\/lat\/chile\/wp-json\/wp\/v2\/product"}],"about":[{"href":"https:\/\/energizer.com\/lat\/chile\/wp-json\/wp\/v2\/types\/product"}],"replies":[{"embeddable":true,"href":"https:\/\/energizer.com\/lat\/chile\/wp-json\/wp\/v2\/comments?post=4449"}],"version-history":[{"count":14,"href":"https:\/\/energizer.com\/lat\/chile\/wp-json\/wp\/v2\/product\/4449\/revisions"}],"predecessor-version":[{"id":10018,"href":"https:\/\/energizer.com\/lat\/chile\/wp-json\/wp\/v2\/product\/4449\/revisions\/10018"}],"wp:attachment":[{"href":"https:\/\/energizer.com\/lat\/chile\/wp-json\/wp\/v2\/media?parent=4449"}],"wp:term":[{"taxonomy":"product_brand","embeddable":true,"href":"https:\/\/energizer.com\/lat\/chile\/wp-json\/wp\/v2\/product_brand?post=4449"},{"taxonomy":"product_cat","embeddable":true,"href":"https:\/\/energizer.com\/lat\/chile\/wp-json\/wp\/v2\/product_cat?post=4449"},{"taxonomy":"product_tag","embeddable":true,"href":"https:\/\/energizer.com\/lat\/chile\/wp-json\/wp\/v2\/product_tag?post=4449"}],"curies":[{"name":"wp","href":"https:\/\/api.w.org\/{rel}","templated":true}]}}