{"id":4454,"date":"2024-05-16T12:33:10","date_gmt":"2024-05-16T12:33:10","guid":{"rendered":"https:\/\/c487eefeea.nxcli.io\/chile\/?post_type=product&#038;p=4454"},"modified":"2024-09-06T11:59:36","modified_gmt":"2024-09-06T11:59:36","slug":"energizer-photo-lithium-batteries-cr2","status":"publish","type":"product","link":"https:\/\/energizer.com\/lat\/chile\/product\/energizer-photo-lithium-batteries-cr2\/","title":{"rendered":"ENERGIZER\u00ae PHOTO LITHIUM BATTERIES \u2013 CR2"},"content":{"rendered":"<ul>\n<li>Las bater\u00edas de foto de Energizer est\u00e1n dise\u00f1adas para cumplir con los requisitos de los dispositivos de alta potencia de hoy en d\u00eda<\/li>\n<li>Especificaciones T\u00e9cnicas<\/li>\n<li>Tipo: Litio; Voltaje: 3<\/li>\n<li>Equivalencias: 1CR2, 5046LC, CR15H270, DLCR2, CR17355, EL1CR2, KCR2, RLCR2-2<\/li>\n<li>Uso Recomendado<\/li>\n<li>C\u00e1maras digitales, linternas de alta tecnolog\u00eda, videoc\u00e1maras digitales, dispositivos inteligentes para el hogar, unidades de flash y l\u00e1ser, y mucho m\u00e1s<\/li>\n<\/ul>\n","protected":false},"excerpt":{"rendered":"<p>Nunca pierdas la captura de un momento: la bater\u00eda fotogr\u00e1fica Energizer CR2 ofrece un rendimiento preciso y duradero para tu c\u00e1mara r\u00e9flex digital y equipo fotogr\u00e1fico. Adicional, esta bater\u00eda de litio tambi\u00e9n puede alimentar dispositivos de alta tecnolog\u00eda como su calculadora, Tablet PC, y mucho m\u00e1s.<\/p>\n<p>Con una potencia de almacenamiento de hasta 10 a\u00f1os, puede estar seguro que contar\u00e1 con la energ\u00eda que necesite en el momento que lo necesit<\/p>\n","protected":false},"featured_media":0,"comment_status":"open","ping_status":"closed","template":"","meta":{"_acf_changed":false},"product_brand":[],"product_cat":[58],"product_tag":[],"class_list":{"0":"post-4454","1":"product","2":"type-product","3":"status-publish","5":"product_cat-specialty","7":"first","8":"instock","9":"shipping-taxable","10":"product-type-simple"},"acf":[],"_links":{"self":[{"href":"https:\/\/energizer.com\/lat\/chile\/wp-json\/wp\/v2\/product\/4454","targetHints":{"allow":["GET"]}}],"collection":[{"href":"https:\/\/energizer.com\/lat\/chile\/wp-json\/wp\/v2\/product"}],"about":[{"href":"https:\/\/energizer.com\/lat\/chile\/wp-json\/wp\/v2\/types\/product"}],"replies":[{"embeddable":true,"href":"https:\/\/energizer.com\/lat\/chile\/wp-json\/wp\/v2\/comments?post=4454"}],"version-history":[{"count":9,"href":"https:\/\/energizer.com\/lat\/chile\/wp-json\/wp\/v2\/product\/4454\/revisions"}],"predecessor-version":[{"id":10012,"href":"https:\/\/energizer.com\/lat\/chile\/wp-json\/wp\/v2\/product\/4454\/revisions\/10012"}],"wp:attachment":[{"href":"https:\/\/energizer.com\/lat\/chile\/wp-json\/wp\/v2\/media?parent=4454"}],"wp:term":[{"taxonomy":"product_brand","embeddable":true,"href":"https:\/\/energizer.com\/lat\/chile\/wp-json\/wp\/v2\/product_brand?post=4454"},{"taxonomy":"product_cat","embeddable":true,"href":"https:\/\/energizer.com\/lat\/chile\/wp-json\/wp\/v2\/product_cat?post=4454"},{"taxonomy":"product_tag","embeddable":true,"href":"https:\/\/energizer.com\/lat\/chile\/wp-json\/wp\/v2\/product_tag?post=4454"}],"curies":[{"name":"wp","href":"https:\/\/api.w.org\/{rel}","templated":true}]}}