{"id":4723,"date":"2024-05-17T08:41:40","date_gmt":"2024-05-17T08:41:40","guid":{"rendered":"https:\/\/c487eefeea.nxcli.io\/chile\/?post_type=product&#038;p=4723"},"modified":"2024-09-06T12:54:17","modified_gmt":"2024-09-06T12:54:17","slug":"energizer-mini-charger","status":"publish","type":"product","link":"https:\/\/energizer.com\/lat\/chile\/product\/energizer-mini-charger\/","title":{"rendered":"ENERGIZER\u00ae MINI CHARGER"},"content":{"rendered":"<ul>\n<li>Carga una o dos pilas recargables AA o AAA durante la noche<\/li>\n<li>El indicador LED de estado de carga le indica cu\u00e1ndo se est\u00e1n cargando las bater\u00edas<\/li>\n<li>Protecci\u00f3n contra polaridad inversa<\/li>\n<li>Mecanismo de apagado autom\u00e1tico del temporizador<\/li>\n<li>Energizer\u00ae Recargable, la marca de bater\u00edas recargables n\u00famero uno en ventas en el mundo seg\u00fan datos de escaneo<\/li>\n<\/ul>\n","protected":false},"excerpt":{"rendered":"<p>El Mini Cargador Energizer\u00ae es perfecto cuando est\u00e1 en movimiento y cuando no necesita cargar muchas bater\u00edas a la vez. El cargador de bater\u00eda ultracompacto es elegante y liviano, lo que lo convierte en el compa\u00f1ero de viaje perfecto que mantiene todos sus dispositivos funcionando, dondequiera que vaya.<\/p>\n","protected":false},"featured_media":0,"comment_status":"open","ping_status":"closed","template":"","meta":{"_acf_changed":false},"product_brand":[],"product_cat":[82],"product_tag":[],"class_list":{"0":"post-4723","1":"product","2":"type-product","3":"status-publish","5":"product_cat-recharge-battery-chargers","7":"first","8":"instock","9":"shipping-taxable","10":"product-type-simple"},"acf":[],"_links":{"self":[{"href":"https:\/\/energizer.com\/lat\/chile\/wp-json\/wp\/v2\/product\/4723","targetHints":{"allow":["GET"]}}],"collection":[{"href":"https:\/\/energizer.com\/lat\/chile\/wp-json\/wp\/v2\/product"}],"about":[{"href":"https:\/\/energizer.com\/lat\/chile\/wp-json\/wp\/v2\/types\/product"}],"replies":[{"embeddable":true,"href":"https:\/\/energizer.com\/lat\/chile\/wp-json\/wp\/v2\/comments?post=4723"}],"version-history":[{"count":6,"href":"https:\/\/energizer.com\/lat\/chile\/wp-json\/wp\/v2\/product\/4723\/revisions"}],"predecessor-version":[{"id":10047,"href":"https:\/\/energizer.com\/lat\/chile\/wp-json\/wp\/v2\/product\/4723\/revisions\/10047"}],"wp:attachment":[{"href":"https:\/\/energizer.com\/lat\/chile\/wp-json\/wp\/v2\/media?parent=4723"}],"wp:term":[{"taxonomy":"product_brand","embeddable":true,"href":"https:\/\/energizer.com\/lat\/chile\/wp-json\/wp\/v2\/product_brand?post=4723"},{"taxonomy":"product_cat","embeddable":true,"href":"https:\/\/energizer.com\/lat\/chile\/wp-json\/wp\/v2\/product_cat?post=4723"},{"taxonomy":"product_tag","embeddable":true,"href":"https:\/\/energizer.com\/lat\/chile\/wp-json\/wp\/v2\/product_tag?post=4723"}],"curies":[{"name":"wp","href":"https:\/\/api.w.org\/{rel}","templated":true}]}}