{"id":4815,"date":"2024-05-13T07:35:22","date_gmt":"2024-05-13T07:35:22","guid":{"rendered":"https:\/\/c487eefeea.nxcli.io\/chile\/?post_type=product&#038;p=4815"},"modified":"2025-01-10T11:52:26","modified_gmt":"2025-01-10T11:52:26","slug":"energizer-max-plus-aa","status":"publish","type":"product","link":"https:\/\/energizer.com\/lat\/chile\/product\/energizer-max-plus-aa\/","title":{"rendered":"ENERGIZER\u00ae MAX PLUS \u2122 &#8211; AA"},"content":{"rendered":"<ul>\n<li>Paquete de 2\/4 pilas AA Energizer Max Plus, alcalinas<\/li>\n<li>M\u00e1s duradera: esta bater\u00eda alcalina n\u00famero uno de mayor duraci\u00f3n de Energizer<\/li>\n<li>Protecci\u00f3n contra fugas: Bater\u00edas doble A con construcci\u00f3n resistente a fugas para proteger sus dispositivos contra fugas y cubiertas por la Garant\u00eda sin fugas de Energizer<\/li>\n<li>Confiable: Cada bater\u00eda alcalina AA de Energizer tiene una vida \u00fatil de hasta 12 a\u00f1os, por lo que est\u00e1n listas cuando las necesita<\/li>\n<li>Innovaci\u00f3n Energizer: De los fabricantes de las bater\u00edas AA m\u00e1s duraderas del mundo, Energizer Ultimate Lithium<\/li>\n<\/ul>\n","protected":false},"excerpt":{"rendered":"<p>Saque el m\u00e1ximo partido a sus dispositivos esenciales con la energ\u00eda confiable y duradera que espera de las pilas Energizer. Abast\u00e9zcase de pilas AA para controles de juegos y pilas alcalinas AA para luces, controles remotos, relojes y juguetes. Este pack de pilas AA tambi\u00e9n es una gran elecci\u00f3n si necesita pilas confiables para luces LED. Los pilas Energizer Max Plus AA mantienen la energ\u00eda hasta 12 a\u00f1os mientras est\u00e1n guardadas, y su construcci\u00f3n resistente protege sus dispositivos contra las fugas. Con Energizer, la energ\u00eda estar\u00e1 lista cuando usted la necesite. La gama Energizer Max Plus tambi\u00e9n incluye pilas AAA, C, D y 9V, por lo que es f\u00e1cil encontrar energ\u00eda confiable en el tama\u00f1o que necesita.<\/p>\n","protected":false},"featured_media":0,"comment_status":"open","ping_status":"closed","template":"","meta":{"_acf_changed":false},"product_brand":[],"product_cat":[87],"product_tag":[],"class_list":{"0":"post-4815","1":"product","2":"type-product","3":"status-publish","5":"product_cat-energizer-max-plus","7":"first","8":"instock","9":"shipping-taxable","10":"product-type-simple"},"acf":[],"_links":{"self":[{"href":"https:\/\/energizer.com\/lat\/chile\/wp-json\/wp\/v2\/product\/4815","targetHints":{"allow":["GET"]}}],"collection":[{"href":"https:\/\/energizer.com\/lat\/chile\/wp-json\/wp\/v2\/product"}],"about":[{"href":"https:\/\/energizer.com\/lat\/chile\/wp-json\/wp\/v2\/types\/product"}],"replies":[{"embeddable":true,"href":"https:\/\/energizer.com\/lat\/chile\/wp-json\/wp\/v2\/comments?post=4815"}],"version-history":[{"count":15,"href":"https:\/\/energizer.com\/lat\/chile\/wp-json\/wp\/v2\/product\/4815\/revisions"}],"predecessor-version":[{"id":10246,"href":"https:\/\/energizer.com\/lat\/chile\/wp-json\/wp\/v2\/product\/4815\/revisions\/10246"}],"wp:attachment":[{"href":"https:\/\/energizer.com\/lat\/chile\/wp-json\/wp\/v2\/media?parent=4815"}],"wp:term":[{"taxonomy":"product_brand","embeddable":true,"href":"https:\/\/energizer.com\/lat\/chile\/wp-json\/wp\/v2\/product_brand?post=4815"},{"taxonomy":"product_cat","embeddable":true,"href":"https:\/\/energizer.com\/lat\/chile\/wp-json\/wp\/v2\/product_cat?post=4815"},{"taxonomy":"product_tag","embeddable":true,"href":"https:\/\/energizer.com\/lat\/chile\/wp-json\/wp\/v2\/product_tag?post=4815"}],"curies":[{"name":"wp","href":"https:\/\/api.w.org\/{rel}","templated":true}]}}