{"id":6707,"date":"2024-05-29T10:49:59","date_gmt":"2024-05-29T10:49:59","guid":{"rendered":"https:\/\/c487eefeea.nxcli.io\/chile\/?post_type=product&#038;p=6707"},"modified":"2025-01-10T12:10:18","modified_gmt":"2025-01-10T12:10:18","slug":"energizer-ultimate-lithium-coin-cr2032","status":"publish","type":"product","link":"https:\/\/energizer.com\/lat\/chile\/product\/energizer-ultimate-lithium-coin-cr2032\/","title":{"rendered":"ENERGIZER\u00ae ULTIMATE LITHIUM COIN \u2013 CR2032"},"content":{"rendered":"<ul>\n<li>Pilas de Bot\u00f3n de Litio Energizer CR2032<\/li>\n<li>Nuestras pilas de bot\u00f3n 2032 de mayor durabilidad aguantan hasta 12 a\u00f1os almacenadas para ofrecerte energ\u00eda confiable cuando m\u00e1s la necesita<\/li>\n<li>Con el primer protector infantil 3 en 1 del mundo con tres l\u00edneas de defensa: Alerta de color, capa amarga y un empaque seguro<\/li>\n<li>La tecnolog\u00eda Colour Alert ti\u00f1e la boca de azul segundos despu\u00e9s del contacto con la saliva para indicar una posible ingesti\u00f3n<\/li>\n<li>El revestimiento amargo no t\u00f3xico ayuda a desalentar cualquier ingesti\u00f3n<\/li>\n<li>El embalaje seguro es muy dif\u00edcil de abrir<\/li>\n<li>Funciona a temperaturas extremas de -22 a 140 grados Fahrenheit para ofrecer una potencia confiable, incluso en las condiciones m\u00e1s duras<\/li>\n<li>Ideales como pilas para control remoto y dispositivos m\u00e9dicos; tambi\u00e9n son una fuente de energ\u00eda ideal para su sistema de entrada sin llave, juguetes y juegos.<\/li>\n<\/ul>\n","protected":false},"excerpt":{"rendered":"<p>Saque el m\u00e1ximo partido a sus dispositivos esenciales con la energ\u00eda confiable y duradera que cabe esperar de Energizer. Abast\u00e9zcase de pilas Energizer CR2032 para relojes y dispositivos port\u00e1tiles, as\u00ed como de pilas para llaveros, controles remotos, sensores de alarma y balanzas. Este paquete de pilas tambi\u00e9n es una gran elecci\u00f3n si necesita una pila nueva para la llave del carro. Cada pila Energizer CR2032 de litio mantiene la energ\u00eda hasta 10 a\u00f1os mientras est\u00e1 almacenada y puede soportar temperaturas de -30\u00ba a 60\u00baC: siempre estar\u00e1n listas cuando usted las necesite. Adem\u00e1s del tama\u00f1o 2032 (o KECR2032), la gama de pilas Energizer tambi\u00e9n incluye pilas 2025, 2016 y LR44\/A76, por lo que es f\u00e1cil encontrar energ\u00eda confiable en el tama\u00f1o que necesita.<\/p>\n","protected":false},"featured_media":0,"comment_status":"open","ping_status":"closed","template":"","meta":{"_acf_changed":false},"product_brand":[],"product_cat":[58],"product_tag":[],"class_list":{"0":"post-6707","1":"product","2":"type-product","3":"status-publish","5":"product_cat-specialty","7":"first","8":"instock","9":"shipping-taxable","10":"product-type-simple"},"acf":[],"_links":{"self":[{"href":"https:\/\/energizer.com\/lat\/chile\/wp-json\/wp\/v2\/product\/6707","targetHints":{"allow":["GET"]}}],"collection":[{"href":"https:\/\/energizer.com\/lat\/chile\/wp-json\/wp\/v2\/product"}],"about":[{"href":"https:\/\/energizer.com\/lat\/chile\/wp-json\/wp\/v2\/types\/product"}],"replies":[{"embeddable":true,"href":"https:\/\/energizer.com\/lat\/chile\/wp-json\/wp\/v2\/comments?post=6707"}],"version-history":[{"count":21,"href":"https:\/\/energizer.com\/lat\/chile\/wp-json\/wp\/v2\/product\/6707\/revisions"}],"predecessor-version":[{"id":10251,"href":"https:\/\/energizer.com\/lat\/chile\/wp-json\/wp\/v2\/product\/6707\/revisions\/10251"}],"wp:attachment":[{"href":"https:\/\/energizer.com\/lat\/chile\/wp-json\/wp\/v2\/media?parent=6707"}],"wp:term":[{"taxonomy":"product_brand","embeddable":true,"href":"https:\/\/energizer.com\/lat\/chile\/wp-json\/wp\/v2\/product_brand?post=6707"},{"taxonomy":"product_cat","embeddable":true,"href":"https:\/\/energizer.com\/lat\/chile\/wp-json\/wp\/v2\/product_cat?post=6707"},{"taxonomy":"product_tag","embeddable":true,"href":"https:\/\/energizer.com\/lat\/chile\/wp-json\/wp\/v2\/product_tag?post=6707"}],"curies":[{"name":"wp","href":"https:\/\/api.w.org\/{rel}","templated":true}]}}