{"id":9727,"date":"2024-08-09T10:20:49","date_gmt":"2024-08-09T10:20:49","guid":{"rendered":"https:\/\/c487eefeea.nxcli.io\/chile\/?post_type=product&#038;p=9727"},"modified":"2024-09-09T10:10:08","modified_gmt":"2024-09-09T10:10:08","slug":"energizer-recharge-c","status":"publish","type":"product","link":"https:\/\/energizer.com\/lat\/chile\/product\/energizer-recharge-c\/","title":{"rendered":"ENERGIZER\u00ae RECHARGE \u2013 C"},"content":{"rendered":"<ul>\n<li>Paquete de 2 pilas recargables Energizer Recharge Universal 2500 mAh NiMH C<\/li>\n<li>Cada pila se puede cargar cientos de veces, con una carga que puede durar hasta 12 meses almacenada<\/li>\n<li>La composici\u00f3n Extended Life garantiza hasta 3 a\u00f1os de vida \u00fatil de la pila con los patrones de uso habituales<\/li>\n<li>Una sola carga permite disfrutar de hasta 5,5 horas de actividad del juguete (los resultados var\u00edan seg\u00fan el dispositivo y el uso)<\/li>\n<li>Encabeza las listas como la marca de recarga n\u00ba 1 del mundo, seg\u00fan las ventas por esc\u00e1ner<\/li>\n<\/ul>\n","protected":false},"excerpt":{"rendered":"<p>Mantenga a su familia a pleno rendimiento todos los d\u00edas con las pilas recargables universales Energizer Recharge de larga duraci\u00f3n. Estas pilas recargables le ayudan a ahorrar dinero y generan menos residuos con el tiempo, reduciendo el impacto medioambiental. Cada pila Energizer Recharge Universal puede cargarse y utilizarse cientos de veces. \u00bfNo le apetece utilizar sus pilas cargadas de inmediato? La carga dura hasta un a\u00f1o almacenada. S\u00f3lo tiene que emparejarlas con cualquier cargador Energizer Recharge Charger para cargar sus dispositivos de uso diario, como juguetes, radios port\u00e1tiles y linternas, y mantener la energ\u00eda en funcionamiento.<\/p>\n","protected":false},"featured_media":0,"comment_status":"open","ping_status":"closed","template":"","meta":{"_acf_changed":false},"product_brand":[],"product_cat":[31],"product_tag":[],"class_list":{"0":"post-9727","1":"product","2":"type-product","3":"status-publish","5":"product_cat-energizer-recharge","7":"first","8":"instock","9":"shipping-taxable","10":"product-type-simple"},"acf":[],"_links":{"self":[{"href":"https:\/\/energizer.com\/lat\/chile\/wp-json\/wp\/v2\/product\/9727","targetHints":{"allow":["GET"]}}],"collection":[{"href":"https:\/\/energizer.com\/lat\/chile\/wp-json\/wp\/v2\/product"}],"about":[{"href":"https:\/\/energizer.com\/lat\/chile\/wp-json\/wp\/v2\/types\/product"}],"replies":[{"embeddable":true,"href":"https:\/\/energizer.com\/lat\/chile\/wp-json\/wp\/v2\/comments?post=9727"}],"version-history":[{"count":3,"href":"https:\/\/energizer.com\/lat\/chile\/wp-json\/wp\/v2\/product\/9727\/revisions"}],"predecessor-version":[{"id":10087,"href":"https:\/\/energizer.com\/lat\/chile\/wp-json\/wp\/v2\/product\/9727\/revisions\/10087"}],"wp:attachment":[{"href":"https:\/\/energizer.com\/lat\/chile\/wp-json\/wp\/v2\/media?parent=9727"}],"wp:term":[{"taxonomy":"product_brand","embeddable":true,"href":"https:\/\/energizer.com\/lat\/chile\/wp-json\/wp\/v2\/product_brand?post=9727"},{"taxonomy":"product_cat","embeddable":true,"href":"https:\/\/energizer.com\/lat\/chile\/wp-json\/wp\/v2\/product_cat?post=9727"},{"taxonomy":"product_tag","embeddable":true,"href":"https:\/\/energizer.com\/lat\/chile\/wp-json\/wp\/v2\/product_tag?post=9727"}],"curies":[{"name":"wp","href":"https:\/\/api.w.org\/{rel}","templated":true}]}}