{"id":9730,"date":"2024-08-09T11:44:54","date_gmt":"2024-08-09T11:44:54","guid":{"rendered":"https:\/\/c487eefeea.nxcli.io\/chile\/?post_type=product&#038;p=9730"},"modified":"2024-09-10T13:12:53","modified_gmt":"2024-09-10T13:12:53","slug":"energizer-metal-light-80","status":"publish","type":"product","link":"https:\/\/energizer.com\/lat\/chile\/product\/energizer-metal-light-80\/","title":{"rendered":"Energizer Metal Light 80"},"content":{"rendered":"<ul>\n<li>Tama\u00f1o port\u00e1til y compacto, que encaja perfectamente en tu mano y es f\u00e1cil de transportar<\/li>\n<li>Hasta 5 veces m\u00e1s brillante que la tecnolog\u00eda LED com\u00fan.<\/li>\n<li>Incluye cord\u00f3n<\/li>\n<li>Construcci\u00f3n en metal duradero<\/li>\n<li>Bot\u00f3n pulsador trasero f\u00e1cil de usar<\/li>\n<li>Intensidad de 80 l\u00famenes y distancia del haz de luz de hasta 80 metros<\/li>\n<li>Tiempo de ejecuci\u00f3n de hasta 5 horas y media<\/li>\n<li>Opera con 3 pilas AAA (no incluidas)<\/li>\n<\/ul>\n","protected":false},"excerpt":{"rendered":"<p>Tama\u00f1o port\u00e1til y compacto, que encaja perfectamente en tu mano y es f\u00e1cil de transportar Hasta 5 veces m\u00e1s brillante que la tecnolog\u00eda LED com\u00fan. Incluye cord\u00f3n Construcci\u00f3n en metal duradero Bot\u00f3n pulsador trasero f\u00e1cil de usar Intensidad de 80 l\u00famenes y distancia del haz de luz de hasta 80 metros Tiempo de ejecuci\u00f3n de [&hellip;]<\/p>\n","protected":false},"featured_media":0,"comment_status":"open","ping_status":"closed","template":"","meta":{"_acf_changed":false},"product_brand":[],"product_cat":[97],"product_tag":[],"class_list":{"0":"post-9730","1":"product","2":"type-product","3":"status-publish","5":"product_cat-handheld","7":"first","8":"instock","9":"shipping-taxable","10":"product-type-simple"},"acf":[],"_links":{"self":[{"href":"https:\/\/energizer.com\/lat\/chile\/wp-json\/wp\/v2\/product\/9730","targetHints":{"allow":["GET"]}}],"collection":[{"href":"https:\/\/energizer.com\/lat\/chile\/wp-json\/wp\/v2\/product"}],"about":[{"href":"https:\/\/energizer.com\/lat\/chile\/wp-json\/wp\/v2\/types\/product"}],"replies":[{"embeddable":true,"href":"https:\/\/energizer.com\/lat\/chile\/wp-json\/wp\/v2\/comments?post=9730"}],"version-history":[{"count":2,"href":"https:\/\/energizer.com\/lat\/chile\/wp-json\/wp\/v2\/product\/9730\/revisions"}],"predecessor-version":[{"id":10129,"href":"https:\/\/energizer.com\/lat\/chile\/wp-json\/wp\/v2\/product\/9730\/revisions\/10129"}],"wp:attachment":[{"href":"https:\/\/energizer.com\/lat\/chile\/wp-json\/wp\/v2\/media?parent=9730"}],"wp:term":[{"taxonomy":"product_brand","embeddable":true,"href":"https:\/\/energizer.com\/lat\/chile\/wp-json\/wp\/v2\/product_brand?post=9730"},{"taxonomy":"product_cat","embeddable":true,"href":"https:\/\/energizer.com\/lat\/chile\/wp-json\/wp\/v2\/product_cat?post=9730"},{"taxonomy":"product_tag","embeddable":true,"href":"https:\/\/energizer.com\/lat\/chile\/wp-json\/wp\/v2\/product_tag?post=9730"}],"curies":[{"name":"wp","href":"https:\/\/api.w.org\/{rel}","templated":true}]}}