{"id":9732,"date":"2024-08-09T11:46:47","date_gmt":"2024-08-09T11:46:47","guid":{"rendered":"https:\/\/c487eefeea.nxcli.io\/chile\/?post_type=product&#038;p=9732"},"modified":"2024-08-09T11:48:21","modified_gmt":"2024-08-09T11:48:21","slug":"energizer-worklight-250","status":"publish","type":"product","link":"https:\/\/energizer.com\/lat\/chile\/product\/energizer-worklight-250\/","title":{"rendered":"Energizer Worklight 250"},"content":{"rendered":"","protected":false},"excerpt":{"rendered":"<p>La linterna Energizer Worklight 250 ofrece la durabilidad y las caracter\u00edsticas que los usuarios necesitan, todo en una soluci\u00f3n de iluminaci\u00f3n de \u00e1rea elegante pero potente.  La construcci\u00f3n duradera de esta luz la convierte en el compa\u00f1ero perfecto para cualquier proyecto de bricolaje y para uso diario y al aire libre. La luz cuenta con un mango m\u00f3vil que se puede usar para inclinar la luz seg\u00fan sea necesario para una m\u00e1xima versatilidad.<\/p>\n","protected":false},"featured_media":0,"comment_status":"open","ping_status":"closed","template":"","meta":{"_acf_changed":false},"product_brand":[],"product_cat":[44],"product_tag":[],"class_list":{"0":"post-9732","1":"product","2":"type-product","3":"status-publish","5":"product_cat-area","7":"first","8":"instock","9":"shipping-taxable","10":"product-type-simple"},"acf":[],"_links":{"self":[{"href":"https:\/\/energizer.com\/lat\/chile\/wp-json\/wp\/v2\/product\/9732","targetHints":{"allow":["GET"]}}],"collection":[{"href":"https:\/\/energizer.com\/lat\/chile\/wp-json\/wp\/v2\/product"}],"about":[{"href":"https:\/\/energizer.com\/lat\/chile\/wp-json\/wp\/v2\/types\/product"}],"replies":[{"embeddable":true,"href":"https:\/\/energizer.com\/lat\/chile\/wp-json\/wp\/v2\/comments?post=9732"}],"version-history":[{"count":1,"href":"https:\/\/energizer.com\/lat\/chile\/wp-json\/wp\/v2\/product\/9732\/revisions"}],"predecessor-version":[{"id":9733,"href":"https:\/\/energizer.com\/lat\/chile\/wp-json\/wp\/v2\/product\/9732\/revisions\/9733"}],"wp:attachment":[{"href":"https:\/\/energizer.com\/lat\/chile\/wp-json\/wp\/v2\/media?parent=9732"}],"wp:term":[{"taxonomy":"product_brand","embeddable":true,"href":"https:\/\/energizer.com\/lat\/chile\/wp-json\/wp\/v2\/product_brand?post=9732"},{"taxonomy":"product_cat","embeddable":true,"href":"https:\/\/energizer.com\/lat\/chile\/wp-json\/wp\/v2\/product_cat?post=9732"},{"taxonomy":"product_tag","embeddable":true,"href":"https:\/\/energizer.com\/lat\/chile\/wp-json\/wp\/v2\/product_tag?post=9732"}],"curies":[{"name":"wp","href":"https:\/\/api.w.org\/{rel}","templated":true}]}}