{"id":9736,"date":"2024-08-09T11:49:29","date_gmt":"2024-08-09T11:49:29","guid":{"rendered":"https:\/\/c487eefeea.nxcli.io\/chile\/?post_type=product&#038;p=9736"},"modified":"2024-08-09T12:07:57","modified_gmt":"2024-08-09T12:07:57","slug":"energizer-hdl20-325","status":"publish","type":"product","link":"https:\/\/energizer.com\/lat\/chile\/product\/energizer-hdl20-325\/","title":{"rendered":"Energizer HDL20 325"},"content":{"rendered":"","protected":false},"excerpt":{"rendered":"<p>Energizer HDL20 Multi-colored Headlamp es otra soluci\u00f3n innovadora de faros dentro de la amplia l\u00ednea de faros.\u00a0 Con tecnolog\u00eda LED brillante, duradera y energ\u00e9ticamente eficiente, los usuarios obtienen una soluci\u00f3n manos libres brillante, liviana y con amplia capacidad de tiempo de ejecuci\u00f3n. Es una luz perfecta para el hogar, el trabajo y las actividades al aire libre. Con la funci\u00f3n de atenuaci\u00f3n avanzada en todas las configuraciones de luz, los usuarios pueden controlar la intensidad de la luz del 100 % al 10 %. Con una correa para la cabeza c\u00f3moda y ajustable y un cabezal pivotante antideslumbrante para dirigir la luz exactamente seg\u00fan sea necesario, este faro es otra forma en que Energizer\u00ae contin\u00faa brindando soluciones de iluminaci\u00f3n innovadoras.<\/p>\n","protected":false},"featured_media":0,"comment_status":"open","ping_status":"closed","template":"","meta":{"_acf_changed":false},"product_brand":[],"product_cat":[43],"product_tag":[],"class_list":{"0":"post-9736","1":"product","2":"type-product","3":"status-publish","5":"product_cat-hands-free","7":"first","8":"instock","9":"shipping-taxable","10":"product-type-simple"},"acf":[],"_links":{"self":[{"href":"https:\/\/energizer.com\/lat\/chile\/wp-json\/wp\/v2\/product\/9736","targetHints":{"allow":["GET"]}}],"collection":[{"href":"https:\/\/energizer.com\/lat\/chile\/wp-json\/wp\/v2\/product"}],"about":[{"href":"https:\/\/energizer.com\/lat\/chile\/wp-json\/wp\/v2\/types\/product"}],"replies":[{"embeddable":true,"href":"https:\/\/energizer.com\/lat\/chile\/wp-json\/wp\/v2\/comments?post=9736"}],"version-history":[{"count":1,"href":"https:\/\/energizer.com\/lat\/chile\/wp-json\/wp\/v2\/product\/9736\/revisions"}],"predecessor-version":[{"id":9737,"href":"https:\/\/energizer.com\/lat\/chile\/wp-json\/wp\/v2\/product\/9736\/revisions\/9737"}],"wp:attachment":[{"href":"https:\/\/energizer.com\/lat\/chile\/wp-json\/wp\/v2\/media?parent=9736"}],"wp:term":[{"taxonomy":"product_brand","embeddable":true,"href":"https:\/\/energizer.com\/lat\/chile\/wp-json\/wp\/v2\/product_brand?post=9736"},{"taxonomy":"product_cat","embeddable":true,"href":"https:\/\/energizer.com\/lat\/chile\/wp-json\/wp\/v2\/product_cat?post=9736"},{"taxonomy":"product_tag","embeddable":true,"href":"https:\/\/energizer.com\/lat\/chile\/wp-json\/wp\/v2\/product_tag?post=9736"}],"curies":[{"name":"wp","href":"https:\/\/api.w.org\/{rel}","templated":true}]}}