{"id":9746,"date":"2024-08-09T12:23:22","date_gmt":"2024-08-09T12:23:22","guid":{"rendered":"https:\/\/c487eefeea.nxcli.io\/chile\/?post_type=product&#038;p=9746"},"modified":"2024-10-09T10:44:45","modified_gmt":"2024-10-09T10:44:45","slug":"energizer-3-modules-250","status":"publish","type":"product","link":"https:\/\/energizer.com\/lat\/chile\/product\/energizer-3-modules-250\/","title":{"rendered":"ENERGIZER METAL 250"},"content":{"rendered":"<ul>\n<li>Funciona con 3 pilas Energizer MAX\u00ae AAA (incluidas)<\/li>\n<li>Ilumina hasta 15 veces m\u00e1s que los LED est\u00e1ndar, alcanzando hasta 84 metros con hasta 250 l\u00famenes.<\/li>\n<li>Con cuerpo de aluminio duradero de grado aeron\u00e1utico.<\/li>\n<li>Compacta para almacenamiento y uso conveniente: gu\u00e1rdela en su autom\u00f3vil, su bolso o bolsillo, y siempre est\u00e9 preparado.<\/li>\n<li>Construcci\u00f3n resistente al agua IPX4 que soporta salpicaduras.<\/li>\n<li>Cambia entre 3 modos de luz: alta, baja y luz estrobosc\u00f3pica.<\/li>\n<li>La exclusiva tecnolog\u00eda MAXVIZ\u2122 reproduce el color y la definici\u00f3n de la luz del d\u00eda.<\/li>\n<li>Funciona por hasta 6 horas en modo bajo.<\/li>\n<\/ul>\n","protected":false},"excerpt":{"rendered":"<p>Obtenga un rendimiento de bolsillo que lo acompa\u00f1a: la linterna met\u00e1lica compacta Energizer\u00ae MTL 250 ofrece innovaci\u00f3n ligera de alto rendimiento en un tama\u00f1o conveniente. Dise\u00f1ada para guardar en su autom\u00f3vil, bolsillo o bolso, esta linterna es imprescindible para los campistas, paseadores de perros o cualquier persona que quiera estar bien preparada y en movimiento. Nuestra exclusiva tecnolog\u00eda MAXVIZ\u2122 ofrece un haz amplio y potente con una visi\u00f3n n\u00edtida y de alta definici\u00f3n, 15 veces m\u00e1s brillante que la tecnolog\u00eda LED est\u00e1ndar. Un interruptor digital suave le permite elegir entre una variedad de modos de luz: alta, baja y luz estrobosc\u00f3pica. Con un cuerpo de aluminio duradero de grado aeron\u00e1utico, la linterna de metal compacta Energizer\u00ae MTL 250 le brinda una luz potente para acampar, caminar, caminar o trabajar en la casa o en la carretera. La soluci\u00f3n avanzada de esta brillante linterna, ofrece hasta 250 l\u00famenes y alcanza hasta 84 metros para aventuras grandes y peque\u00f1as. Pruebe la Energizer\u00ae MTL 250 para obtener un brillo potente en una mini-linterna.<\/p>\n","protected":false},"featured_media":0,"comment_status":"open","ping_status":"closed","template":"","meta":{"_acf_changed":false},"product_brand":[],"product_cat":[97],"product_tag":[],"class_list":{"0":"post-9746","1":"product","2":"type-product","3":"status-publish","5":"product_cat-handheld","7":"first","8":"instock","9":"shipping-taxable","10":"product-type-simple"},"acf":[],"_links":{"self":[{"href":"https:\/\/energizer.com\/lat\/chile\/wp-json\/wp\/v2\/product\/9746","targetHints":{"allow":["GET"]}}],"collection":[{"href":"https:\/\/energizer.com\/lat\/chile\/wp-json\/wp\/v2\/product"}],"about":[{"href":"https:\/\/energizer.com\/lat\/chile\/wp-json\/wp\/v2\/types\/product"}],"replies":[{"embeddable":true,"href":"https:\/\/energizer.com\/lat\/chile\/wp-json\/wp\/v2\/comments?post=9746"}],"version-history":[{"count":2,"href":"https:\/\/energizer.com\/lat\/chile\/wp-json\/wp\/v2\/product\/9746\/revisions"}],"predecessor-version":[{"id":10172,"href":"https:\/\/energizer.com\/lat\/chile\/wp-json\/wp\/v2\/product\/9746\/revisions\/10172"}],"wp:attachment":[{"href":"https:\/\/energizer.com\/lat\/chile\/wp-json\/wp\/v2\/media?parent=9746"}],"wp:term":[{"taxonomy":"product_brand","embeddable":true,"href":"https:\/\/energizer.com\/lat\/chile\/wp-json\/wp\/v2\/product_brand?post=9746"},{"taxonomy":"product_cat","embeddable":true,"href":"https:\/\/energizer.com\/lat\/chile\/wp-json\/wp\/v2\/product_cat?post=9746"},{"taxonomy":"product_tag","embeddable":true,"href":"https:\/\/energizer.com\/lat\/chile\/wp-json\/wp\/v2\/product_tag?post=9746"}],"curies":[{"name":"wp","href":"https:\/\/api.w.org\/{rel}","templated":true}]}}