{"id":9748,"date":"2024-08-09T12:24:33","date_gmt":"2024-08-09T12:24:33","guid":{"rendered":"https:\/\/c487eefeea.nxcli.io\/chile\/?post_type=product&#038;p=9748"},"modified":"2024-09-10T13:13:40","modified_gmt":"2024-09-10T13:13:40","slug":"energizer-touch-tech-50","status":"publish","type":"product","link":"https:\/\/energizer.com\/lat\/chile\/product\/energizer-touch-tech-50\/","title":{"rendered":"Energizer Touch Tech 50"},"content":{"rendered":"<ul>\n<li>Encendido\/apagado t\u00e1ctil sin interruptor<\/li>\n<li>Dise\u00f1ado para m\u00e1xima comodidad, agarre la luz para una iluminaci\u00f3n instant\u00e1nea y su\u00e9ltela para apagarla suavemente<\/li>\n<li>Hasta 10 veces m\u00e1s brillante que la tecnolog\u00eda LED est\u00e1ndar<\/li>\n<li>Cuerpo ligero y duradero<\/li>\n<li>2 pilas alcalinas AA incluidas<\/li>\n<\/ul>\n","protected":false},"excerpt":{"rendered":"<p>La luz port\u00e1til Energizer con tecnolog\u00eda Touch Tech combina la \u00faltima tecnolog\u00eda patentada para un uso f\u00e1cil e intuitivo. Con la innovaci\u00f3n sin interruptor de Touch Tech, los usuarios obtienen iluminaci\u00f3n instant\u00e1nea y un haz brillante y uniforme con solo agarrar la luz. Simplemente suelte el agarre cuando termine de usarlo y Touch Tech apagar\u00e1 la luz suavemente. Touch Tech garantiza que la luz nunca se quede encendida accidentalmente y ayuda a prolongar la vida \u00fatil de la bater\u00eda. Con una construcci\u00f3n resistente a los impactos, los usuarios obtienen una experiencia duradera adecuada para una variedad de tareas. Simplemente toma y listo con la antorcha definitiva y f\u00e1cil de usar de Energizer.<\/p>\n","protected":false},"featured_media":0,"comment_status":"open","ping_status":"closed","template":"","meta":{"_acf_changed":false},"product_brand":[],"product_cat":[97],"product_tag":[],"class_list":{"0":"post-9748","1":"product","2":"type-product","3":"status-publish","5":"product_cat-handheld","7":"first","8":"instock","9":"shipping-taxable","10":"product-type-simple"},"acf":[],"_links":{"self":[{"href":"https:\/\/energizer.com\/lat\/chile\/wp-json\/wp\/v2\/product\/9748","targetHints":{"allow":["GET"]}}],"collection":[{"href":"https:\/\/energizer.com\/lat\/chile\/wp-json\/wp\/v2\/product"}],"about":[{"href":"https:\/\/energizer.com\/lat\/chile\/wp-json\/wp\/v2\/types\/product"}],"replies":[{"embeddable":true,"href":"https:\/\/energizer.com\/lat\/chile\/wp-json\/wp\/v2\/comments?post=9748"}],"version-history":[{"count":2,"href":"https:\/\/energizer.com\/lat\/chile\/wp-json\/wp\/v2\/product\/9748\/revisions"}],"predecessor-version":[{"id":10130,"href":"https:\/\/energizer.com\/lat\/chile\/wp-json\/wp\/v2\/product\/9748\/revisions\/10130"}],"wp:attachment":[{"href":"https:\/\/energizer.com\/lat\/chile\/wp-json\/wp\/v2\/media?parent=9748"}],"wp:term":[{"taxonomy":"product_brand","embeddable":true,"href":"https:\/\/energizer.com\/lat\/chile\/wp-json\/wp\/v2\/product_brand?post=9748"},{"taxonomy":"product_cat","embeddable":true,"href":"https:\/\/energizer.com\/lat\/chile\/wp-json\/wp\/v2\/product_cat?post=9748"},{"taxonomy":"product_tag","embeddable":true,"href":"https:\/\/energizer.com\/lat\/chile\/wp-json\/wp\/v2\/product_tag?post=9748"}],"curies":[{"name":"wp","href":"https:\/\/api.w.org\/{rel}","templated":true}]}}