{"id":9751,"date":"2024-08-09T12:26:09","date_gmt":"2024-08-09T12:26:09","guid":{"rendered":"https:\/\/c487eefeea.nxcli.io\/chile\/?post_type=product&#038;p=9751"},"modified":"2024-09-10T13:14:54","modified_gmt":"2024-09-10T13:14:54","slug":"energizer-vision-hd-ultra-2000","status":"publish","type":"product","link":"https:\/\/energizer.com\/lat\/chile\/product\/energizer-vision-hd-ultra-2000\/","title":{"rendered":"Energizer Vision HD Ultra 2000"},"content":{"rendered":"<ul>\n<li>Una de las linternas Energizer m\u00e1s brillantes. Emite 2000 l\u00famenes excepcionalmente potentes en modo alto y 250 l\u00famenes en modo bajo<\/li>\n<li>Tiempo de ejecuci\u00f3n (rendimiento) de hasta 30 horas en modo bajo y 4 horas en modo alto<\/li>\n<li>Tecnolog\u00eda de enfoque digital que permite enfocar el haz de luz con solo presionar un bot\u00f3n<\/li>\n<li>Resistente al agua y resistente a impactos de hasta 1 metro, para un rendimiento confiable<\/li>\n<li>Luz que se asemeja a la luz natural del d\u00eda<\/li>\n<li>15 veces m\u00e1s brillante que la tecnolog\u00eda LED est\u00e1ndar<\/li>\n<li>Construcci\u00f3n de aluminio de calidad aeron\u00e1utica que ofrece una fiabilidad robusta.<\/li>\n<li>7 modos de luz, incluyendo modo estrobosc\u00f3pico<\/li>\n<li>Opera con 9 pilas AA (incluidas)<\/li>\n<li>Su salida de luz excepcional y sus horas de tiempo de ejecuci\u00f3n hacen de esta linterna s\u00faper brillante, una opci\u00f3n confiable<\/li>\n<\/ul>\n","protected":false},"excerpt":{"rendered":"<p>Enciende una brillante luz en la oscuridad con la linterna Energizer\u00ae Vision HD Ultra, que ofrece un alto rendimiento cu\u00e1ndo y d\u00f3nde se lo necesite. Su luz es hasta 15 veces m\u00e1s brillante que la tecnolog\u00eda LED est\u00e1ndar, lo que genera un rendimiento excepcional semejante a la luz del d\u00eda. La tecnolog\u00eda Digital Focus le permitir\u00e1 cambiar de foco a \u00e1rea, mientras que la tecnolog\u00eda MAXVIZ\u2122 ofrece un haz de luz amplio y potente, con alcance de hasta 225 metros y visi\u00f3n de alta definici\u00f3n. Su construcci\u00f3n en aluminio de tipo aeron\u00e1utico y la resistencia a impactos garantizan un uso confiable como linterna para exteriores o para acampar. Conf\u00ede en Energizer\u00ae para obtener un alto rendimiento en cualquier situaci\u00f3n.<\/p>\n","protected":false},"featured_media":0,"comment_status":"open","ping_status":"closed","template":"","meta":{"_acf_changed":false},"product_brand":[],"product_cat":[97],"product_tag":[],"class_list":{"0":"post-9751","1":"product","2":"type-product","3":"status-publish","5":"product_cat-handheld","7":"first","8":"instock","9":"shipping-taxable","10":"product-type-simple"},"acf":[],"_links":{"self":[{"href":"https:\/\/energizer.com\/lat\/chile\/wp-json\/wp\/v2\/product\/9751","targetHints":{"allow":["GET"]}}],"collection":[{"href":"https:\/\/energizer.com\/lat\/chile\/wp-json\/wp\/v2\/product"}],"about":[{"href":"https:\/\/energizer.com\/lat\/chile\/wp-json\/wp\/v2\/types\/product"}],"replies":[{"embeddable":true,"href":"https:\/\/energizer.com\/lat\/chile\/wp-json\/wp\/v2\/comments?post=9751"}],"version-history":[{"count":2,"href":"https:\/\/energizer.com\/lat\/chile\/wp-json\/wp\/v2\/product\/9751\/revisions"}],"predecessor-version":[{"id":10132,"href":"https:\/\/energizer.com\/lat\/chile\/wp-json\/wp\/v2\/product\/9751\/revisions\/10132"}],"wp:attachment":[{"href":"https:\/\/energizer.com\/lat\/chile\/wp-json\/wp\/v2\/media?parent=9751"}],"wp:term":[{"taxonomy":"product_brand","embeddable":true,"href":"https:\/\/energizer.com\/lat\/chile\/wp-json\/wp\/v2\/product_brand?post=9751"},{"taxonomy":"product_cat","embeddable":true,"href":"https:\/\/energizer.com\/lat\/chile\/wp-json\/wp\/v2\/product_cat?post=9751"},{"taxonomy":"product_tag","embeddable":true,"href":"https:\/\/energizer.com\/lat\/chile\/wp-json\/wp\/v2\/product_tag?post=9751"}],"curies":[{"name":"wp","href":"https:\/\/api.w.org\/{rel}","templated":true}]}}