{"id":9757,"date":"2024-08-09T12:29:22","date_gmt":"2024-08-09T12:29:22","guid":{"rendered":"https:\/\/c487eefeea.nxcli.io\/chile\/?post_type=product&#038;p=9757"},"modified":"2024-09-10T13:09:06","modified_gmt":"2024-09-10T13:09:06","slug":"energizer-hardcase-magnet-400-headlight","status":"publish","type":"product","link":"https:\/\/energizer.com\/lat\/chile\/product\/energizer-hardcase-magnet-400-headlight\/","title":{"rendered":"Energizer Hardcase MAGNET 400 Headlight"},"content":{"rendered":"<ul>\n<li>Esta linterna frontal magn\u00e9tica duradera y vers\u00e1til funciona con 3 bater\u00edas Energizer MAX AAA (incluidas)<\/li>\n<li>\u00daselo como faro o separe la unidad de luz y m\u00f3ntela en superficies magn\u00e9ticas<\/li>\n<li>Ofrece hasta 400 l\u00famenes de luz que es 5 veces m\u00e1s brillante que la tecnolog\u00eda LED est\u00e1ndar con una distancia de haz de hasta 60 metros<\/li>\n<li>Listo para cualquier clima: resistente al agua seg\u00fan el est\u00e1ndar IPX4<\/li>\n<\/ul>\n","protected":false},"excerpt":{"rendered":"<p>Conozca la potencia lum\u00ednica multifuncional y vers\u00e1til de la linterna frontal magn\u00e9tica profesional Hard Case de Energizer. Con hasta 400 l\u00famenes de luz (5 veces m\u00e1s brillante que la tecnolog\u00eda LED est\u00e1ndar) y una distancia del haz que puede alcanzar hasta 60 metros de distancia, este faro est\u00e1 preparado para cualquier trabajo, desde trabajar bajo tierra hasta debajo del cap\u00f3 de un autom\u00f3vil. \u00daselo para iluminaci\u00f3n de tareas con manos libres o retire el faro magn\u00e9tico para montarlo instant\u00e1neamente donde se necesite m\u00e1s luz. Con resistencia a la intemperie IPX4, esta linterna frontal duradera est\u00e1 dise\u00f1ada para resistir los elementos. Y su durabilidad resistente a impactos significa que puede resistir ca\u00eddas de hasta 7 metros, para que pueda obtener la luz que necesita, incluso en las condiciones de trabajo m\u00e1s duras.<\/p>\n","protected":false},"featured_media":0,"comment_status":"open","ping_status":"closed","template":"","meta":{"_acf_changed":false},"product_brand":[],"product_cat":[43],"product_tag":[],"class_list":{"0":"post-9757","1":"product","2":"type-product","3":"status-publish","5":"product_cat-hands-free","7":"first","8":"instock","9":"shipping-taxable","10":"product-type-simple"},"acf":[],"_links":{"self":[{"href":"https:\/\/energizer.com\/lat\/chile\/wp-json\/wp\/v2\/product\/9757","targetHints":{"allow":["GET"]}}],"collection":[{"href":"https:\/\/energizer.com\/lat\/chile\/wp-json\/wp\/v2\/product"}],"about":[{"href":"https:\/\/energizer.com\/lat\/chile\/wp-json\/wp\/v2\/types\/product"}],"replies":[{"embeddable":true,"href":"https:\/\/energizer.com\/lat\/chile\/wp-json\/wp\/v2\/comments?post=9757"}],"version-history":[{"count":2,"href":"https:\/\/energizer.com\/lat\/chile\/wp-json\/wp\/v2\/product\/9757\/revisions"}],"predecessor-version":[{"id":10127,"href":"https:\/\/energizer.com\/lat\/chile\/wp-json\/wp\/v2\/product\/9757\/revisions\/10127"}],"wp:attachment":[{"href":"https:\/\/energizer.com\/lat\/chile\/wp-json\/wp\/v2\/media?parent=9757"}],"wp:term":[{"taxonomy":"product_brand","embeddable":true,"href":"https:\/\/energizer.com\/lat\/chile\/wp-json\/wp\/v2\/product_brand?post=9757"},{"taxonomy":"product_cat","embeddable":true,"href":"https:\/\/energizer.com\/lat\/chile\/wp-json\/wp\/v2\/product_cat?post=9757"},{"taxonomy":"product_tag","embeddable":true,"href":"https:\/\/energizer.com\/lat\/chile\/wp-json\/wp\/v2\/product_tag?post=9757"}],"curies":[{"name":"wp","href":"https:\/\/api.w.org\/{rel}","templated":true}]}}