{"id":9761,"date":"2024-08-09T12:38:13","date_gmt":"2024-08-09T12:38:13","guid":{"rendered":"https:\/\/c487eefeea.nxcli.io\/chile\/?post_type=product&#038;p=9761"},"modified":"2024-08-09T12:38:13","modified_gmt":"2024-08-09T12:38:13","slug":"energizer-metal-light-90-aax8","status":"publish","type":"product","link":"https:\/\/energizer.com\/lat\/chile\/product\/energizer-metal-light-90-aax8\/","title":{"rendered":"Energizer Metal Light 90 + AAx8"},"content":{"rendered":"<ul>\n<li>Nuestra linterna Energizer m\u00e1s brillante: 2000lm<\/li>\n<li>Tecnolog\u00eda Digital Focus permite cambiar de foco a \u00e1rea<\/li>\n<li>Luz que se asemeja a la luz natural del d\u00eda<\/li>\n<li>15 veces m\u00e1s brillante que la tecnolog\u00eda LED est\u00e1ndar<\/li>\n<li>Cuerpo en aluminio del tipo aeron\u00e1utico<\/li>\n<li>7 modos de operaci\u00f3n<\/li>\n<li>Resistencia al agua IPX4<\/li>\n<\/ul>\n","protected":false},"excerpt":{"rendered":"<p>Nuestra linterna Energizer m\u00e1s brillante: 2000lm Tecnolog\u00eda Digital Focus permite cambiar de foco a \u00e1rea Luz que se asemeja a la luz natural del d\u00eda 15 veces m\u00e1s brillante que la tecnolog\u00eda LED est\u00e1ndar Cuerpo en aluminio del tipo aeron\u00e1utico 7 modos de operaci\u00f3n Resistencia al agua IPX4<\/p>\n","protected":false},"featured_media":0,"comment_status":"open","ping_status":"closed","template":"","meta":{"_acf_changed":false},"product_brand":[],"product_cat":[97],"product_tag":[],"class_list":{"0":"post-9761","1":"product","2":"type-product","3":"status-publish","5":"product_cat-handheld","7":"first","8":"instock","9":"shipping-taxable","10":"product-type-simple"},"acf":[],"_links":{"self":[{"href":"https:\/\/energizer.com\/lat\/chile\/wp-json\/wp\/v2\/product\/9761","targetHints":{"allow":["GET"]}}],"collection":[{"href":"https:\/\/energizer.com\/lat\/chile\/wp-json\/wp\/v2\/product"}],"about":[{"href":"https:\/\/energizer.com\/lat\/chile\/wp-json\/wp\/v2\/types\/product"}],"replies":[{"embeddable":true,"href":"https:\/\/energizer.com\/lat\/chile\/wp-json\/wp\/v2\/comments?post=9761"}],"version-history":[{"count":1,"href":"https:\/\/energizer.com\/lat\/chile\/wp-json\/wp\/v2\/product\/9761\/revisions"}],"predecessor-version":[{"id":9762,"href":"https:\/\/energizer.com\/lat\/chile\/wp-json\/wp\/v2\/product\/9761\/revisions\/9762"}],"wp:attachment":[{"href":"https:\/\/energizer.com\/lat\/chile\/wp-json\/wp\/v2\/media?parent=9761"}],"wp:term":[{"taxonomy":"product_brand","embeddable":true,"href":"https:\/\/energizer.com\/lat\/chile\/wp-json\/wp\/v2\/product_brand?post=9761"},{"taxonomy":"product_cat","embeddable":true,"href":"https:\/\/energizer.com\/lat\/chile\/wp-json\/wp\/v2\/product_cat?post=9761"},{"taxonomy":"product_tag","embeddable":true,"href":"https:\/\/energizer.com\/lat\/chile\/wp-json\/wp\/v2\/product_tag?post=9761"}],"curies":[{"name":"wp","href":"https:\/\/api.w.org\/{rel}","templated":true}]}}