{"id":9765,"date":"2024-08-09T12:40:53","date_gmt":"2024-08-09T12:40:53","guid":{"rendered":"https:\/\/c487eefeea.nxcli.io\/chile\/?post_type=product&#038;p=9765"},"modified":"2024-09-10T13:08:37","modified_gmt":"2024-09-10T13:08:37","slug":"energizer-hard-case-work-light-550","status":"publish","type":"product","link":"https:\/\/energizer.com\/lat\/chile\/product\/energizer-hard-case-work-light-550\/","title":{"rendered":"Energizer Hard Case Work Light 550"},"content":{"rendered":"<ul>\n<li>Esta linterna LED port\u00e1til y resistente funciona con 4 pilas AA (incluidas 4 pilas Energizer Max\u00ae)<\/li>\n<li>La tecnolog\u00eda LED de alta potencia ofrece hasta 550 l\u00famenes* de luz uniforme de gran \u00e1ngulo<\/li>\n<li>El cuerpo resistente y duradero soporta ca\u00edda tras ca\u00edda de hasta 2 pisos de altura (7 metros)<\/li>\n<li>Entra y sale contigo: dura un d\u00eda completo de trabajo de 8 horas** en modo alto<\/li>\n<li>El gancho giratorio retr\u00e1ctil, los imanes y la base resistente garantizan una luz independiente con manos libres<\/li>\n<li>La funci\u00f3n de atenua ci\u00f3n inteligente Energizer\u00ae le brinda control sobre la intensidad de la luz<\/li>\n<li>Lista para cualquier clima: la construcci\u00f3n resistente al agua puede soportar salpicaduras<\/li>\n<\/ul>\n","protected":false},"excerpt":{"rendered":"<p>Cuando est\u00e1s en el trabajo, tambi\u00e9n lo est\u00e1 linterna trabajo Energizer\u00ae Hard Case Professional\u00ae. Esta linterna duradera y resistente le brinda la iluminaci\u00f3n port\u00e1til necesaria para cualquier tarea. Con su tecnolog\u00eda LED de alta potencia y \u00f3ptica avanzada, obtendr\u00e1 una luz brillante y uniforme con un tiempo de ejecuci\u00f3n que dura todo un d\u00eda de trabajo de 8 horas** (en modo alto). Adem\u00e1s, la funci\u00f3n de atenuaci\u00f3n inteligente le permite personalizar la intensidad de la luz y ahorrar energ\u00eda para un tiempo de ejecuci\u00f3n a\u00fan m\u00e1s largo que durar\u00e1 toda la semana de 40 horas** (modo bajo). El resistente sobremoldeo de esta linterna de alta intensidad de luz est\u00e1 dise\u00f1ado para soportar golpes y ca\u00eddas accidentales de hasta 2 pisos de altura (7 metros). \u00bfNecesitas liberar tus manos? El inteligente gancho retr\u00e1ctil de esta luz de trabajo y su ancha base magn\u00e9tica le brindan la opci\u00f3n de manos libres. La Linterna de trabajo tiene el tama\u00f1o adecuado para guardar en su caja de herramientas de transporte diario.<\/p>\n<p><em>*Salida de luz medida desde LED. El valor solo es aplicable al LED. La salida de luz real del dispositivo puede variar.<\/em><br \/>\n<em>**Punto final determinado al 1% del valor inicial.<\/em><\/p>\n","protected":false},"featured_media":0,"comment_status":"open","ping_status":"closed","template":"","meta":{"_acf_changed":false},"product_brand":[],"product_cat":[97],"product_tag":[],"class_list":{"0":"post-9765","1":"product","2":"type-product","3":"status-publish","5":"product_cat-handheld","7":"first","8":"instock","9":"shipping-taxable","10":"product-type-simple"},"acf":[],"_links":{"self":[{"href":"https:\/\/energizer.com\/lat\/chile\/wp-json\/wp\/v2\/product\/9765","targetHints":{"allow":["GET"]}}],"collection":[{"href":"https:\/\/energizer.com\/lat\/chile\/wp-json\/wp\/v2\/product"}],"about":[{"href":"https:\/\/energizer.com\/lat\/chile\/wp-json\/wp\/v2\/types\/product"}],"replies":[{"embeddable":true,"href":"https:\/\/energizer.com\/lat\/chile\/wp-json\/wp\/v2\/comments?post=9765"}],"version-history":[{"count":2,"href":"https:\/\/energizer.com\/lat\/chile\/wp-json\/wp\/v2\/product\/9765\/revisions"}],"predecessor-version":[{"id":10126,"href":"https:\/\/energizer.com\/lat\/chile\/wp-json\/wp\/v2\/product\/9765\/revisions\/10126"}],"wp:attachment":[{"href":"https:\/\/energizer.com\/lat\/chile\/wp-json\/wp\/v2\/media?parent=9765"}],"wp:term":[{"taxonomy":"product_brand","embeddable":true,"href":"https:\/\/energizer.com\/lat\/chile\/wp-json\/wp\/v2\/product_brand?post=9765"},{"taxonomy":"product_cat","embeddable":true,"href":"https:\/\/energizer.com\/lat\/chile\/wp-json\/wp\/v2\/product_cat?post=9765"},{"taxonomy":"product_tag","embeddable":true,"href":"https:\/\/energizer.com\/lat\/chile\/wp-json\/wp\/v2\/product_tag?post=9765"}],"curies":[{"name":"wp","href":"https:\/\/api.w.org\/{rel}","templated":true}]}}