{"id":6107,"date":"2024-05-24T08:06:13","date_gmt":"2024-05-24T08:06:13","guid":{"rendered":"https:\/\/c487eefeea.nxcli.io\/colombia\/?page_id=6107"},"modified":"2025-02-07T05:53:05","modified_gmt":"2025-02-07T05:53:05","slug":"battery-leakage","status":"publish","type":"page","link":"https:\/\/energizer.com\/lat\/colombia\/battery-leakage\/","title":{"rendered":"Battery Leakage"},"content":{"rendered":"\t\t<div data-elementor-type=\"wp-page\" data-elementor-id=\"6107\" class=\"elementor elementor-6107\" data-elementor-post-type=\"page\">\n\t\t\t\t<div class=\"elementor-element elementor-element-0b16b88 e-flex e-con-boxed e-con e-parent\" data-id=\"0b16b88\" data-element_type=\"container\" data-e-type=\"container\">\n\t\t\t\t\t<div class=\"e-con-inner\">\n\t\t\t\t<div class=\"elementor-element elementor-element-caac6c8 elementor-widget elementor-widget-heading\" data-id=\"caac6c8\" data-element_type=\"widget\" data-e-type=\"widget\" data-widget_type=\"heading.default\">\n\t\t\t\t<div class=\"elementor-widget-container\">\n\t\t\t\t\t<h1 class=\"elementor-heading-title elementor-size-default\">Garant\u00eda de no fugas Energizer<\/h1>\t\t\t\t<\/div>\n\t\t\t\t<\/div>\n\t\t\t\t<div class=\"elementor-element elementor-element-4861131 elementor-widget-divider--view-line elementor-widget elementor-widget-divider\" data-id=\"4861131\" data-element_type=\"widget\" data-e-type=\"widget\" data-widget_type=\"divider.default\">\n\t\t\t\t<div class=\"elementor-widget-container\">\n\t\t\t\t\t\t\t<div class=\"elementor-divider\">\n\t\t\t<span class=\"elementor-divider-separator\">\n\t\t\t\t\t\t<\/span>\n\t\t<\/div>\n\t\t\t\t\t\t<\/div>\n\t\t\t\t<\/div>\n\t\t\t\t\t<\/div>\n\t\t\t\t<\/div>\n\t\t<div class=\"elementor-element elementor-element-15bd48d e-flex e-con-boxed e-con e-parent\" data-id=\"15bd48d\" data-element_type=\"container\" data-e-type=\"container\">\n\t\t\t\t\t<div class=\"e-con-inner\">\n\t\t<div class=\"elementor-element elementor-element-6944036 e-con-full e-flex e-con e-child\" data-id=\"6944036\" data-element_type=\"container\" data-e-type=\"container\">\n\t\t\t\t<div class=\"elementor-element elementor-element-9aa80dc elementor-widget elementor-widget-text-editor\" data-id=\"9aa80dc\" data-element_type=\"widget\" data-e-type=\"widget\" data-widget_type=\"text-editor.default\">\n\t\t\t\t<div class=\"elementor-widget-container\">\n\t\t\t\t\t\t\t\t\t<p>Aunque la tecnolog\u00eda de las pilas ha evolucionado, las fugas siguen siendo un problema hoy en d\u00eda. Muchas marcas de pilas todav\u00eda pueden corroer y da\u00f1ar los aparatos despu\u00e9s de haber sido utilizadas por completo. Las pilas Energizer son diferentes. Nuestras pilas est\u00e1n dise\u00f1adas para evitar fugas da\u00f1inas o sustituiremos su dispositivo.<\/p><p>Por eso, cuando se trata de juguetes, c\u00e1maras digitales y otros dispositivos valiosos, puede estar tranquilo sabiendo que cuenta con la energ\u00eda y la protecci\u00f3n duraderas que cabe esperar de Energizer.<\/p>\t\t\t\t\t\t\t\t<\/div>\n\t\t\t\t<\/div>\n\t\t\t\t<\/div>\n\t\t<div class=\"elementor-element elementor-element-ac8ad4b e-con-full e-flex e-con e-child\" data-id=\"ac8ad4b\" data-element_type=\"container\" data-e-type=\"container\">\n\t\t\t\t<div class=\"elementor-element elementor-element-b205d10 elementor-widget__width-inherit elementor-widget elementor-widget-text-editor\" data-id=\"b205d10\" data-element_type=\"widget\" data-e-type=\"widget\" data-widget_type=\"text-editor.default\">\n\t\t\t\t<div class=\"elementor-widget-container\">\n\t\t\t\t\t\t\t\t\t<h2>Energizer\u00ae Sin fugas. Garantizado.<\/h2><p>Energizer reparar\u00e1 o sustituir\u00e1, a su elecci\u00f3n, cualquier dispositivo da\u00f1ado por fugas de pilas alcalinas Energizer MAX\u00ae durante la vida \u00fatil de la pila o en los dos a\u00f1os siguientes al uso completo de la pila. Si no se dispone de una sustituci\u00f3n exacta, los dispositivos podr\u00e1n sustituirse por un producto de valor de mercado comparable en el momento de la reclamaci\u00f3n. La pila con fugas y el dispositivo da\u00f1ado deben proporcionarse a Energizer como prueba de la reclamaci\u00f3n. Energizer se reserva el derecho a rechazar reclamaciones por da\u00f1os causados por un uso indebido o una modificaci\u00f3n de las pilas o del dispositivo. Si tiene una pila con fugas, p\u00f3ngase en contacto con el\u00a0<b>latamcs@energizer.com<\/b>\u00a0para recibir instrucciones de devoluci\u00f3n.<\/p>\t\t\t\t\t\t\t\t<\/div>\n\t\t\t\t<\/div>\n\t\t\t\t<div class=\"elementor-element elementor-element-20f7eb6 elementor-widget elementor-widget-text-editor\" data-id=\"20f7eb6\" data-element_type=\"widget\" data-e-type=\"widget\" data-widget_type=\"text-editor.default\">\n\t\t\t\t<div class=\"elementor-widget-container\">\n\t\t\t\t\t\t\t\t\t<p><em>Energizer<\/em>\u00a0reparar\u00e1 o sustituir\u00e1, a nuestra elecci\u00f3n, cualquier aud\u00edfono da\u00f1ado por fugas de\u00a0<strong><em>Energizer<\/em><\/strong><strong><em><sub>\u00ae<\/sub><\/em>\u00a0pilas para aud\u00edfonos<\/strong>. Si no se dispone de un recambio exacto, los dispositivos podr\u00e1n sustituirse por un producto de valor de mercado comparable en el momento de la reclamaci\u00f3n. La pila con fugas y el aparato da\u00f1ado deben entregarse a\u00a0<em>Energizer<\/em>\u00a0as proof of claim.\u00a0<em>Energizer<\/em>\u00a0se reserva el derecho a rechazar reclamaciones por da\u00f1os causados por un uso indebido o una modificaci\u00f3n de las pilas o del aparato. Si tiene una pila con fugas, p\u00f3ngase en contacto con el\u00a0<b>latamcs@energizer.com<\/b>\u00a0para recibir instrucciones de devoluci\u00f3n.<\/p>\t\t\t\t\t\t\t\t<\/div>\n\t\t\t\t<\/div>\n\t\t\t\t<div class=\"elementor-element elementor-element-9a1f9c8 elementor-widget elementor-widget-text-editor\" data-id=\"9a1f9c8\" data-element_type=\"widget\" data-e-type=\"widget\" data-widget_type=\"text-editor.default\">\n\t\t\t\t<div class=\"elementor-widget-container\">\n\t\t\t\t\t\t\t\t\t<p><em>Energizer<\/em>\u00a0reparar\u00e1 o sustituir\u00e1, a nuestra elecci\u00f3n, cualquier dispositivo da\u00f1ado por fugas de\u00a0<strong><em>Energizer<\/em><\/strong><strong>\u00a0Recarga<\/strong><strong><sub>\u00ae<\/sub> Potencia Plus<\/strong>\u00a0y\u00a0<strong><em>Energizer<\/em><\/strong><strong>\u00a0Recarga<\/strong><strong><sub>\u00ae<\/sub>\u00a0Universal<\/strong> pilas AA\/AAA hasta un a\u00f1o despu\u00e9s de su descarga completa. Si no se dispone de un recambio exacto, los dispositivos podr\u00e1n sustituirse por un producto de valor de mercado comparable en el momento de la reclamaci\u00f3n. La bater\u00eda con fugas y el dispositivo da\u00f1ado deben entregarse a\u00a0<em>Energizer<\/em>\u00a0como prueba de la reclamaci\u00f3n.\u00a0<em>Energizer<\/em>\u00a0se reserva el derecho a rechazar reclamaciones por da\u00f1os causados por un uso indebido o una modificaci\u00f3n de las pilas o del aparato. Si tiene una pila con fugas, p\u00f3ngase en contacto con el\u00a0<b>latamcs@energizer.com<\/b>\u00a0para recibir instrucciones de devoluci\u00f3n.<\/p>\t\t\t\t\t\t\t\t<\/div>\n\t\t\t\t<\/div>\n\t\t\t\t<div class=\"elementor-element elementor-element-25bf835 elementor-widget elementor-widget-text-editor\" data-id=\"25bf835\" data-element_type=\"widget\" data-e-type=\"widget\" data-widget_type=\"text-editor.default\">\n\t\t\t\t<div class=\"elementor-widget-container\">\n\t\t\t\t\t\t\t\t\t<p><strong><em>Energizer<sub>\u00ae<\/sub><\/em>&nbsp;Litio Ultimate\u2122<\/strong>&nbsp;Batteries are GUARANTEED NOT TO LEAK. Gracias a su avanzada tecnolog\u00eda, las pilas Ultimate lithium\u2122 no tienen fugas en condiciones normales de uso. Si cree que tiene una fuga&nbsp;<em>Energizer<\/em><em><sub>\u00ae<\/sub><\/em>&nbsp;Litio Ultimate\u2122 bater\u00eda, p\u00f3ngase en contacto con el&nbsp;<b>latamcs@energizer.com<\/b>&nbsp;para obtener instrucciones de devoluci\u00f3n.<\/p>\t\t\t\t\t\t\t\t<\/div>\n\t\t\t\t<\/div>\n\t\t\t\t<\/div>\n\t\t\t\t\t<\/div>\n\t\t\t\t<\/div>\n\t\t\t\t<\/div>\n\t\t","protected":false},"excerpt":{"rendered":"<p>Garant\u00eda de no fugas Energizer Aunque la tecnolog\u00eda de las pilas ha evolucionado, las fugas siguen siendo un problema hoy en d\u00eda. Muchas marcas de pilas todav\u00eda pueden corroer y da\u00f1ar los aparatos despu\u00e9s de haber sido utilizadas por completo. Las pilas Energizer son diferentes. Nuestras pilas est\u00e1n dise\u00f1adas para evitar fugas da\u00f1inas o sustituiremos [&hellip;]<\/p>\n","protected":false},"author":2,"featured_media":0,"parent":0,"menu_order":0,"comment_status":"closed","ping_status":"closed","template":"elementor_header_footer","meta":{"_acf_changed":false,"footnotes":""},"class_list":["post-6107","page","type-page","status-publish","hentry"],"acf":[],"_links":{"self":[{"href":"https:\/\/energizer.com\/lat\/colombia\/wp-json\/wp\/v2\/pages\/6107","targetHints":{"allow":["GET"]}}],"collection":[{"href":"https:\/\/energizer.com\/lat\/colombia\/wp-json\/wp\/v2\/pages"}],"about":[{"href":"https:\/\/energizer.com\/lat\/colombia\/wp-json\/wp\/v2\/types\/page"}],"author":[{"embeddable":true,"href":"https:\/\/energizer.com\/lat\/colombia\/wp-json\/wp\/v2\/users\/2"}],"replies":[{"embeddable":true,"href":"https:\/\/energizer.com\/lat\/colombia\/wp-json\/wp\/v2\/comments?post=6107"}],"version-history":[{"count":50,"href":"https:\/\/energizer.com\/lat\/colombia\/wp-json\/wp\/v2\/pages\/6107\/revisions"}],"predecessor-version":[{"id":10411,"href":"https:\/\/energizer.com\/lat\/colombia\/wp-json\/wp\/v2\/pages\/6107\/revisions\/10411"}],"wp:attachment":[{"href":"https:\/\/energizer.com\/lat\/colombia\/wp-json\/wp\/v2\/media?parent=6107"}],"curies":[{"name":"wp","href":"https:\/\/api.w.org\/{rel}","templated":true}]}}