{"id":9889,"date":"2024-08-13T05:05:42","date_gmt":"2024-08-13T05:05:42","guid":{"rendered":"https:\/\/c487eefeea.nxcli.io\/colombia\/?post_type=product&#038;p=9889"},"modified":"2024-09-06T08:05:41","modified_gmt":"2024-09-06T08:05:41","slug":"energizer-recharge-universal-9v","status":"publish","type":"product","link":"https:\/\/energizer.com\/lat\/colombia\/product\/energizer-recharge-universal-9v\/","title":{"rendered":"ENERGIZER\u00ae RECHARGE UNIVERSAL \u2013 9V"},"content":{"rendered":"<ul>\n<li>1 paquete de pilas recargables Energizer Recharge Universal 175 mAh NiMH 9V<\/li>\n<li>Cada pila puede cargarse cientos de veces, con una carga que puede durar hasta 12 meses almacenada<\/li>\n<li>La composici\u00f3n Extended Life garantiza hasta 3 a\u00f1os de vida \u00fatil de la pila con los patrones de uso habituales<\/li>\n<li>Proporciona energ\u00eda de larga duraci\u00f3n a los dispositivos que m\u00e1s te gustan, como juguetes, equipos de m\u00fasica port\u00e1tiles y linternas<\/li>\n<li>Encabeza las listas como la marca de pilas recargables n\u00ba 1 del mundo, seg\u00fan las ventas por esc\u00e1ner<\/li>\n<\/ul>\n","protected":false},"excerpt":{"rendered":"<p>Mantenga a su familia a pleno rendimiento todos los d\u00edas con las pilas recargables universales Energizer Recharge de larga duraci\u00f3n. Estas pilas recargables le ayudan a ahorrar dinero y generan menos residuos con el tiempo, reduciendo el impacto medioambiental. Cada pila Energizer Recharge Universal puede cargarse y utilizarse cientos de veces. \u00bfNo le apetece utilizar sus pilas cargadas de inmediato? La carga dura hasta un a\u00f1o almacenada. S\u00f3lo tiene que emparejarlas con cualquier cargador Energizer Recharge para alimentar sus dispositivos de uso diario, como juguetes, coches teledirigidos y relojes, y mantener la energ\u00eda<\/p>\n","protected":false},"featured_media":0,"comment_status":"open","ping_status":"closed","template":"","meta":{"_acf_changed":false},"product_brand":[],"product_cat":[31],"product_tag":[],"class_list":{"0":"post-9889","1":"product","2":"type-product","3":"status-publish","5":"product_cat-energizer-recharge","7":"first","8":"instock","9":"shipping-taxable","10":"product-type-simple"},"acf":[],"_links":{"self":[{"href":"https:\/\/energizer.com\/lat\/colombia\/wp-json\/wp\/v2\/product\/9889","targetHints":{"allow":["GET"]}}],"collection":[{"href":"https:\/\/energizer.com\/lat\/colombia\/wp-json\/wp\/v2\/product"}],"about":[{"href":"https:\/\/energizer.com\/lat\/colombia\/wp-json\/wp\/v2\/types\/product"}],"replies":[{"embeddable":true,"href":"https:\/\/energizer.com\/lat\/colombia\/wp-json\/wp\/v2\/comments?post=9889"}],"version-history":[{"count":4,"href":"https:\/\/energizer.com\/lat\/colombia\/wp-json\/wp\/v2\/product\/9889\/revisions"}],"predecessor-version":[{"id":10088,"href":"https:\/\/energizer.com\/lat\/colombia\/wp-json\/wp\/v2\/product\/9889\/revisions\/10088"}],"wp:attachment":[{"href":"https:\/\/energizer.com\/lat\/colombia\/wp-json\/wp\/v2\/media?parent=9889"}],"wp:term":[{"taxonomy":"product_brand","embeddable":true,"href":"https:\/\/energizer.com\/lat\/colombia\/wp-json\/wp\/v2\/product_brand?post=9889"},{"taxonomy":"product_cat","embeddable":true,"href":"https:\/\/energizer.com\/lat\/colombia\/wp-json\/wp\/v2\/product_cat?post=9889"},{"taxonomy":"product_tag","embeddable":true,"href":"https:\/\/energizer.com\/lat\/colombia\/wp-json\/wp\/v2\/product_tag?post=9889"}],"curies":[{"name":"wp","href":"https:\/\/api.w.org\/{rel}","templated":true}]}}