{"id":3365,"date":"2024-05-13T06:39:35","date_gmt":"2024-05-13T06:39:35","guid":{"rendered":"http:\/\/64.91.246.76\/~energizer\/?post_type=product&#038;p=3365"},"modified":"2024-11-04T14:44:43","modified_gmt":"2024-11-04T14:44:43","slug":"energizer-ultimate-lithium-aaa","status":"publish","type":"product","link":"https:\/\/energizer.com\/lat\/ecuador\/product\/energizer-ultimate-lithium-aaa\/","title":{"rendered":"ENERGIZER\u00ae ULTIMATE LITHIUM &#8211; AAA"},"content":{"rendered":"<ul>\n<li>Paquete de 4 pilas AAA de litio Energizer Ultimate<\/li>\n<li>Las m\u00e1s duraderas del mundo: nada dura m\u00e1s que las bater\u00edas de litio Energizer AAA en dispositivos de alta tecnolog\u00eda<\/li>\n<li>Energ\u00eda confiable: bater\u00edas de litio para dispositivos dom\u00e9sticos inteligentes, sistemas de vigilancia para exteriores, c\u00e1maras digitales, relojes, linternas y m\u00e1s elementos esenciales del d\u00eda a d\u00eda<\/li>\n<li>Protecci\u00f3n contra fugas: Las bater\u00edas est\u00e1n garantizadas a prueba de fugas, seg\u00fan el uso est\u00e1ndar<\/li>\n<li>Fiables: estas bater\u00edas de litio AAA cuentan con una vida \u00fatil de almacenamiento de hasta 25 a\u00f1os y toleran temperaturas extremas, de -40 \u00b0C a 60 \u00b0C, para uso en interiores y exteriores durante todo el a\u00f1o<\/li>\n<li>Innovaci\u00f3n Energizer: de los creadores de la primera bater\u00eda de litio AA del mundo en 1992<\/li>\n<\/ul>\n","protected":false},"excerpt":{"rendered":"<p>Saque el m\u00e1ximo partido a sus dispositivos de alta tecnolog\u00eda con la potencia confiable de la pila AAA de mayor duraci\u00f3n del mundo en dispositivos de alta tecnolog\u00eda: Energizer Ultimate Lithium AAA. Abast\u00e9zcase de pilas de litio Energizer AAA para luces, dispositivos dom\u00e9sticos inteligentes y sistemas de vigilancia, as\u00ed como pilas para c\u00e1maras. Las pilas Energizer AAA de litio mantienen la energ\u00eda hasta 25 a\u00f1os mientras est\u00e1n almacenadas, para que siempre est\u00e9n listas cuando usted las necesite. Cada pila est\u00e1 garantizada a prueba de fugas, bas\u00e1ndose en un uso est\u00e1ndar. Adem\u00e1s, las pilas Energizer Ultimate Lithium resisten temperaturas extremas (de -40 \u00b0C a 60 \u00b0C) para proporcionarle energ\u00eda cuando m\u00e1s la necesita. La gama Energizer Ultimate Lithium tambi\u00e9n incluye pilas AA y pilas de 9V, por lo que es f\u00e1cil encontrar energ\u00eda confiable en el tama\u00f1o que necesita. Para pilas recargables, busque Energizer Recharge, ideal para aparatos de uso frecuente. Desde la creaci\u00f3n de la primera pila de uso dom\u00e9stico del mundo en 1896, Energizer ha liderado la innovaci\u00f3n en la industria con una orgullosa historia de primicias, incluida la primera pila de litio AA en el mundo. La marca traslada su visi\u00f3n de futuro tambi\u00e9n a las iniciativas medioambientales, desarrollando el primer sistema de pilas recargables en 1958 e introduciendo la primera pila sin mercurio en 1989. Las pilas Energizer Recharge tambi\u00e9n fueron las primeras recargables que en contener pilas recicladas. La empresa colabora con organizaciones que animan, informan y capacitan a los consumidores para reciclar las pilas no recargables, as\u00ed como los envases de las pilas. Conf\u00ede en la potencia de las pilas Energizer.<\/p>\n","protected":false},"featured_media":0,"comment_status":"open","ping_status":"closed","template":"","meta":{"_acf_changed":false},"product_brand":[],"product_cat":[30],"product_tag":[],"class_list":{"0":"post-3365","1":"product","2":"type-product","3":"status-publish","5":"product_cat-energizer-ultimate-lithium","7":"first","8":"instock","9":"shipping-taxable","10":"product-type-simple"},"acf":[],"_links":{"self":[{"href":"https:\/\/energizer.com\/lat\/ecuador\/wp-json\/wp\/v2\/product\/3365","targetHints":{"allow":["GET"]}}],"collection":[{"href":"https:\/\/energizer.com\/lat\/ecuador\/wp-json\/wp\/v2\/product"}],"about":[{"href":"https:\/\/energizer.com\/lat\/ecuador\/wp-json\/wp\/v2\/types\/product"}],"replies":[{"embeddable":true,"href":"https:\/\/energizer.com\/lat\/ecuador\/wp-json\/wp\/v2\/comments?post=3365"}],"version-history":[{"count":23,"href":"https:\/\/energizer.com\/lat\/ecuador\/wp-json\/wp\/v2\/product\/3365\/revisions"}],"predecessor-version":[{"id":10416,"href":"https:\/\/energizer.com\/lat\/ecuador\/wp-json\/wp\/v2\/product\/3365\/revisions\/10416"}],"wp:attachment":[{"href":"https:\/\/energizer.com\/lat\/ecuador\/wp-json\/wp\/v2\/media?parent=3365"}],"wp:term":[{"taxonomy":"product_brand","embeddable":true,"href":"https:\/\/energizer.com\/lat\/ecuador\/wp-json\/wp\/v2\/product_brand?post=3365"},{"taxonomy":"product_cat","embeddable":true,"href":"https:\/\/energizer.com\/lat\/ecuador\/wp-json\/wp\/v2\/product_cat?post=3365"},{"taxonomy":"product_tag","embeddable":true,"href":"https:\/\/energizer.com\/lat\/ecuador\/wp-json\/wp\/v2\/product_tag?post=3365"}],"curies":[{"name":"wp","href":"https:\/\/api.w.org\/{rel}","templated":true}]}}