{"id":3428,"date":"2024-05-13T07:51:51","date_gmt":"2024-05-13T07:51:51","guid":{"rendered":"http:\/\/64.91.246.76\/~energizer\/?post_type=product&#038;p=3428"},"modified":"2024-11-04T14:37:06","modified_gmt":"2024-11-04T14:37:06","slug":"energizer-ultimate-lithium-aa","status":"publish","type":"product","link":"https:\/\/energizer.com\/lat\/ecuador\/product\/energizer-ultimate-lithium-aa\/","title":{"rendered":"ENERGIZER\u00ae ULTIMATE LITHIUM &#8211; AA"},"content":{"rendered":"<ul>\n<li>Paquete de 4 pilas AA de litio Energizer Ultimate<\/li>\n<li>Las m\u00e1s duraderas del mundo: nada dura m\u00e1s que las bater\u00edas AA de litio Energizer<\/li>\n<li>Energ\u00eda confiable: bater\u00edas de litio doble A para dispositivos dom\u00e9sticos inteligentes, relojes, controles remotos, linternas, c\u00e1maras digitales y m\u00e1s elementos esenciales del d\u00eda a d\u00eda<\/li>\n<li>Protecci\u00f3n contra fugas: Las bater\u00edas est\u00e1n garantizadas a prueba de fugas, seg\u00fan el uso est\u00e1ndar<\/li>\n<li>Fiable: cada bater\u00eda de litio doble A tiene una vida \u00fatil de almacenamiento de hasta 25 a\u00f1os y tolera temperaturas extremas, de -40 \u00b0C a 60 \u00b0C, para uso en interiores y exteriores durante todo el a\u00f1o<\/li>\n<li>Innovaci\u00f3n Energizer: de los creadores de la primera bater\u00eda de litio AA del mundo en 1992<\/li>\n<\/ul>\n","protected":false},"excerpt":{"rendered":"<p>Saque el m\u00e1ximo partido a sus dispositivos de alta tecnolog\u00eda con la potencia confiable de la pila AA m\u00e1s duradera del mundo: Energizer Ultimate Lithium AA. Abast\u00e9zcase de pilas AA de litio para luces, dispositivos dom\u00e9sticos inteligentes y sistemas de vigilancia, as\u00ed como pilas para c\u00e1maras, relojes y controles remotos. Este paquete de pilas AA tambi\u00e9n es una gran elecci\u00f3n si necesita pilas de larga duraci\u00f3n para timbres. Las pilas Energizer Ultimate Lithium AA mantienen la energ\u00eda hasta 25 a\u00f1os mientras est\u00e1n almacenadas, para que est\u00e9n listas cuando usted las necesite. Cada pila est\u00e1 garantizada a prueba de fugas, bas\u00e1ndose en un uso est\u00e1ndar. Adem\u00e1s, estas pilas Energizer AA resisten temperaturas extremas (de -40 \u00b0C a 60 \u00b0C) para proporcionarle energ\u00eda cuando m\u00e1s la necesita. La gama Energizer Ultimate Lithium tambi\u00e9n incluye pilas AAA y pilas de 9V, por lo que es f\u00e1cil encontrar energ\u00eda confiable en el tama\u00f1o que necesita. Para pilas recargables, busque Energizer Recharge, ideal para aparatos de uso frecuente. Energizer entiende lo importante que es cuidar nuestro planeta y sus espacios verdes. Por eso estas pilas se venden en envases 100% reciclables y sin pl\u00e1stico* que apoyan la gesti\u00f3n forestal responsable. Tenga en cuenta que el paquete de pilas Energizer que reciba puede variar del que se muestra, dependiendo del inventario de la tienda. Gracias por su paciencia durante la transici\u00f3n al embalaje reciclable. *Excluidos los precintos de algunos embalajes<\/p>\n","protected":false},"featured_media":0,"comment_status":"open","ping_status":"closed","template":"","meta":{"_acf_changed":false},"product_brand":[],"product_cat":[30],"product_tag":[],"class_list":{"0":"post-3428","1":"product","2":"type-product","3":"status-publish","5":"product_cat-energizer-ultimate-lithium","7":"first","8":"instock","9":"shipping-taxable","10":"product-type-simple"},"acf":[],"_links":{"self":[{"href":"https:\/\/energizer.com\/lat\/ecuador\/wp-json\/wp\/v2\/product\/3428","targetHints":{"allow":["GET"]}}],"collection":[{"href":"https:\/\/energizer.com\/lat\/ecuador\/wp-json\/wp\/v2\/product"}],"about":[{"href":"https:\/\/energizer.com\/lat\/ecuador\/wp-json\/wp\/v2\/types\/product"}],"replies":[{"embeddable":true,"href":"https:\/\/energizer.com\/lat\/ecuador\/wp-json\/wp\/v2\/comments?post=3428"}],"version-history":[{"count":17,"href":"https:\/\/energizer.com\/lat\/ecuador\/wp-json\/wp\/v2\/product\/3428\/revisions"}],"predecessor-version":[{"id":10411,"href":"https:\/\/energizer.com\/lat\/ecuador\/wp-json\/wp\/v2\/product\/3428\/revisions\/10411"}],"wp:attachment":[{"href":"https:\/\/energizer.com\/lat\/ecuador\/wp-json\/wp\/v2\/media?parent=3428"}],"wp:term":[{"taxonomy":"product_brand","embeddable":true,"href":"https:\/\/energizer.com\/lat\/ecuador\/wp-json\/wp\/v2\/product_brand?post=3428"},{"taxonomy":"product_cat","embeddable":true,"href":"https:\/\/energizer.com\/lat\/ecuador\/wp-json\/wp\/v2\/product_cat?post=3428"},{"taxonomy":"product_tag","embeddable":true,"href":"https:\/\/energizer.com\/lat\/ecuador\/wp-json\/wp\/v2\/product_tag?post=3428"}],"curies":[{"name":"wp","href":"https:\/\/api.w.org\/{rel}","templated":true}]}}