{"id":4677,"date":"2024-05-17T08:01:56","date_gmt":"2024-05-17T08:01:56","guid":{"rendered":"https:\/\/c487eefeea.nxcli.io\/ecuador\/?post_type=product&#038;p=4677"},"modified":"2024-08-13T07:22:32","modified_gmt":"2024-08-13T07:22:32","slug":"energizer-electronic-batteries-357-303","status":"publish","type":"product","link":"https:\/\/energizer.com\/lat\/ecuador\/product\/energizer-electronic-batteries-357-303\/","title":{"rendered":"ENERGIZER\u00ae ELECTRONIC BATTERIES \u2013 357\/303"},"content":{"rendered":"<p><strong>Especificaciones T\u00e9cnicas<\/strong><br \/>\nComposici\u00f3n: \u00d3xido de Plata<br \/>\nVoltaje: 1.55 Vcc<br \/>\nEquivalencias: S05, 1131SO, D303\/357, 357, 303, SP357, SP303, V357, V303, GS13, SR44W, 228, GS14, SBA9, SR44SW y WS14.<br \/>\n<strong>Uso Recomendado<\/strong><br \/>\nDispositivos m\u00e9dicos, calculadoras, juguetes y relojes.<\/p>\n","protected":false},"excerpt":{"rendered":"<p>La bater\u00eda tipo bot\u00f3n Energizer\u00ae 357\/303 de \u00f3xido de plata, ofrece energ\u00eda duradera y confiable a sus dispositivos que funcionan con bater\u00edas de bot\u00f3n, desde dispositivos electr\u00f3nicos dom\u00e9sticos como sistemas de entrada sin llave, juguetes, libros electr\u00f3nicos, calculadoras y relojes, hasta monitores de glucosa y frecuencia card\u00edaca.<br \/>\nEstas bater\u00edas sin mercurio pueden mantener la energ\u00eda durante hasta 5 a\u00f1os en almacenamiento.<br \/>\nElija pilas especiales Energizer\u00ae para obtener una potencia duradera con la que puede contar cuando la necesite.<\/p>\n","protected":false},"featured_media":0,"comment_status":"open","ping_status":"closed","template":"","meta":{"_acf_changed":false},"product_brand":[],"product_cat":[58],"product_tag":[],"class_list":{"0":"post-4677","1":"product","2":"type-product","3":"status-publish","5":"product_cat-specialty","7":"first","8":"instock","9":"shipping-taxable","10":"product-type-simple"},"acf":[],"_links":{"self":[{"href":"https:\/\/energizer.com\/lat\/ecuador\/wp-json\/wp\/v2\/product\/4677","targetHints":{"allow":["GET"]}}],"collection":[{"href":"https:\/\/energizer.com\/lat\/ecuador\/wp-json\/wp\/v2\/product"}],"about":[{"href":"https:\/\/energizer.com\/lat\/ecuador\/wp-json\/wp\/v2\/types\/product"}],"replies":[{"embeddable":true,"href":"https:\/\/energizer.com\/lat\/ecuador\/wp-json\/wp\/v2\/comments?post=4677"}],"version-history":[{"count":14,"href":"https:\/\/energizer.com\/lat\/ecuador\/wp-json\/wp\/v2\/product\/4677\/revisions"}],"predecessor-version":[{"id":9883,"href":"https:\/\/energizer.com\/lat\/ecuador\/wp-json\/wp\/v2\/product\/4677\/revisions\/9883"}],"wp:attachment":[{"href":"https:\/\/energizer.com\/lat\/ecuador\/wp-json\/wp\/v2\/media?parent=4677"}],"wp:term":[{"taxonomy":"product_brand","embeddable":true,"href":"https:\/\/energizer.com\/lat\/ecuador\/wp-json\/wp\/v2\/product_brand?post=4677"},{"taxonomy":"product_cat","embeddable":true,"href":"https:\/\/energizer.com\/lat\/ecuador\/wp-json\/wp\/v2\/product_cat?post=4677"},{"taxonomy":"product_tag","embeddable":true,"href":"https:\/\/energizer.com\/lat\/ecuador\/wp-json\/wp\/v2\/product_tag?post=4677"}],"curies":[{"name":"wp","href":"https:\/\/api.w.org\/{rel}","templated":true}]}}