{"id":9728,"date":"2024-08-06T05:24:24","date_gmt":"2024-08-06T05:24:24","guid":{"rendered":"https:\/\/c487eefeea.nxcli.io\/ecuador\/?post_type=product&#038;p=9728"},"modified":"2024-09-30T05:27:22","modified_gmt":"2024-09-30T05:27:22","slug":"energizer-linterna-manos-libres-3-led-universal","status":"publish","type":"product","link":"https:\/\/energizer.com\/lat\/ecuador\/product\/energizer-linterna-manos-libres-3-led-universal\/","title":{"rendered":"Energizer Linterna Manos Libres 3 LED \u2013 Universal"},"content":{"rendered":"<h3>Atributos<\/h3>\n<ul>\n<li>Incluye 3 pilas AAA Energizer Max\u00ae<\/li>\n<li>Vea hasta 20 metros por delante con hasta 60 l\u00famenes de luz LED brillante<\/li>\n<li>Cabeza M\u00f3vil<\/li>\n<li>Resistente al agua<\/li>\n<li>Banda antideslizante ajustable<\/li>\n<li>Lente inastillable<\/li>\n<li>Luz nocturna<\/li>\n<\/ul>\n","protected":false},"excerpt":{"rendered":"<p>Enfr\u00e9ntese a cualquier situaci\u00f3n con la cabeza en alto y las manos libres con la linterna Energizer\u00ae Universal\u2122. Sus viajes de campamento o senderismo y proyectos de \u201ch\u00e1galo usted mismo\u201d en casa ser\u00e1n m\u00e1s seguros y brillantes con 60 l\u00famenes de luz LED. Estar\u00e1 c\u00f3modo y con las manos libres con esta linterna compacta y liviana. Vea hasta 20 metros m\u00e1s adelante con un haz que puede alternar entre visi\u00f3n nocturna (luz roja) y modo alto para actividades al aire libre, apagones causados por cortes de energ\u00eda y otras actividades dom\u00e9sticas que nunca vio venir. \u00a1As\u00ed que abr\u00f3chese su linterna de cabeza y vea lo que le espera!<\/p>\n","protected":false},"featured_media":0,"comment_status":"open","ping_status":"closed","template":"","meta":{"_acf_changed":false},"product_brand":[],"product_cat":[43],"product_tag":[],"class_list":{"0":"post-9728","1":"product","2":"type-product","3":"status-publish","5":"product_cat-hands-free","7":"first","8":"instock","9":"shipping-taxable","10":"product-type-simple"},"acf":[],"_links":{"self":[{"href":"https:\/\/energizer.com\/lat\/ecuador\/wp-json\/wp\/v2\/product\/9728","targetHints":{"allow":["GET"]}}],"collection":[{"href":"https:\/\/energizer.com\/lat\/ecuador\/wp-json\/wp\/v2\/product"}],"about":[{"href":"https:\/\/energizer.com\/lat\/ecuador\/wp-json\/wp\/v2\/types\/product"}],"replies":[{"embeddable":true,"href":"https:\/\/energizer.com\/lat\/ecuador\/wp-json\/wp\/v2\/comments?post=9728"}],"version-history":[{"count":2,"href":"https:\/\/energizer.com\/lat\/ecuador\/wp-json\/wp\/v2\/product\/9728\/revisions"}],"predecessor-version":[{"id":10271,"href":"https:\/\/energizer.com\/lat\/ecuador\/wp-json\/wp\/v2\/product\/9728\/revisions\/10271"}],"wp:attachment":[{"href":"https:\/\/energizer.com\/lat\/ecuador\/wp-json\/wp\/v2\/media?parent=9728"}],"wp:term":[{"taxonomy":"product_brand","embeddable":true,"href":"https:\/\/energizer.com\/lat\/ecuador\/wp-json\/wp\/v2\/product_brand?post=9728"},{"taxonomy":"product_cat","embeddable":true,"href":"https:\/\/energizer.com\/lat\/ecuador\/wp-json\/wp\/v2\/product_cat?post=9728"},{"taxonomy":"product_tag","embeddable":true,"href":"https:\/\/energizer.com\/lat\/ecuador\/wp-json\/wp\/v2\/product_tag?post=9728"}],"curies":[{"name":"wp","href":"https:\/\/api.w.org\/{rel}","templated":true}]}}