{"id":10218,"date":"2024-09-09T08:18:44","date_gmt":"2024-09-09T08:18:44","guid":{"rendered":"https:\/\/energizer.com\/lat\/mexico\/?post_type=product&#038;p=10218"},"modified":"2024-09-09T08:18:45","modified_gmt":"2024-09-09T08:18:45","slug":"energizer-electronics-batteries-cr2032","status":"publish","type":"product","link":"https:\/\/energizer.com\/lat\/mexico\/product\/energizer-electronics-batteries-cr2032\/","title":{"rendered":"ENERGIZER\u00ae ELECTRONICS BATTERIES \u2013 CR2032"},"content":{"rendered":"<ul>\n<li>Energizer CR2032 Pilas de moneda de litio<\/li>\n<li>De larga duraci\u00f3n: Cada bater\u00eda de litio mantiene su energ\u00eda hasta por 10 a\u00f1os en almacenamiento, por lo que siempre estar\u00e1n listas cuando las necesites<\/li>\n<li>Energ\u00eda confiable: Ofrece un rendimiento duradero y confiable en dispositivos especiales como monitores de frecuencia card\u00edaca, controles remotos y llaveros, sistemas de entrada sin llave, monitores de glucosa y b\u00e1sculas<\/li>\n<li>Seguro: Las bater\u00edas de moneda de litio Energizer est\u00e1n protegidas en un embalaje a prueba de ni\u00f1os<\/li>\n<li>Confiable: Estas bater\u00edas de litio Energizer CR2032 funcionan en temperaturas extremas, soportando -30\u00ba a 60\u00ba C<\/li>\n<li>Innovaci\u00f3n de Energizer: De los fabricantes de las bater\u00edas AA de mayor duraci\u00f3n del mundo, Energizer Ultimate Lithium<\/li>\n<\/ul>\n","protected":false},"excerpt":{"rendered":"<p>Aprovecha al m\u00e1ximo tus dispositivos esenciales con la energ\u00eda confiable y duradera que esperas de Energizer. Abast\u00e9cete de bater\u00edas Energizer CR2032 para relojes y dispositivos port\u00e1tiles, as\u00ed como bater\u00edas para llaveros, controles remotos, sensores de alarma y b\u00e1sculas. Este paquete de bater\u00edas tambi\u00e9n es una excelente opci\u00f3n si necesita una bater\u00eda nueva para la llave del autom\u00f3vil. Cada bater\u00eda de litio CR2032 de Energizer tiene energ\u00eda por hasta 10 a\u00f1os mientras est\u00e1 almacenada y puede soportar temperaturas de -30\u00ba a 60\u00baC \u2014 siempre est\u00e1n listas cuando usted lo est\u00e9. Adem\u00e1s del tama\u00f1o 2032 (o KECR2032), la gama de bater\u00edas Energizer incluye bater\u00edas 2025, 2016 y LR44\/A76, por lo que es f\u00e1cil encontrar energ\u00eda confiable en el tama\u00f1o que necesita.<\/p>\n","protected":false},"featured_media":0,"comment_status":"open","ping_status":"closed","template":"","meta":{"_acf_changed":false},"product_brand":[],"product_cat":[58],"product_tag":[],"class_list":{"0":"post-10218","1":"product","2":"type-product","3":"status-publish","5":"product_cat-specialty","7":"first","8":"instock","9":"shipping-taxable","10":"product-type-simple"},"acf":[],"_links":{"self":[{"href":"https:\/\/energizer.com\/lat\/mexico\/wp-json\/wp\/v2\/product\/10218","targetHints":{"allow":["GET"]}}],"collection":[{"href":"https:\/\/energizer.com\/lat\/mexico\/wp-json\/wp\/v2\/product"}],"about":[{"href":"https:\/\/energizer.com\/lat\/mexico\/wp-json\/wp\/v2\/types\/product"}],"replies":[{"embeddable":true,"href":"https:\/\/energizer.com\/lat\/mexico\/wp-json\/wp\/v2\/comments?post=10218"}],"version-history":[{"count":2,"href":"https:\/\/energizer.com\/lat\/mexico\/wp-json\/wp\/v2\/product\/10218\/revisions"}],"predecessor-version":[{"id":10220,"href":"https:\/\/energizer.com\/lat\/mexico\/wp-json\/wp\/v2\/product\/10218\/revisions\/10220"}],"wp:attachment":[{"href":"https:\/\/energizer.com\/lat\/mexico\/wp-json\/wp\/v2\/media?parent=10218"}],"wp:term":[{"taxonomy":"product_brand","embeddable":true,"href":"https:\/\/energizer.com\/lat\/mexico\/wp-json\/wp\/v2\/product_brand?post=10218"},{"taxonomy":"product_cat","embeddable":true,"href":"https:\/\/energizer.com\/lat\/mexico\/wp-json\/wp\/v2\/product_cat?post=10218"},{"taxonomy":"product_tag","embeddable":true,"href":"https:\/\/energizer.com\/lat\/mexico\/wp-json\/wp\/v2\/product_tag?post=10218"}],"curies":[{"name":"wp","href":"https:\/\/api.w.org\/{rel}","templated":true}]}}