{"id":3360,"date":"2024-05-13T07:45:25","date_gmt":"2024-05-13T07:45:25","guid":{"rendered":"http:\/\/64.91.246.76\/~energizer\/?post_type=product&#038;p=3360"},"modified":"2024-11-04T10:54:41","modified_gmt":"2024-11-04T10:54:41","slug":"energizer-max-aaa","status":"publish","type":"product","link":"https:\/\/energizer.com\/lat\/mexico\/product\/energizer-max-aaa\/","title":{"rendered":"ENERGIZER\u00ae MAX &#8211; AAA"},"content":{"rendered":"<ul>\n<li>Pilas Alcalinas Energizer Max AAA<\/li>\n<li>Mayor Durabilidad: Hasta un 100% m\u00e1s de duraci\u00f3n de las pilas AAA frente a la norma IEC 2015 de duraci\u00f3n media m\u00ednima en juguetes<\/li>\n<li>Energ\u00eda Confiable: Pilas alcalinas Energizer para sus art\u00edculos esenciales m\u00e1s demandados, como relojes, linternas, mouse inal\u00e1mbricos y controles<\/li>\n<li>Protecci\u00f3n Contra Fugas: La fabricaci\u00f3n a prueba de fugas protege sus dispositivos contra las fugas; cubiertas por la Garant\u00eda de No Fugas de Energizer<\/li>\n<li>Incluye Materiales Reciclados: *Acero hasta un 10% reciclado. S\u00f3lo AA\/AAA. Empaques especialmente marcados<\/li>\n<li>Confiable: Cada pila alcalina AAA Energizer tiene una vida \u00fatil de hasta 10 a\u00f1os, por lo que estar\u00e1n listas cuando las necesite<\/li>\n<li>Innovaci\u00f3n Energizer: De los creadores de la pila AA m\u00e1s duradera del mundo, Energizer Ultimate Lithium<\/li>\n<li>Embalajes 100% Reciclables: Los Embalajes Energizer son 100% reciclables, apoyan la gesti\u00f3n forestal responsable y no contienen pl\u00e1stico, excepto los precintos de algunos embalajes<\/li>\n<\/ul>\n","protected":false},"excerpt":{"rendered":"<p><span data-sheets-root=\"1\">Saque el m\u00e1ximo partido a sus dispositivos esenciales con la energ\u00eda fiable y duradera que espera de las pilas Energizer. Abast\u00e9zcase de pilas AAA para c\u00e1maras, as\u00ed como de pilas alcalinas AAA para luces, controles remotos y relojes. Este pack tambi\u00e9n es una gran elecci\u00f3n si necesita pilas para luces LED. Los pilas Energizer Max AAA mantienen la energ\u00eda hasta 10 a\u00f1os mientras est\u00e1n guardadas, y su construcci\u00f3n resistente protege sus dispositivos contra las fugas. Con Energizer, la energ\u00eda estar\u00e1 lista cuando usted la necesite. La gama Energizer Max tambi\u00e9n incluye pilas AA, C, D y 9V, por lo que es f\u00e1cil encontrar energ\u00eda confiable en el tama\u00f1o que necesita.<\/span><\/p>\n","protected":false},"featured_media":0,"comment_status":"open","ping_status":"closed","template":"","meta":{"_acf_changed":false},"product_brand":[],"product_cat":[26],"product_tag":[],"class_list":{"0":"post-3360","1":"product","2":"type-product","3":"status-publish","5":"product_cat-energizer-max","7":"first","8":"instock","9":"shipping-taxable","10":"product-type-simple"},"acf":[],"_links":{"self":[{"href":"https:\/\/energizer.com\/lat\/mexico\/wp-json\/wp\/v2\/product\/3360","targetHints":{"allow":["GET"]}}],"collection":[{"href":"https:\/\/energizer.com\/lat\/mexico\/wp-json\/wp\/v2\/product"}],"about":[{"href":"https:\/\/energizer.com\/lat\/mexico\/wp-json\/wp\/v2\/types\/product"}],"replies":[{"embeddable":true,"href":"https:\/\/energizer.com\/lat\/mexico\/wp-json\/wp\/v2\/comments?post=3360"}],"version-history":[{"count":17,"href":"https:\/\/energizer.com\/lat\/mexico\/wp-json\/wp\/v2\/product\/3360\/revisions"}],"predecessor-version":[{"id":10385,"href":"https:\/\/energizer.com\/lat\/mexico\/wp-json\/wp\/v2\/product\/3360\/revisions\/10385"}],"wp:attachment":[{"href":"https:\/\/energizer.com\/lat\/mexico\/wp-json\/wp\/v2\/media?parent=3360"}],"wp:term":[{"taxonomy":"product_brand","embeddable":true,"href":"https:\/\/energizer.com\/lat\/mexico\/wp-json\/wp\/v2\/product_brand?post=3360"},{"taxonomy":"product_cat","embeddable":true,"href":"https:\/\/energizer.com\/lat\/mexico\/wp-json\/wp\/v2\/product_cat?post=3360"},{"taxonomy":"product_tag","embeddable":true,"href":"https:\/\/energizer.com\/lat\/mexico\/wp-json\/wp\/v2\/product_tag?post=3360"}],"curies":[{"name":"wp","href":"https:\/\/api.w.org\/{rel}","templated":true}]}}