{"id":3420,"date":"2024-05-13T07:42:15","date_gmt":"2024-05-13T07:42:15","guid":{"rendered":"http:\/\/64.91.246.76\/~energizer\/?post_type=product&#038;p=3420"},"modified":"2025-01-11T07:21:44","modified_gmt":"2025-01-11T07:21:44","slug":"energizer-max-9v","status":"publish","type":"product","link":"https:\/\/energizer.com\/lat\/mexico\/product\/energizer-max-9v\/","title":{"rendered":"ENERGIZER\u00ae MAX &#8211; 9V"},"content":{"rendered":"<ul>\n<li>Paquete de 1 bater\u00eda Energizer Max de 9 V alcalinas<\/li>\n<li>Larga duraci\u00f3n: energ\u00eda confiable para que sus dispositivos sigan funcionando<\/li>\n<li>Energ\u00eda confiable: bater\u00edas Energizer para los elementos esenciales m\u00e1s solicitados, como detectores de humo, controles remotos, juguetes y timbres<\/li>\n<li>Incluye materiales reciclados<\/li>\n<li>Fiable: cada bater\u00eda alcalina de 9 V tiene una vida \u00fatil de hasta 5 a\u00f1os, por lo que est\u00e1n listas cuando las necesita<\/li>\n<li>Innovaci\u00f3n Energizer: De los fabricantes de las bater\u00edas AA m\u00e1s duraderas del mundo, Energizer Ultimate Lithium<\/li>\n<\/ul>\n","protected":false},"excerpt":{"rendered":"<p>Saque el m\u00e1ximo partido a sus dispositivos esenciales con la energ\u00eda confiable y duradera que espera de las pilas alcalinas Energizer. Abast\u00e9zcase de pilas para detectores de humo y afeitadoras, as\u00ed como de pilas para timbres. Este paquete tambi\u00e9n es una gran elecci\u00f3n si necesita una pila de linterna fiable. Cada pila Energizer 9V mantiene la energ\u00eda hasta 5 a\u00f1os mientras est\u00e1 guardada. Con Energizer, la energ\u00eda estar\u00e1 lista cuando usted la necesite. La gama Energizer Max tambi\u00e9n incluye pilas AA, AAA, C y D, por lo que es f\u00e1cil encontrar energ\u00eda confiable en el tama\u00f1o que necesita.<\/p>\n","protected":false},"featured_media":0,"comment_status":"open","ping_status":"closed","template":"","meta":{"_acf_changed":false},"product_brand":[],"product_cat":[26],"product_tag":[],"class_list":{"0":"post-3420","1":"product","2":"type-product","3":"status-publish","5":"product_cat-energizer-max","7":"first","8":"instock","9":"shipping-taxable","10":"product-type-simple"},"acf":[],"_links":{"self":[{"href":"https:\/\/energizer.com\/lat\/mexico\/wp-json\/wp\/v2\/product\/3420","targetHints":{"allow":["GET"]}}],"collection":[{"href":"https:\/\/energizer.com\/lat\/mexico\/wp-json\/wp\/v2\/product"}],"about":[{"href":"https:\/\/energizer.com\/lat\/mexico\/wp-json\/wp\/v2\/types\/product"}],"replies":[{"embeddable":true,"href":"https:\/\/energizer.com\/lat\/mexico\/wp-json\/wp\/v2\/comments?post=3420"}],"version-history":[{"count":18,"href":"https:\/\/energizer.com\/lat\/mexico\/wp-json\/wp\/v2\/product\/3420\/revisions"}],"predecessor-version":[{"id":10445,"href":"https:\/\/energizer.com\/lat\/mexico\/wp-json\/wp\/v2\/product\/3420\/revisions\/10445"}],"wp:attachment":[{"href":"https:\/\/energizer.com\/lat\/mexico\/wp-json\/wp\/v2\/media?parent=3420"}],"wp:term":[{"taxonomy":"product_brand","embeddable":true,"href":"https:\/\/energizer.com\/lat\/mexico\/wp-json\/wp\/v2\/product_brand?post=3420"},{"taxonomy":"product_cat","embeddable":true,"href":"https:\/\/energizer.com\/lat\/mexico\/wp-json\/wp\/v2\/product_cat?post=3420"},{"taxonomy":"product_tag","embeddable":true,"href":"https:\/\/energizer.com\/lat\/mexico\/wp-json\/wp\/v2\/product_tag?post=3420"}],"curies":[{"name":"wp","href":"https:\/\/api.w.org\/{rel}","templated":true}]}}